{"id":88232,"date":"2015-04-21T11:27:23","date_gmt":"2015-04-21T09:27:23","guid":{"rendered":"https:\/\/www.seaflowerstore.com\/nl\/af-build-50-ml\/"},"modified":"2025-10-12T14:59:20","modified_gmt":"2025-10-12T12:59:20","slug":"af-build-50-ml","status":"publish","type":"product","link":"https:\/\/www.seaflowerstore.com\/de\/af-build-50-ml\/","title":{"rendered":"AF Build 50 ml"},"content":{"rendered":"<h2>Aquaforest Build 50 ml Speeds up the adsorption of calcium and carbon required for building up coral skeleton<\/h2>\n<p><strong>AF Build<\/strong> wurde entwickelt, um die Aufnahme von Kalzium und Kohlenstoff zu verbessern, die f\u00fcr das Wachstum von Steinkorallen unerl\u00e4sslich sind. Indem es Korallen mit allen notwendigen Komponenten versorgt, f\u00f6rdert und beschleunigt es die Verkalkung und wirkt sich positiv auf ihre Wachstumsrate aus. Dar\u00fcber hinaus hilft AF Build, den pH-Wert in Riffaquarien aufrechtzuerhalten, was f\u00fcr die Gesundheit der Korallen von entscheidender Bedeutung ist.<\/p>\n<p>Die Aufrechterhaltung eines stabilen pH-Werts ist wichtig, da langfristige Schwankungen zu einer langsameren Verkalkung f\u00fchren, das Wachstum von Kalkalgen behindern und in extremen F\u00e4llen den Verkalkungsprozess vollst\u00e4ndig stoppen k\u00f6nnen. Die regelm\u00e4\u00dfige Verwendung von AF Build hilft, unerw\u00fcnschte pH-Wert-\u00c4nderungen zu verhindern, und indem es die Parameter des Aquariums ausgleicht, verbessert es die Wasserklarheit und unterst\u00fctzt gleichzeitig das Korallenwachstum.<\/p>\n<p>Dank seiner einzigartigen Eigenschaften minimiert AF Build auch das Vorkommen von Algen niederer Ordnung und schr\u00e4nkt das Wachstum sch\u00e4dlicher Cyanobakterien ein. Es ist wichtig zu beachten, dass sich zersetzende Nahrung zu einem pH-Abfall beitragen kann. Daher empfehlen wir die Verwendung von AF Build w\u00e4hrend Perioden intensiver Korallenf\u00fctterung, insbesondere bei Verwendung des hochn\u00e4hrstoffreichen AF Energy-Erg\u00e4nzungsmittels.<\/p>\n<p>AF Build enth\u00e4lt: Jodide, Calciumcarbonat.<\/p>\n<h3>Dosierung<\/h3>\n<ul>\n<li>1 Tropfen pro 100 l (27 US-Gallonen) Wasser jeden zweiten Tag nach dem Lichtausschalten.<\/li>\n<li>Nicht verd\u00fcnnen.<\/li>\n<li>Nicht mit anderen Produkten in einem Beh\u00e4lter mischen.<\/li>\n<li>Dieses Produkt kann mit einer Dosierpumpe verabreicht werden, solange es in Tropfen abgegeben wird.<\/li>\n<li>Nach dem \u00d6ffnen im K\u00fchlschrank aufbewahren, wenn die Temperatur 24 \u00b0C (75 \u00b0F) \u00fcbersteigt.<\/li>\n<\/ul>\n","protected":false},"excerpt":{"rendered":"<p>Aquaforest Build 50 ml Speeds up the adsorption of calcium and carbon required for building up coral skeleton<\/p>\n","protected":false},"featured_media":83362,"template":"","meta":[],"pwb-brand":[2199],"product_cat":[1414,1391],"product_tag":[],"class_list":{"0":"post-88232","1":"product","2":"type-product","3":"status-publish","4":"has-post-thumbnail","6":"pwb-brand-aquaforest","7":"product_cat-aquaforest-de","8":"product_cat-ergaenzungen","10":"first","11":"instock","12":"taxable","13":"shipping-taxable","14":"purchasable","15":"product-type-simple"},"acf":[],"brands":[{"id":2199,"name":"Aquaforest","slug":"aquaforest"}],"_links":{"self":[{"href":"https:\/\/www.seaflowerstore.com\/de\/wp-json\/wp\/v2\/product\/88232","targetHints":{"allow":["GET"]}}],"collection":[{"href":"https:\/\/www.seaflowerstore.com\/de\/wp-json\/wp\/v2\/product"}],"about":[{"href":"https:\/\/www.seaflowerstore.com\/de\/wp-json\/wp\/v2\/types\/product"}],"wp:featuredmedia":[{"embeddable":true,"href":"https:\/\/www.seaflowerstore.com\/de\/wp-json\/wp\/v2\/media\/83362"}],"wp:attachment":[{"href":"https:\/\/www.seaflowerstore.com\/de\/wp-json\/wp\/v2\/media?parent=88232"}],"wp:term":[{"taxonomy":"pwb-brand","embeddable":true,"href":"https:\/\/www.seaflowerstore.com\/de\/wp-json\/wp\/v2\/pwb-brand?post=88232"},{"taxonomy":"product_cat","embeddable":true,"href":"https:\/\/www.seaflowerstore.com\/de\/wp-json\/wp\/v2\/product_cat?post=88232"},{"taxonomy":"product_tag","embeddable":true,"href":"https:\/\/www.seaflowerstore.com\/de\/wp-json\/wp\/v2\/product_tag?post=88232"}],"curies":[{"name":"wp","href":"https:\/\/api.w.org\/{rel}","templated":true}]}}