{"id":88235,"date":"2015-04-11T12:29:06","date_gmt":"2015-04-11T10:29:06","guid":{"rendered":"https:\/\/www.seaflowerstore.com\/nl\/aquaforest-component-c-2000-ml\/"},"modified":"2024-03-20T16:25:39","modified_gmt":"2024-03-20T15:25:39","slug":"aquaforest-component-c-2000-ml","status":"publish","type":"product","link":"https:\/\/www.seaflowerstore.com\/de\/aquaforest-component-c-2000-ml\/","title":{"rendered":"Aquaforest Component C 2000 ml"},"content":{"rendered":"<h2>Aquaforest Component C 2000 ml for complementing minor deficiencies of iodine and fluorine in a marine aquarium<\/h2>\n<p><strong>Komponente C<\/strong> wurde speziell entwickelt, um kleinere Jod- und Fluorm\u00e4ngel in Ihrem Meerwasseraquarium zu beheben. In geschlossenen Aquariensystemen entfernen Absch\u00e4umer und Filtermedien h\u00e4ufig Spurenelemente aus dem Wasser, sodass die Erg\u00e4nzung von Mikron\u00e4hrstoffen unerl\u00e4sslich ist.<\/p>\n<p>In Meerwasseraquarien spielt Jod eine entscheidende Rolle f\u00fcr die allgemeine Funktion der Zellen und den N\u00e4hrstofftransfer. Fluor tr\u00e4gt zum Verkalkungsprozess bei und unterst\u00fctzt die Entwicklung von Skelettgewebe.<\/p>\n<p>Die Verwendung von Komponente C tr\u00e4gt dazu bei, den Jod- und Fluorgehalt in Ihrem Aquarienwasser auf einem Niveau zu halten, das dem in nat\u00fcrlichem Meerwasser \u00e4hnelt. Dank der perfekten Balance dieser Elemente verst\u00e4rkt Komponente C die F\u00e4rbung von Steinkorallen, indem sie die Intensit\u00e4t blauer und violetter Farbt\u00f6ne deutlich erh\u00f6ht und gleichzeitig die wei\u00dfe F\u00e4rbung von SPS-Korallen hervorhebt.<\/p>\n<p>Die sichere Konzentration dieses Produkts verringert das Risiko einer \u00dcberdosierung von Mikron\u00e4hrstoffen, sodass Komponente C auch f\u00fcr Aquarianer-Anf\u00e4nger geeignet ist.<\/p>\n<h3>Dosierung:<\/h3>\n<ul>\n<li>In gemischten Riffaquarien: 5 ml pro 100 Liter Wasser, einmal pro Woche.<\/li>\n<li>Sie k\u00f6nnen Ihre Dosierung entsprechend dem Kalziumverbrauch anpassen: 1 ml pro 20 ppm pro 100 Liter Wasser.<\/li>\n<li>Wenn Sie die Balling-Methode verwenden: 20 ml pro 1 Liter KH-Pufferl\u00f6sung.<\/li>\n<li>Wenn Sie die Komponenten A, B und C verwenden, halten Sie bitte zwischen den einzelnen Dosen einen Abstand von 5 Minuten ein.<\/li>\n<\/ul>\n","protected":false},"excerpt":{"rendered":"<p>Aquaforest Component C 2000 ml for complementing minor deficiencies of iodine and fluorine in a marine aquarium<\/p>\n","protected":false},"featured_media":83361,"template":"","meta":[],"pwb-brand":[2199],"product_cat":[1414,1391],"product_tag":[],"class_list":{"0":"post-88235","1":"product","2":"type-product","3":"status-publish","4":"has-post-thumbnail","6":"pwb-brand-aquaforest","7":"product_cat-aquaforest-de","8":"product_cat-ergaenzungen","10":"first","11":"instock","12":"sale","13":"taxable","14":"shipping-taxable","15":"purchasable","16":"product-type-simple"},"acf":[],"brands":[{"id":2199,"name":"Aquaforest","slug":"aquaforest"}],"_links":{"self":[{"href":"https:\/\/www.seaflowerstore.com\/de\/wp-json\/wp\/v2\/product\/88235","targetHints":{"allow":["GET"]}}],"collection":[{"href":"https:\/\/www.seaflowerstore.com\/de\/wp-json\/wp\/v2\/product"}],"about":[{"href":"https:\/\/www.seaflowerstore.com\/de\/wp-json\/wp\/v2\/types\/product"}],"wp:featuredmedia":[{"embeddable":true,"href":"https:\/\/www.seaflowerstore.com\/de\/wp-json\/wp\/v2\/media\/83361"}],"wp:attachment":[{"href":"https:\/\/www.seaflowerstore.com\/de\/wp-json\/wp\/v2\/media?parent=88235"}],"wp:term":[{"taxonomy":"pwb-brand","embeddable":true,"href":"https:\/\/www.seaflowerstore.com\/de\/wp-json\/wp\/v2\/pwb-brand?post=88235"},{"taxonomy":"product_cat","embeddable":true,"href":"https:\/\/www.seaflowerstore.com\/de\/wp-json\/wp\/v2\/product_cat?post=88235"},{"taxonomy":"product_tag","embeddable":true,"href":"https:\/\/www.seaflowerstore.com\/de\/wp-json\/wp\/v2\/product_tag?post=88235"}],"curies":[{"name":"wp","href":"https:\/\/api.w.org\/{rel}","templated":true}]}}