{"id":88240,"date":"2015-03-25T18:50:05","date_gmt":"2015-03-25T17:50:05","guid":{"rendered":"https:\/\/www.seaflowerstore.com\/nl\/am-multi-reactor-m-gen-2\/"},"modified":"2025-08-31T20:49:36","modified_gmt":"2025-08-31T18:49:36","slug":"am-multi-reactor-m-gen-2","status":"publish","type":"product","link":"https:\/\/www.seaflowerstore.com\/de\/am-multi-reactor-m-gen-2\/","title":{"rendered":"AM Multi Reactor M GEN 2"},"content":{"rendered":"<h2>AquaMedic Multi Reactor M GEN 2 fluid bed \/ media filter<\/h2>\n<p>Wir stellen die Aqua Medic-Flie\u00dfbettfilter vor, die f\u00fcr Vielseitigkeit und Komfort konzipiert wurden. Aufgrund ihrer kompakten Gr\u00f6\u00dfe passen diese Filter perfekt in kleine Setups, wie Nano-Aquarien mit Filterkammern. Sie k\u00f6nnen jedoch auch direkt im Aquarium oder in einem Sumpf platziert werden, um mehr Flexibilit\u00e4t zu bieten.<\/p>\n<p>Die Reaktoren sind benutzerfreundlich und erm\u00f6glichen einen einfachen Zugang zum Wechseln des Filtermediums. Sie k\u00f6nnen verschiedene Filtermaterialien verwenden, darunter Aktivkohlefilter, Zeolith, RowaPhos, Antiphos und Biopellets. Bitte beachten Sie, dass das passende Filtermaterial separat bestellt werden muss, da der Filter inklusive Pumpe und Anschlussst\u00fccken geliefert wird.<\/p>\n<p><strong>Wichtige Eigenschaften:<\/strong><\/p>\n<ul>\n<li>Regulierbarer Wasserdurchfluss<\/li>\n<li>Aus hochwertigem Acryl gefertigt<\/li>\n<li>Leicht zu reinigen<\/li>\n<li>Kompatibel mit verschiedenen Filtermedien, wie z.B. Aktivkohle oder Biopellets (nicht im Lieferumfang enthalten)<\/li>\n<li>Inklusive Pumpe<\/li>\n<\/ul>\n<table border=\"1\" cellspacing=\"0\" cellpadding=\"0\">\n<tbody>\n<tr>\n<td><strong>Multi-Reaktor<\/strong><\/td>\n<td style=\"text-align: center;\"><strong>S<\/strong><\/td>\n<td style=\"text-align: center;\"><span style=\"background-color: #ffff00\"><strong>M<\/strong><\/span><\/td>\n<td style=\"text-align: center;\"><strong>L<\/strong><\/td>\n<\/tr>\n<tr>\n<td><strong>Abmessungen (LxBxH)<\/strong><\/td>\n<td style=\"text-align: center;\"><strong>Ca. 60x50x325 mm<\/strong><\/td>\n<td style=\"text-align: center;\"><strong>Ca. 80x60x390 mm<\/strong><\/td>\n<td style=\"text-align: center;\"><strong>100x100x465 mm<\/strong><\/td>\n<\/tr>\n<tr>\n<td><strong>Filtermaterialkapazit\u00e4t<\/strong><\/td>\n<td style=\"text-align: center;\"><strong>270 ml<\/strong><\/td>\n<td style=\"text-align: center;\"><strong>540 ml<\/strong><\/td>\n<td style=\"text-align: center;\"><strong>1200 ml<\/strong><\/td>\n<\/tr>\n<tr>\n<td><strong>Stromverbrauch<\/strong><\/td>\n<td style=\"text-align: center;\"><strong>12 V, 4 Watt<\/strong><\/td>\n<td style=\"text-align: center;\"><strong>12 V, 8 Watt<\/strong><\/td>\n<td style=\"text-align: center;\"><strong>12 V, 14 Watt<\/strong><\/td>\n<\/tr>\n<tr>\n<td><strong>Pumpenleistung<\/strong><\/td>\n<td style=\"text-align: center;\"><strong>Ca. 200 l\/h<\/strong><\/td>\n<td style=\"text-align: center;\"><strong>350 l\/h<\/strong><\/td>\n<td style=\"text-align: center;\"><strong>450 l\/h<\/strong><\/td>\n<\/tr>\n<tr>\n<td><strong>Aquariengr\u00f6\u00dfe<\/strong><\/td>\n<td style=\"text-align: center;\"><strong>Bis zu 350 l<\/strong><\/td>\n<td style=\"text-align: center;\"><strong>Bis zu 500 l<\/strong><\/td>\n<td style=\"text-align: center;\"><strong>Bis zu 800 l<\/strong><\/td>\n<\/tr>\n<\/tbody>\n<\/table>\n","protected":false},"excerpt":{"rendered":"<p>AquaMedic Multi Reactor M Gen 2 fluid bed \/ media filter can be used universally for various filter materials, active filter carbon can be used but also Zeolite, RowaPhos, antiphos, biopellets etc<\/p>\n","protected":false},"featured_media":83412,"template":"","meta":[],"pwb-brand":[2149],"product_cat":[1389,1421],"product_tag":[],"class_list":{"0":"post-88240","1":"product","2":"type-product","3":"status-publish","4":"has-post-thumbnail","6":"pwb-brand-aqua-medic","7":"product_cat-wervelbedfilter-media-filter-de","8":"product_cat-aqua-medic-de","10":"first","11":"instock","12":"taxable","13":"shipping-taxable","14":"purchasable","15":"product-type-simple"},"acf":[],"brands":[{"id":2149,"name":"Aqua Medic","slug":"aqua-medic"}],"_links":{"self":[{"href":"https:\/\/www.seaflowerstore.com\/de\/wp-json\/wp\/v2\/product\/88240","targetHints":{"allow":["GET"]}}],"collection":[{"href":"https:\/\/www.seaflowerstore.com\/de\/wp-json\/wp\/v2\/product"}],"about":[{"href":"https:\/\/www.seaflowerstore.com\/de\/wp-json\/wp\/v2\/types\/product"}],"wp:featuredmedia":[{"embeddable":true,"href":"https:\/\/www.seaflowerstore.com\/de\/wp-json\/wp\/v2\/media\/83412"}],"wp:attachment":[{"href":"https:\/\/www.seaflowerstore.com\/de\/wp-json\/wp\/v2\/media?parent=88240"}],"wp:term":[{"taxonomy":"pwb-brand","embeddable":true,"href":"https:\/\/www.seaflowerstore.com\/de\/wp-json\/wp\/v2\/pwb-brand?post=88240"},{"taxonomy":"product_cat","embeddable":true,"href":"https:\/\/www.seaflowerstore.com\/de\/wp-json\/wp\/v2\/product_cat?post=88240"},{"taxonomy":"product_tag","embeddable":true,"href":"https:\/\/www.seaflowerstore.com\/de\/wp-json\/wp\/v2\/product_tag?post=88240"}],"curies":[{"name":"wp","href":"https:\/\/api.w.org\/{rel}","templated":true}]}}