{"id":88241,"date":"2015-03-25T18:43:11","date_gmt":"2015-03-25T17:43:11","guid":{"rendered":"https:\/\/www.seaflowerstore.com\/nl\/am-multi-reactor-s-gen-2\/"},"modified":"2024-03-20T16:25:26","modified_gmt":"2024-03-20T15:25:26","slug":"am-multi-reactor-s-gen-2","status":"publish","type":"product","link":"https:\/\/www.seaflowerstore.com\/de\/am-multi-reactor-s-gen-2\/","title":{"rendered":"AM Multi Reactor S GEN 2"},"content":{"rendered":"<h2>AquaMedic Multi Reactor S GEN 2 fluid bed \/ media filter<\/h2>\n<p>Wir pr\u00e4sentieren die Aqua Medic Wirbelbettfilter! Durch ihr kompaktes Design eignen sie sich perfekt f\u00fcr kleine Setups, wie Nano-Aquarien mit Filterkammern. Nat\u00fcrlich k\u00f6nnen Sie diese Reaktoren auch direkt im Aquarium oder in einem Filtersumpf platzieren. Der Zugang zu den Reaktoren ist ein Kinderspiel, was einen einfachen Austausch der Filtermedien erm\u00f6glicht.<\/p>\n<p>Dieser Filter ist unglaublich vielseitig und kann mit verschiedenen Filtermaterialien verwendet werden. Sie k\u00f6nnen Aktivkohlefilter, Zeolith, RowaPhos, Antiphos, Biopellets und mehr verwenden. Denken Sie daran, dass das Filtermedium separat bestellt werden muss, da es nicht im Kauf enthalten ist.<\/p>\n<p><strong>Hauptmerkmale:<\/strong><\/p>\n<ul>\n<li>Einstellbarer Wasserdurchfluss<\/li>\n<li>Aus hochwertigem Acryl<\/li>\n<li>Leicht zu reinigen<\/li>\n<li>Kompatibel mit verschiedenen Filtermedien, wie Aktivkohle oder Biopellets (nicht im Lieferumfang enthalten)<\/li>\n<li>Inklusive Pumpe<\/li>\n<\/ul>\n<table border=\"1\" cellspacing=\"0\" cellpadding=\"0\">\n<tbody>\n<tr>\n<td><strong>Multi-Reaktor<\/strong><\/td>\n<td align=\"center\"><strong>S<\/strong><\/td>\n<td align=\"center\"><strong>M<\/strong><\/td>\n<td align=\"center\"><strong>L<\/strong><\/td>\n<\/tr>\n<tr>\n<td><strong>Abmessungen (LxBxH)<\/strong><\/td>\n<td align=\"center\"><strong>Ca. 60x50x325 mm<\/strong><\/td>\n<td align=\"center\"><strong>Ca. 80x60x390 mm<\/strong><\/td>\n<td align=\"center\"><strong>100x100x465 mm<\/strong><\/td>\n<\/tr>\n<tr>\n<td><strong>Filtermaterialkapazit\u00e4t<\/strong><\/td>\n<td align=\"center\"><strong>270 ml<\/strong><\/td>\n<td align=\"center\"><strong>540 ml<\/strong><\/td>\n<td align=\"center\"><strong>1200 ml<\/strong><\/td>\n<\/tr>\n<tr>\n<td><strong>Stromverbrauch<\/strong><\/td>\n<td align=\"center\"><strong>12 V, 4 Watt<\/strong><\/td>\n<td align=\"center\"><strong>12 V, 8 Watt<\/strong><\/td>\n<td align=\"center\"><strong>12 V, 14 Watt<\/strong><\/td>\n<\/tr>\n<tr>\n<td><strong>Pumpenleistung<\/strong><\/td>\n<td align=\"center\"><strong>Ca. 200 l\/h<\/strong><\/td>\n<td align=\"center\"><strong>350 l\/h<\/strong><\/td>\n<td align=\"center\"><strong>450 l\/h<\/strong><\/td>\n<\/tr>\n<tr>\n<td><strong>Aquariengr\u00f6\u00dfe<\/strong><\/td>\n<td align=\"center\"><strong>Bis 350 l<\/strong><\/td>\n<td align=\"center\"><strong>Bis 500 l<\/strong><\/td>\n<td align=\"center\"><strong>Bis 800 l<\/strong><\/td>\n<\/tr>\n<\/tbody>\n<\/table>\n","protected":false},"excerpt":{"rendered":"<p>AquaMedic Multi Reactor S GEN 2 fluid bed \/ media filter can be used universally for various filter materials, active filter carbon can be used but also Zeolite, RowaPhos, antiphos, biopellets etc<\/p>\n","protected":false},"featured_media":83406,"template":"","meta":[],"pwb-brand":[2149],"product_cat":[1389,1421],"product_tag":[],"class_list":{"0":"post-88241","1":"product","2":"type-product","3":"status-publish","4":"has-post-thumbnail","6":"pwb-brand-aqua-medic","7":"product_cat-wervelbedfilter-media-filter-de","8":"product_cat-aqua-medic-de","10":"first","11":"instock","12":"taxable","13":"shipping-taxable","14":"purchasable","15":"product-type-simple"},"acf":[],"brands":[{"id":2149,"name":"Aqua Medic","slug":"aqua-medic"}],"_links":{"self":[{"href":"https:\/\/www.seaflowerstore.com\/de\/wp-json\/wp\/v2\/product\/88241","targetHints":{"allow":["GET"]}}],"collection":[{"href":"https:\/\/www.seaflowerstore.com\/de\/wp-json\/wp\/v2\/product"}],"about":[{"href":"https:\/\/www.seaflowerstore.com\/de\/wp-json\/wp\/v2\/types\/product"}],"wp:featuredmedia":[{"embeddable":true,"href":"https:\/\/www.seaflowerstore.com\/de\/wp-json\/wp\/v2\/media\/83406"}],"wp:attachment":[{"href":"https:\/\/www.seaflowerstore.com\/de\/wp-json\/wp\/v2\/media?parent=88241"}],"wp:term":[{"taxonomy":"pwb-brand","embeddable":true,"href":"https:\/\/www.seaflowerstore.com\/de\/wp-json\/wp\/v2\/pwb-brand?post=88241"},{"taxonomy":"product_cat","embeddable":true,"href":"https:\/\/www.seaflowerstore.com\/de\/wp-json\/wp\/v2\/product_cat?post=88241"},{"taxonomy":"product_tag","embeddable":true,"href":"https:\/\/www.seaflowerstore.com\/de\/wp-json\/wp\/v2\/product_tag?post=88241"}],"curies":[{"name":"wp","href":"https:\/\/api.w.org\/{rel}","templated":true}]}}