{"id":88242,"date":"2015-03-24T18:41:10","date_gmt":"2015-03-24T17:41:10","guid":{"rendered":"https:\/\/www.seaflowerstore.com\/nl\/multi-reference-solution-fauna-marin-100ml\/"},"modified":"2025-12-05T08:45:42","modified_gmt":"2025-12-05T07:45:42","slug":"multi-reference-solution-fauna-marin-100ml","status":"publish","type":"product","link":"https:\/\/www.seaflowerstore.com\/de\/multi-reference-solution-fauna-marin-100ml\/","title":{"rendered":"Multi Reference solution (Fauna Marin) 100ml"},"content":{"rendered":"<h2>Multi Reference fluid (Fauna Marin) 100ml reference fluid to test new or old test set for accuracy<\/h2>\n<p>Mit dieser Referenzfl\u00fcssigkeit k\u00f6nnen Sie die Genauigkeit Ihrer neuen und alten Tests\u00e4tze \u00fcberpr\u00fcfen. Dies ist eine zuverl\u00e4ssige Methode, um sicherzustellen, dass Ihre Tests auf dem neuesten Stand sind.<\/p>\n<p><strong>Referenzwerte<\/strong><\/p>\n<ul>\n<li>Nitrat (NO3): 10 mg \/ L<\/li>\n<li>Phosphat (PO4): 0,1 mg \/ L<\/li>\n<li>Calcium: 412 mg \/ L<\/li>\n<li>Magnesium: 1284 mg \/ L<\/li>\n<li>Kalium: 399 mg \/ L<\/li>\n<li>Salzgehalt: 35 ppm \/ 53,0 mS (25 \u00b0C)<\/li>\n<li>Karbonath\u00e4rte: 6,7 dKH \/ 2,38 meq \/ L<\/li>\n<li>S102: 2,1 mg \/ L<\/li>\n<li>Si (OH)4: 3,4 mg \/ L<\/li>\n<li>Strontium: 8 mg\/L<\/li>\n<li>Si: 1 mg\/L<\/li>\n<\/ul>\n<p>Diese 100-ml-L\u00f6sung ist stabil und sollte immer steril verwendet werden. Sie ist ein unverzichtbares Hilfsmittel, um die Genauigkeit Ihrer Wassertestger\u00e4te aufrechtzuerhalten.<\/p>\n","protected":false},"excerpt":{"rendered":"<p>Multi Reference fluid (Fauna Marin) 100ml reference fluid to test new or old test set for accuracy<\/p>\n","protected":false},"featured_media":78115,"template":"","meta":[],"pwb-brand":[2177],"product_cat":[1399,1437],"product_tag":[],"class_list":{"0":"post-88242","1":"product","2":"type-product","3":"status-publish","4":"has-post-thumbnail","6":"pwb-brand-fauna-marin","7":"product_cat-referenz-fluessigkeiten","8":"product_cat-fauna-marin-de","10":"first","11":"outofstock","12":"sale","13":"taxable","14":"shipping-taxable","15":"purchasable","16":"product-type-simple"},"acf":[],"brands":[{"id":2177,"name":"Fauna Marin","slug":"fauna-marin"}],"_links":{"self":[{"href":"https:\/\/www.seaflowerstore.com\/de\/wp-json\/wp\/v2\/product\/88242","targetHints":{"allow":["GET"]}}],"collection":[{"href":"https:\/\/www.seaflowerstore.com\/de\/wp-json\/wp\/v2\/product"}],"about":[{"href":"https:\/\/www.seaflowerstore.com\/de\/wp-json\/wp\/v2\/types\/product"}],"wp:featuredmedia":[{"embeddable":true,"href":"https:\/\/www.seaflowerstore.com\/de\/wp-json\/wp\/v2\/media\/78115"}],"wp:attachment":[{"href":"https:\/\/www.seaflowerstore.com\/de\/wp-json\/wp\/v2\/media?parent=88242"}],"wp:term":[{"taxonomy":"pwb-brand","embeddable":true,"href":"https:\/\/www.seaflowerstore.com\/de\/wp-json\/wp\/v2\/pwb-brand?post=88242"},{"taxonomy":"product_cat","embeddable":true,"href":"https:\/\/www.seaflowerstore.com\/de\/wp-json\/wp\/v2\/product_cat?post=88242"},{"taxonomy":"product_tag","embeddable":true,"href":"https:\/\/www.seaflowerstore.com\/de\/wp-json\/wp\/v2\/product_tag?post=88242"}],"curies":[{"name":"wp","href":"https:\/\/api.w.org\/{rel}","templated":true}]}}