{"id":88246,"date":"2015-03-10T10:32:53","date_gmt":"2015-03-10T10:32:53","guid":{"rendered":"https:\/\/www.seaflowerstore.com\/nl\/aquaforest-component-a-2000-ml\/"},"modified":"2024-03-20T16:25:07","modified_gmt":"2024-03-20T15:25:07","slug":"aquaforest-component-a-2000-ml","status":"publish","type":"product","link":"https:\/\/www.seaflowerstore.com\/de\/aquaforest-component-a-2000-ml\/","title":{"rendered":"Aquaforest Component A 2000 ml"},"content":{"rendered":"<h2>Aquaforest Component A 2000 ml for supplementing strontium and barium in marine aquarium<\/h2>\n<p style=\"font-size: 13px;line-height: 20.7999992370605px\">Komponente A wurde speziell entwickelt, um kleinere Strontium- und Bariumm\u00e4ngel in Meerwasseraquarien auszugleichen. Diese einzigartige Formel ist so konzipiert, dass sie das nat\u00fcrliche Verh\u00e4ltnis von Strontium und Barium im Meerwasser widerspiegelt. Da Absch\u00e4umer und Filtermedien h\u00e4ufig wichtige Spurenelemente aus dem geschlossenen Aquariensystem entfernen, ist es notwendig, diese lebenswichtigen Mikron\u00e4hrstoffe zu erg\u00e4nzen.<\/p>\n<p>Mit seiner perfekten Balance der Elemente tr\u00e4gt Komponente A dazu bei, Bedingungen zu schaffen, die dem nat\u00fcrlichen Meerwasser sehr nahe kommen. Strontium spielt eine entscheidende Rolle bei der Bildung des Korallenskelettgewebes und verbessert die Kalziumaufnahme, wodurch auch das Wachstum von Weichkorallen gef\u00f6rdert wird. Die sichere Konzentration dieses Pr\u00e4parats verringert das Risiko einer \u00dcberdosierung von Mikron\u00e4hrstoffen, wodurch Komponente A auch f\u00fcr Aquarianer-Anf\u00e4nger geeignet ist.<\/p>\n<h2>Dosierung:<\/h2>\n<ul>\n<li>Verwenden Sie f\u00fcr Aquarien mit gemischtem Riff einmal w\u00f6chentlich 5 ml pro 100 Liter Wasser.<\/li>\n<li>Die Dosierung kann auch je nach Kalziumverbrauch angepasst werden \u2013 verabreichen Sie 1 ml pro 20 ppm pro 100 Liter Wasser.<\/li>\n<li>Wenn Sie die Balling-Methode verwenden, wenden Sie 20 ml pro 1 Liter Kalziuml\u00f6sung an.<\/li>\n<li>Halten Sie bei Verwendung der Komponenten A, B und C zwischen den einzelnen Dosen einen Abstand von 5 Minuten ein.<\/li>\n<li>Mischen oder lagern Sie die Komponenten nicht in einem einzigen Beh\u00e4lter.<\/li>\n<\/ul>\n","protected":false},"excerpt":{"rendered":"<p>Aquaforest Component A 2000 ml for supplementing strontium and barium in marine aquarium<\/p>\n","protected":false},"featured_media":83358,"template":"","meta":[],"pwb-brand":[2199],"product_cat":[1414,1391],"product_tag":[],"class_list":{"0":"post-88246","1":"product","2":"type-product","3":"status-publish","4":"has-post-thumbnail","6":"pwb-brand-aquaforest","7":"product_cat-aquaforest-de","8":"product_cat-ergaenzungen","10":"first","11":"instock","12":"sale","13":"taxable","14":"shipping-taxable","15":"purchasable","16":"product-type-simple"},"acf":[],"brands":[{"id":2199,"name":"Aquaforest","slug":"aquaforest"}],"_links":{"self":[{"href":"https:\/\/www.seaflowerstore.com\/de\/wp-json\/wp\/v2\/product\/88246","targetHints":{"allow":["GET"]}}],"collection":[{"href":"https:\/\/www.seaflowerstore.com\/de\/wp-json\/wp\/v2\/product"}],"about":[{"href":"https:\/\/www.seaflowerstore.com\/de\/wp-json\/wp\/v2\/types\/product"}],"wp:featuredmedia":[{"embeddable":true,"href":"https:\/\/www.seaflowerstore.com\/de\/wp-json\/wp\/v2\/media\/83358"}],"wp:attachment":[{"href":"https:\/\/www.seaflowerstore.com\/de\/wp-json\/wp\/v2\/media?parent=88246"}],"wp:term":[{"taxonomy":"pwb-brand","embeddable":true,"href":"https:\/\/www.seaflowerstore.com\/de\/wp-json\/wp\/v2\/pwb-brand?post=88246"},{"taxonomy":"product_cat","embeddable":true,"href":"https:\/\/www.seaflowerstore.com\/de\/wp-json\/wp\/v2\/product_cat?post=88246"},{"taxonomy":"product_tag","embeddable":true,"href":"https:\/\/www.seaflowerstore.com\/de\/wp-json\/wp\/v2\/product_tag?post=88246"}],"curies":[{"name":"wp","href":"https:\/\/api.w.org\/{rel}","templated":true}]}}