{"id":88248,"date":"2015-03-10T09:41:04","date_gmt":"2015-03-10T09:41:04","guid":{"rendered":"https:\/\/www.seaflowerstore.com\/nl\/aquaforest-component-b-2000-ml\/"},"modified":"2024-03-20T16:25:10","modified_gmt":"2024-03-20T15:25:10","slug":"aquaforest-component-b-2000-ml","status":"publish","type":"product","link":"https:\/\/www.seaflowerstore.com\/de\/aquaforest-component-b-2000-ml\/","title":{"rendered":"Aquaforest Component B 2000 ml"},"content":{"rendered":"<h2>Aquaforest Component B 2000 ml for complementing minor deficiencies of heavy metals in a marine aquarium<\/h2>\n<p>Komponente B wurde speziell entwickelt, um kleinere Schwermetallm\u00e4ngel in Ihrem Meerwasseraquarium zu beheben. Sie enth\u00e4lt wichtige Elemente wie <strong>Kobalt, Kupfer, Chrom, Mangan, Zink, Nickel<\/strong> und <strong>Eisen<\/strong>. In einem geschlossenen Aquariumsystem entfernen Absch\u00e4umer und Filtermedien diese Spurenelemente h\u00e4ufig aus dem Wasser, sodass eine Erg\u00e4nzung von Mikron\u00e4hrstoffen erforderlich ist.<\/p>\n<p>Die einzigartige Formel dieses Produkts stellt sicher, dass Ihr Aquarienwasser mit Schwermetallen angereichert ist, die f\u00fcr eine bl\u00fchende Riffumgebung unerl\u00e4sslich sind. Komponente B basiert auf den nat\u00fcrlichen Elementverh\u00e4ltnissen des Meerwassers, wodurch die Gesundheit und Lebendigkeit Ihrer Korallen erhalten bleibt.<\/p>\n<p>Durch die Erg\u00e4nzung mit wichtigen Elementen k\u00f6nnen Sie erwarten, dass Ihre Korallen eine intensive F\u00e4rbung aufweisen und in fantastischem Zustand bleiben. Die sichere Konzentration dieses Pr\u00e4parats verringert das Risiko einer \u00dcberversorgung mit Mikron\u00e4hrstoffen, sodass Komponente B auch f\u00fcr Aquarianer-Anf\u00e4nger geeignet ist.<\/p>\n<h2>Dosierung:<\/h2>\n<p>F\u00fcr Aquarien mit gemischtem Riff betr\u00e4gt die empfohlene Dosierung <strong>5 ml pro 100 Liter Wasser einmal pro Woche<\/strong>. Sie k\u00f6nnen die Dosis auch je nach Kalziumverbrauch anpassen \u2013 <strong>1 ml pro 20 ppm pro 100 Liter Wasser<\/strong>. Wenn Sie die Balling-Methode verwenden, verwenden Sie <strong>20 ml pro 1 Liter Kalziuml\u00f6sung<\/strong>.<\/p>\n<p>Wenn Sie die Komponenten A, B und C verwenden, achten Sie darauf, zwischen den einzelnen Dosen einen <strong>5-Minuten-Abstand<\/strong> einzuhalten. Achten Sie au\u00dferdem darauf, die Schraube an der Flasche nicht zu fest anzuziehen, da dies zu Sch\u00e4den am Deckel f\u00fchren kann.<\/p>\n","protected":false},"excerpt":{"rendered":"<p>Aquaforest Component B 2000 ml for complementing minor deficiencies of heavy metals in a marine aquarium<\/p>\n","protected":false},"featured_media":83359,"template":"","meta":[],"pwb-brand":[2199],"product_cat":[1414,1391],"product_tag":[],"class_list":{"0":"post-88248","1":"product","2":"type-product","3":"status-publish","4":"has-post-thumbnail","6":"pwb-brand-aquaforest","7":"product_cat-aquaforest-de","8":"product_cat-ergaenzungen","10":"first","11":"instock","12":"sale","13":"taxable","14":"shipping-taxable","15":"purchasable","16":"product-type-simple"},"acf":[],"brands":[{"id":2199,"name":"Aquaforest","slug":"aquaforest"}],"_links":{"self":[{"href":"https:\/\/www.seaflowerstore.com\/de\/wp-json\/wp\/v2\/product\/88248","targetHints":{"allow":["GET"]}}],"collection":[{"href":"https:\/\/www.seaflowerstore.com\/de\/wp-json\/wp\/v2\/product"}],"about":[{"href":"https:\/\/www.seaflowerstore.com\/de\/wp-json\/wp\/v2\/types\/product"}],"wp:featuredmedia":[{"embeddable":true,"href":"https:\/\/www.seaflowerstore.com\/de\/wp-json\/wp\/v2\/media\/83359"}],"wp:attachment":[{"href":"https:\/\/www.seaflowerstore.com\/de\/wp-json\/wp\/v2\/media?parent=88248"}],"wp:term":[{"taxonomy":"pwb-brand","embeddable":true,"href":"https:\/\/www.seaflowerstore.com\/de\/wp-json\/wp\/v2\/pwb-brand?post=88248"},{"taxonomy":"product_cat","embeddable":true,"href":"https:\/\/www.seaflowerstore.com\/de\/wp-json\/wp\/v2\/product_cat?post=88248"},{"taxonomy":"product_tag","embeddable":true,"href":"https:\/\/www.seaflowerstore.com\/de\/wp-json\/wp\/v2\/product_tag?post=88248"}],"curies":[{"name":"wp","href":"https:\/\/api.w.org\/{rel}","templated":true}]}}