{"id":88250,"date":"2015-03-09T07:58:31","date_gmt":"2015-03-09T06:58:31","guid":{"rendered":"https:\/\/www.seaflowerstore.com\/nl\/aquaforest-component-1-2-3-3x5l-15000ml\/"},"modified":"2024-03-20T16:25:03","modified_gmt":"2024-03-20T15:25:03","slug":"aquaforest-component-1-2-3-3x5l-15000ml","status":"publish","type":"product","link":"https:\/\/www.seaflowerstore.com\/de\/aquaforest-component-1-2-3-3x5l-15000ml\/","title":{"rendered":"Aquaforest Component 1+, 2+, 3+  3x5L 15000ml"},"content":{"rendered":"<h2>Aquaforest Component 1+, 2+, 3+ 3x5L 15000ml is based on the H.Balling method<\/h2>\n<p>Die chemische Zusammensetzung der Aquaforest-Komponenten 1+, 2+ und 3+ basiert auf der H.Balling-Methode. Wir haben sie jedoch modifiziert und mit essentiellen Mikron\u00e4hrstoffen angereichert, die f\u00fcr das gesunde Funktionieren Ihres Meerwasseraquariums entscheidend sind. Als Ergebnis haben wir drei Fl\u00fcssigkeiten entwickelt, die regelm\u00e4\u00dfig in gleichen Mengen verteilt werden m\u00fcssen, um den Bedarf der Korallen zu decken. Dabei werden nicht nur Magnesium und Kalzium, sondern auch alle Elemente ber\u00fccksichtigt, die in einer h\u00e4uslichen Umgebung schwer zu messen sind und eine sorgf\u00e4ltige, systematische Freisetzung erfordern.<\/p>\n<p>Durch die Aufrechterhaltung der richtigen Magnesium- und Kalziumwerte sorgen Sie f\u00fcr das richtige Gleichgewicht der Mikron\u00e4hrstoffe in Ihrem Riffaquarium, das idealerweise bei etwa <strong>Ca 400\u2013440 mg\/l<\/strong> und <strong>Mg 1280\u20131350 mg\/l<\/strong> liegen sollte. F\u00fcr ein typisches Aquarium mit Steinkorallen wird eine durchschnittliche Dosis von etwa <strong>50 ml pro Tag und 100 Liter Wasser<\/strong> empfohlen.<\/p>\n<ul>\n<li><strong>Komponente 1+<\/strong> enth\u00e4lt: Ca, Mg, Sr, Ba, Co, Mn, Cu, Fe, Zn, Ni, Cr. (50 ml erh\u00f6hen Calcium und Magnesium um 9 mg und 0,6 mg pro 100 Liter).<\/li>\n<li><strong>Komponente 2+<\/strong> enth\u00e4lt NaHCO3, F, I (50 ml erh\u00f6hen KH um etwa 1,3 dKH \u2013 Alk 0,46 meg\/l pro 100 Liter).<\/li>\n<li><strong>Komponente 3+<\/strong> ist vollgepackt mit Mineralsalzen und K, B.<\/li>\n<\/ul>\n<p>Mit diesen Komponenten k\u00f6nnen Sie sicher sein, optimale Bedingungen f\u00fcr Ihr Wasserleben zu schaffen.<\/p>\n","protected":false},"excerpt":{"rendered":"<p>Aquaforest Component 1+, 2+, 3+ has been modified and enriched with micro nutrients<\/p>\n","protected":false},"featured_media":78096,"template":"","meta":[],"pwb-brand":[2199],"product_cat":[1414,1391],"product_tag":[],"class_list":{"0":"post-88250","1":"product","2":"type-product","3":"status-publish","4":"has-post-thumbnail","6":"pwb-brand-aquaforest","7":"product_cat-aquaforest-de","8":"product_cat-ergaenzungen","10":"first","11":"instock","12":"taxable","13":"shipping-taxable","14":"purchasable","15":"product-type-simple"},"acf":[],"brands":[{"id":2199,"name":"Aquaforest","slug":"aquaforest"}],"_links":{"self":[{"href":"https:\/\/www.seaflowerstore.com\/de\/wp-json\/wp\/v2\/product\/88250","targetHints":{"allow":["GET"]}}],"collection":[{"href":"https:\/\/www.seaflowerstore.com\/de\/wp-json\/wp\/v2\/product"}],"about":[{"href":"https:\/\/www.seaflowerstore.com\/de\/wp-json\/wp\/v2\/types\/product"}],"wp:featuredmedia":[{"embeddable":true,"href":"https:\/\/www.seaflowerstore.com\/de\/wp-json\/wp\/v2\/media\/78096"}],"wp:attachment":[{"href":"https:\/\/www.seaflowerstore.com\/de\/wp-json\/wp\/v2\/media?parent=88250"}],"wp:term":[{"taxonomy":"pwb-brand","embeddable":true,"href":"https:\/\/www.seaflowerstore.com\/de\/wp-json\/wp\/v2\/pwb-brand?post=88250"},{"taxonomy":"product_cat","embeddable":true,"href":"https:\/\/www.seaflowerstore.com\/de\/wp-json\/wp\/v2\/product_cat?post=88250"},{"taxonomy":"product_tag","embeddable":true,"href":"https:\/\/www.seaflowerstore.com\/de\/wp-json\/wp\/v2\/product_tag?post=88250"}],"curies":[{"name":"wp","href":"https:\/\/api.w.org\/{rel}","templated":true}]}}