{"id":88254,"date":"2015-03-08T17:43:59","date_gmt":"2015-03-08T16:43:59","guid":{"rendered":"https:\/\/www.seaflowerstore.com\/nl\/aquaforest-ca-plus-250-ml\/"},"modified":"2024-03-20T16:24:57","modified_gmt":"2024-03-20T15:24:57","slug":"aquaforest-ca-plus-250-ml","status":"publish","type":"product","link":"https:\/\/www.seaflowerstore.com\/de\/aquaforest-ca-plus-250-ml\/","title":{"rendered":"Aquaforest Ca Plus 250 ml"},"content":{"rendered":"<h2>Aquaforest Ca Plus 250 ml raising calcium levels in marine aquariums<\/h2>\n<p><strong>Aquaforest Ca Plus<\/strong> ist eine hochkonzentrierte Formel, die den Kalziumspiegel in Meerwasseraquarien effektiv erh\u00f6hen soll. Dieses Produkt wurde speziell entwickelt, um Kalziummangel und pl\u00f6tzliche Abfall des Kalziumspiegels zu beheben. Dank der leicht assimilierbaren Form von Kalzium erleichtert es eine einfache Erh\u00f6hung des Kalziumspiegels in Ihrem Aquarium.<\/p>\n<p>Kalzium ist f\u00fcr das gesunde Wachstum von Korallen unerl\u00e4sslich. Ein Kalziummangel kann zu erheblichen Wachstumshemmungen oder sogar zu einem vollst\u00e4ndigen Stillstand der Korallenentwicklung f\u00fchren. Ca Plus unterst\u00fctzt nicht nur die Kalzifizierung, sondern f\u00f6rdert auch ein robustes Korallenwachstum.<\/p>\n<p>Es ist wichtig zu beachten, dass die Wirksamkeit der Ca Plus-Erg\u00e4nzung von der Aufrechterhaltung des entsprechenden KH-Spiegels abh\u00e4ngt. Daher ist es ratsam, zus\u00e4tzliche Produkte wie <strong>KH Plus<\/strong> oder <strong>KH Buffer<\/strong> zu verwenden, um die Karbonath\u00e4rte zu erh\u00f6hen.<\/p>\n<h3>Dosierung:<\/h3>\n<ul>\n<li>10 ml Ca Plus erh\u00f6hen den Kalziumspiegel in 100 l Wasser um 15 mg\/l (ppm).<\/li>\n<li>Die maximale Tagesdosis betr\u00e4gt 20 ml Ca Plus pro 100 l Wasser.<\/li>\n<li>Der empfohlene Kalziumspiegel in einem Riffaquarium liegt zwischen 380 und 460 mg\/l (ppm).<\/li>\n<\/ul>\n<p>Bevor Sie versuchen, Ihren Kalzium- und Alkalinit\u00e4tsspiegel zu erh\u00f6hen oder anzupassen, stellen Sie bitte sicher, dass Ihr Magnesiumspiegel im empfohlenen Bereich liegt.<\/p>\n<p><strong>Warnung:<\/strong> Dieses Produkt enth\u00e4lt CaCl2 und kann schwere Augenreizungen verursachen. Bitte au\u00dferhalb der Reichweite von Kindern aufbewahren und geeigneten Augenschutz verwenden. Bei Augenkontakt einige Minuten lang vorsichtig mit Wasser sp\u00fclen. Wenn Kontaktlinsen vorhanden sind und sich leicht entfernen lassen, tun Sie dies bitte. Sp\u00fclen Sie weiter und suchen Sie bei anhaltender Augenreizung \u00e4rztlichen Rat oder Hilfe auf.<\/p>\n","protected":false},"excerpt":{"rendered":"<p>Aquaforest Ca Plus 250 ml raising calcium levels in marine aquariums<\/p>\n","protected":false},"featured_media":84125,"template":"","meta":[],"pwb-brand":[2199],"product_cat":[1391,1414],"product_tag":[],"class_list":{"0":"post-88254","1":"product","2":"type-product","3":"status-publish","4":"has-post-thumbnail","6":"pwb-brand-aquaforest","7":"product_cat-ergaenzungen","8":"product_cat-aquaforest-de","10":"first","11":"instock","12":"taxable","13":"shipping-taxable","14":"purchasable","15":"product-type-simple"},"acf":[],"brands":[{"id":2199,"name":"Aquaforest","slug":"aquaforest"}],"_links":{"self":[{"href":"https:\/\/www.seaflowerstore.com\/de\/wp-json\/wp\/v2\/product\/88254","targetHints":{"allow":["GET"]}}],"collection":[{"href":"https:\/\/www.seaflowerstore.com\/de\/wp-json\/wp\/v2\/product"}],"about":[{"href":"https:\/\/www.seaflowerstore.com\/de\/wp-json\/wp\/v2\/types\/product"}],"wp:featuredmedia":[{"embeddable":true,"href":"https:\/\/www.seaflowerstore.com\/de\/wp-json\/wp\/v2\/media\/84125"}],"wp:attachment":[{"href":"https:\/\/www.seaflowerstore.com\/de\/wp-json\/wp\/v2\/media?parent=88254"}],"wp:term":[{"taxonomy":"pwb-brand","embeddable":true,"href":"https:\/\/www.seaflowerstore.com\/de\/wp-json\/wp\/v2\/pwb-brand?post=88254"},{"taxonomy":"product_cat","embeddable":true,"href":"https:\/\/www.seaflowerstore.com\/de\/wp-json\/wp\/v2\/product_cat?post=88254"},{"taxonomy":"product_tag","embeddable":true,"href":"https:\/\/www.seaflowerstore.com\/de\/wp-json\/wp\/v2\/product_tag?post=88254"}],"curies":[{"name":"wp","href":"https:\/\/api.w.org\/{rel}","templated":true}]}}