{"id":88256,"date":"2015-03-01T19:05:43","date_gmt":"2015-03-01T18:05:43","guid":{"rendered":"https:\/\/www.seaflowerstore.com\/nl\/stonefix-6kg-coral-cement-aquaforest\/"},"modified":"2024-03-20T16:24:56","modified_gmt":"2024-03-20T15:24:56","slug":"stonefix-6kg-coral-cement-aquaforest","status":"publish","type":"product","link":"https:\/\/www.seaflowerstore.com\/de\/stonefix-6kg-coral-cement-aquaforest\/","title":{"rendered":"Stonefix 6kg \/ Coral cement (Aquaforest)"},"content":{"rendered":"<h2>Aquaforest Stonefix 6kg \/ Coral cement for bonding stones and corals<\/h2>\n<p><strong>Unser Aquascape-Spezialist verwendet nichts anderes.<\/strong> Dieser schnell bindende Kleber auf Zementbasis eignet sich perfekt zum Verbinden gro\u00dfer Elemente aus lebendem Stein oder Keramikstein. Das Beste daran? Er enth\u00e4lt keine giftigen Substanzen und ist daher f\u00fcr Fische und Wirbellose v\u00f6llig unbedenklich.<\/p>\n<p><strong>Anwendung:<\/strong> Mischen Sie eine kleine Menge Kleber mit Wasser (ca. 10 ml Wasser pro Essl\u00f6ffel Zementpulver), bis eine homogene, plastische Konsistenz erreicht ist. Nach dem Mischen m\u00fcssen Sie die Elemente sofort miteinander verbinden. Wir empfehlen, den Kleber \u201etrocken\u201c aufzutragen. Wenn Sie unter Wasser kleben m\u00fcssen, stellen Sie sicher, dass alle Umw\u00e4lzpumpen ausgeschaltet sind, tragen Sie den Kleber auf die einzelnen Teile auf und lassen Sie sie etwa 15 Minuten lang aush\u00e4rten. Eine vor\u00fcbergehende Tr\u00fcbung des Wassers ist unbedenklich.<\/p>\n<p>Bei Aquarien mit vielen Tieren empfehlen wir, nicht mehr als 2-3 Elemente pro Tag zu verkleben, da die entstehenden Ablagerungen zu einem leichten Anstieg des pH-Wertes im Aquarium f\u00fchren k\u00f6nnen.<\/p>\n<p><strong>Wichtig:<\/strong> Dieses Produkt ist nur f\u00fcr die Anwendung im Aquarium geeignet. Bitte lagern Sie es trocken, dunkel und au\u00dferhalb der Reichweite von Kindern.<\/p>\n","protected":false},"excerpt":{"rendered":"<p>Aquaforest Stonefix 6kg \/ Coral cement for bonding stones and corals. Our aquascape specialist uses nothing else<\/p>\n","protected":false},"featured_media":78090,"template":"","meta":[],"pwb-brand":[2199],"product_cat":[1405,1414],"product_tag":[],"class_list":{"0":"post-88256","1":"product","2":"type-product","3":"status-publish","4":"has-post-thumbnail","6":"pwb-brand-aquaforest","7":"product_cat-korallenkleber-versiegelungsmittel","8":"product_cat-aquaforest-de","10":"first","11":"instock","12":"taxable","13":"shipping-taxable","14":"purchasable","15":"product-type-simple"},"acf":[],"brands":[{"id":2199,"name":"Aquaforest","slug":"aquaforest"}],"_links":{"self":[{"href":"https:\/\/www.seaflowerstore.com\/de\/wp-json\/wp\/v2\/product\/88256","targetHints":{"allow":["GET"]}}],"collection":[{"href":"https:\/\/www.seaflowerstore.com\/de\/wp-json\/wp\/v2\/product"}],"about":[{"href":"https:\/\/www.seaflowerstore.com\/de\/wp-json\/wp\/v2\/types\/product"}],"wp:featuredmedia":[{"embeddable":true,"href":"https:\/\/www.seaflowerstore.com\/de\/wp-json\/wp\/v2\/media\/78090"}],"wp:attachment":[{"href":"https:\/\/www.seaflowerstore.com\/de\/wp-json\/wp\/v2\/media?parent=88256"}],"wp:term":[{"taxonomy":"pwb-brand","embeddable":true,"href":"https:\/\/www.seaflowerstore.com\/de\/wp-json\/wp\/v2\/pwb-brand?post=88256"},{"taxonomy":"product_cat","embeddable":true,"href":"https:\/\/www.seaflowerstore.com\/de\/wp-json\/wp\/v2\/product_cat?post=88256"},{"taxonomy":"product_tag","embeddable":true,"href":"https:\/\/www.seaflowerstore.com\/de\/wp-json\/wp\/v2\/product_tag?post=88256"}],"curies":[{"name":"wp","href":"https:\/\/api.w.org\/{rel}","templated":true}]}}