{"id":88259,"date":"2015-02-23T15:16:40","date_gmt":"2015-02-23T14:16:40","guid":{"rendered":"https:\/\/www.seaflowerstore.com\/nl\/dastaco-triton-pure-reactor-media-5kg\/"},"modified":"2024-03-20T16:24:53","modified_gmt":"2024-03-20T15:24:53","slug":"dastaco-triton-pure-reactor-media-5kg","status":"publish","type":"product","link":"https:\/\/www.seaflowerstore.com\/de\/dastaco-triton-pure-reactor-media-5kg\/","title":{"rendered":"DaStaCo Triton pure reactor media 5kg"},"content":{"rendered":"<h2>DaStaCo Triton pure reactor media 5 kg lime reactor filling<\/h2>\n<p>Das reinste Medium ist ideal f\u00fcr die Verwendung in den DaStaCo-Kalkreaktoren und eignet sich auch perfekt f\u00fcr jeden Kalkreaktor. Dies ist das beste Reaktormedium, das Sie verwenden k\u00f6nnen.<\/p>\n","protected":false},"excerpt":{"rendered":"<p>PRoCalc Pure is the purest media, ideal for use in lime reactors<\/p>\n","protected":false},"featured_media":78086,"template":"","meta":[],"pwb-brand":[2181],"product_cat":[1391,1557,1493],"product_tag":[],"class_list":{"0":"post-88259","1":"product","2":"type-product","3":"status-publish","4":"has-post-thumbnail","6":"pwb-brand-triton","7":"product_cat-ergaenzungen","8":"product_cat-kalkreaktoren","9":"product_cat-vulling-de","11":"first","12":"outofstock","13":"taxable","14":"shipping-taxable","15":"purchasable","16":"product-type-simple"},"acf":[],"brands":[{"id":2181,"name":"Triton","slug":"triton"}],"_links":{"self":[{"href":"https:\/\/www.seaflowerstore.com\/de\/wp-json\/wp\/v2\/product\/88259","targetHints":{"allow":["GET"]}}],"collection":[{"href":"https:\/\/www.seaflowerstore.com\/de\/wp-json\/wp\/v2\/product"}],"about":[{"href":"https:\/\/www.seaflowerstore.com\/de\/wp-json\/wp\/v2\/types\/product"}],"wp:featuredmedia":[{"embeddable":true,"href":"https:\/\/www.seaflowerstore.com\/de\/wp-json\/wp\/v2\/media\/78086"}],"wp:attachment":[{"href":"https:\/\/www.seaflowerstore.com\/de\/wp-json\/wp\/v2\/media?parent=88259"}],"wp:term":[{"taxonomy":"pwb-brand","embeddable":true,"href":"https:\/\/www.seaflowerstore.com\/de\/wp-json\/wp\/v2\/pwb-brand?post=88259"},{"taxonomy":"product_cat","embeddable":true,"href":"https:\/\/www.seaflowerstore.com\/de\/wp-json\/wp\/v2\/product_cat?post=88259"},{"taxonomy":"product_tag","embeddable":true,"href":"https:\/\/www.seaflowerstore.com\/de\/wp-json\/wp\/v2\/product_tag?post=88259"}],"curies":[{"name":"wp","href":"https:\/\/api.w.org\/{rel}","templated":true}]}}