{"id":88261,"date":"2015-02-23T15:16:03","date_gmt":"2015-02-23T14:16:03","guid":{"rendered":"https:\/\/www.seaflowerstore.com\/nl\/triton-al99-po4-remover-1000ml\/"},"modified":"2024-03-20T16:24:51","modified_gmt":"2024-03-20T15:24:51","slug":"triton-al99-po4-remover-1000ml","status":"publish","type":"product","link":"https:\/\/www.seaflowerstore.com\/de\/triton-al99-po4-remover-1000ml\/","title":{"rendered":"Triton AL99, PO4 remover &#8211; 1000ml"},"content":{"rendered":"<h2>Triton AL99, PO4 remover &#8211; 1000ml<\/h2>\n<p>Triton AL99 PO4 Remover ist ein hochreiner, pelletierter Phosphat-Entferner auf Aluminiumbasis. Aluminium bindet Phosphat und andere Schadstoffe in einem Riffaquarium, wie Silikat, Fluorid und Barium, sehr effektiv.<\/p>\n<p>Es wird empfohlen, einen Standard-Medienreaktor mit AL99 zu verwenden und einen sehr geringen Durchfluss durch den Reaktor sicherzustellen. Diese Konfiguration erm\u00f6glicht eine l\u00e4ngere Kontaktzeit mit dem Medium, das sich mit unerw\u00fcnschten Elementen in Ihrem Riffaquarium verbindet.<\/p>\n<p>Die Aufrechterhaltung eines stabilen Phosphatspiegels in Ihrem Riffaquarium ist entscheidend. Ein Bereich von <strong>0,04 ppm bis 0,08 ppm<\/strong> ist akzeptabel, aber denken Sie daran, Stabilit\u00e4t ist der Schl\u00fcssel!<\/p>\n","protected":false},"excerpt":{"rendered":"<p>Triton AL99 PO4 Remover is a high purity, pelletized aluminum-based phosphate remover.<\/p>\n","protected":false},"featured_media":78082,"template":"","meta":[],"pwb-brand":[2181],"product_cat":[1391,1453,1392],"product_tag":[],"class_list":{"0":"post-88261","1":"product","2":"type-product","3":"status-publish","4":"has-post-thumbnail","6":"pwb-brand-triton","7":"product_cat-ergaenzungen","8":"product_cat-nitrat-und-phosphatentferner","9":"product_cat-triton-de","11":"first","12":"instock","13":"taxable","14":"shipping-taxable","15":"purchasable","16":"product-type-simple"},"acf":[],"brands":[{"id":2181,"name":"Triton","slug":"triton"}],"_links":{"self":[{"href":"https:\/\/www.seaflowerstore.com\/de\/wp-json\/wp\/v2\/product\/88261","targetHints":{"allow":["GET"]}}],"collection":[{"href":"https:\/\/www.seaflowerstore.com\/de\/wp-json\/wp\/v2\/product"}],"about":[{"href":"https:\/\/www.seaflowerstore.com\/de\/wp-json\/wp\/v2\/types\/product"}],"wp:featuredmedia":[{"embeddable":true,"href":"https:\/\/www.seaflowerstore.com\/de\/wp-json\/wp\/v2\/media\/78082"}],"wp:attachment":[{"href":"https:\/\/www.seaflowerstore.com\/de\/wp-json\/wp\/v2\/media?parent=88261"}],"wp:term":[{"taxonomy":"pwb-brand","embeddable":true,"href":"https:\/\/www.seaflowerstore.com\/de\/wp-json\/wp\/v2\/pwb-brand?post=88261"},{"taxonomy":"product_cat","embeddable":true,"href":"https:\/\/www.seaflowerstore.com\/de\/wp-json\/wp\/v2\/product_cat?post=88261"},{"taxonomy":"product_tag","embeddable":true,"href":"https:\/\/www.seaflowerstore.com\/de\/wp-json\/wp\/v2\/product_tag?post=88261"}],"curies":[{"name":"wp","href":"https:\/\/api.w.org\/{rel}","templated":true}]}}