{"id":88263,"date":"2015-02-23T15:15:30","date_gmt":"2015-02-23T14:15:30","guid":{"rendered":"https:\/\/www.seaflowerstore.com\/nl\/triton-di-5000ml\/"},"modified":"2024-03-20T16:24:49","modified_gmt":"2024-03-20T15:24:49","slug":"triton-di-5000ml","status":"publish","type":"product","link":"https:\/\/www.seaflowerstore.com\/de\/triton-di-5000ml\/","title":{"rendered":"Triton DI &#8211; 5000ml"},"content":{"rendered":"<h2>Triton DI &#8211; 5000ml<\/h2>\n<p><strong>Triton DI \u2013 5000 ml<\/strong> ist ein Deionisierungsharz, das zur Herstellung von sehr reinem deionisiertem Wasser entwickelt wurde. Es dient als Ersatzharz f\u00fcr die DI-Kartusche in Ihrem Osmoseger\u00e4t.<\/p>\n<p>Wir empfehlen, das DI-Harz auszutauschen, wenn der TDS-Wert (Total Dissolved Solids) des Osmosewassers 1 PPM \u00fcberschreitet. Um die Qualit\u00e4t Ihrer Umkehrosmosemembran zu \u00fcberpr\u00fcfen, messen Sie einfach den TDS-Wert des sauberen Wasseraussto\u00dfes, der von der Membran zum DI-Harz flie\u00dft.<\/p>\n","protected":false},"excerpt":{"rendered":"<p>Replacement resin for the DI cartridge of your osmosis device<\/p>\n","protected":false},"featured_media":78078,"template":"","meta":[],"pwb-brand":[2181],"product_cat":[1463,1392],"product_tag":[],"class_list":{"0":"post-88263","1":"product","2":"type-product","3":"status-publish","4":"has-post-thumbnail","6":"pwb-brand-triton","7":"product_cat-filter-und-zubehoer","8":"product_cat-triton-de","10":"first","11":"instock","12":"taxable","13":"shipping-taxable","14":"purchasable","15":"product-type-simple"},"acf":[],"brands":[{"id":2181,"name":"Triton","slug":"triton"}],"_links":{"self":[{"href":"https:\/\/www.seaflowerstore.com\/de\/wp-json\/wp\/v2\/product\/88263","targetHints":{"allow":["GET"]}}],"collection":[{"href":"https:\/\/www.seaflowerstore.com\/de\/wp-json\/wp\/v2\/product"}],"about":[{"href":"https:\/\/www.seaflowerstore.com\/de\/wp-json\/wp\/v2\/types\/product"}],"wp:featuredmedia":[{"embeddable":true,"href":"https:\/\/www.seaflowerstore.com\/de\/wp-json\/wp\/v2\/media\/78078"}],"wp:attachment":[{"href":"https:\/\/www.seaflowerstore.com\/de\/wp-json\/wp\/v2\/media?parent=88263"}],"wp:term":[{"taxonomy":"pwb-brand","embeddable":true,"href":"https:\/\/www.seaflowerstore.com\/de\/wp-json\/wp\/v2\/pwb-brand?post=88263"},{"taxonomy":"product_cat","embeddable":true,"href":"https:\/\/www.seaflowerstore.com\/de\/wp-json\/wp\/v2\/product_cat?post=88263"},{"taxonomy":"product_tag","embeddable":true,"href":"https:\/\/www.seaflowerstore.com\/de\/wp-json\/wp\/v2\/product_tag?post=88263"}],"curies":[{"name":"wp","href":"https:\/\/api.w.org\/{rel}","templated":true}]}}