{"id":88264,"date":"2015-02-23T15:14:40","date_gmt":"2015-02-23T14:14:40","guid":{"rendered":"https:\/\/www.seaflowerstore.com\/nl\/triton-di-1000ml\/"},"modified":"2024-03-20T16:24:48","modified_gmt":"2024-03-20T15:24:48","slug":"triton-di-1000ml","status":"publish","type":"product","link":"https:\/\/www.seaflowerstore.com\/de\/triton-di-1000ml\/","title":{"rendered":"Triton DI &#8211; 1000ml"},"content":{"rendered":"<h2>Triton DI &#8211; 1000ml is deionising resin, for creating a very pure deionised water<\/h2>\n<p>Das Triton DI \u2013 1000 ml ist ein hochwertiges Deionisierungsharz, das zur Herstellung von au\u00dfergew\u00f6hnlich reinem deionisiertem Wasser entwickelt wurde. Es dient als Ersatzharz f\u00fcr die DI-Kartusche in Ihrem Umkehrosmoseger\u00e4t.<\/p>\n<p>Es wird empfohlen, das DI-Harz auszutauschen, wenn der Gesamtwert der gel\u00f6sten Feststoffe (TDS) des Osmosewassers 1 PPM \u00fcberschreitet. Um die Wirksamkeit Ihres Umkehrosmosesystems sicherzustellen, sollten Sie den TDS-Wert des sauberen Wasseraussto\u00dfes messen, der von der Membran in das DI-Harz flie\u00dft.<\/p>\n","protected":false},"excerpt":{"rendered":"<p>Triton resin DI 1000ml Replacement resin for the DI cartridge of your osmosis device<\/p>\n","protected":false},"featured_media":78076,"template":"","meta":[],"pwb-brand":[2181],"product_cat":[1463,1391,1392],"product_tag":[],"class_list":{"0":"post-88264","1":"product","2":"type-product","3":"status-publish","4":"has-post-thumbnail","6":"pwb-brand-triton","7":"product_cat-filter-und-zubehoer","8":"product_cat-ergaenzungen","9":"product_cat-triton-de","11":"first","12":"instock","13":"taxable","14":"shipping-taxable","15":"purchasable","16":"product-type-simple"},"acf":[],"brands":[{"id":2181,"name":"Triton","slug":"triton"}],"_links":{"self":[{"href":"https:\/\/www.seaflowerstore.com\/de\/wp-json\/wp\/v2\/product\/88264","targetHints":{"allow":["GET"]}}],"collection":[{"href":"https:\/\/www.seaflowerstore.com\/de\/wp-json\/wp\/v2\/product"}],"about":[{"href":"https:\/\/www.seaflowerstore.com\/de\/wp-json\/wp\/v2\/types\/product"}],"wp:featuredmedia":[{"embeddable":true,"href":"https:\/\/www.seaflowerstore.com\/de\/wp-json\/wp\/v2\/media\/78076"}],"wp:attachment":[{"href":"https:\/\/www.seaflowerstore.com\/de\/wp-json\/wp\/v2\/media?parent=88264"}],"wp:term":[{"taxonomy":"pwb-brand","embeddable":true,"href":"https:\/\/www.seaflowerstore.com\/de\/wp-json\/wp\/v2\/pwb-brand?post=88264"},{"taxonomy":"product_cat","embeddable":true,"href":"https:\/\/www.seaflowerstore.com\/de\/wp-json\/wp\/v2\/product_cat?post=88264"},{"taxonomy":"product_tag","embeddable":true,"href":"https:\/\/www.seaflowerstore.com\/de\/wp-json\/wp\/v2\/product_tag?post=88264"}],"curies":[{"name":"wp","href":"https:\/\/api.w.org\/{rel}","templated":true}]}}