{"id":88265,"date":"2015-02-23T15:14:02","date_gmt":"2015-02-23T14:14:02","guid":{"rendered":"https:\/\/www.seaflowerstore.com\/nl\/triton-carbon-activated-carbon-5000ml\/"},"modified":"2024-03-20T16:24:47","modified_gmt":"2024-03-20T15:24:47","slug":"triton-carbon-activated-carbon-5000ml","status":"publish","type":"product","link":"https:\/\/www.seaflowerstore.com\/de\/triton-carbon-activated-carbon-5000ml\/","title":{"rendered":"Triton Carbon (activated carbon) 5000ml"},"content":{"rendered":"<h2>Triton Carbon (activated carbon) 5000ml for removal of toxins and other unwanted molecules<\/h2>\n<p>TRITON-Behandlungen sind auf die besonderen Herausforderungen ausgelegt, mit denen Aquarianer h\u00e4ufig konfrontiert sind. Im Gegensatz zu vielen anderen erh\u00e4ltlichen Produkten unterliegen TRITON-Behandlungen strengen Qualit\u00e4tskontrollma\u00dfnahmen und sind frei von Verunreinigungen durch unerw\u00fcnschte oder unbekannte Elemente.<\/p>\n","protected":false},"excerpt":{"rendered":"<p>Tritonactivated carbon 5000ml for removal of toxins and other unwanted molecules<\/p>\n","protected":false},"featured_media":78074,"template":"","meta":[],"pwb-brand":[2181],"product_cat":[1394,1391,1392],"product_tag":[],"class_list":{"0":"post-88265","1":"product","2":"type-product","3":"status-publish","4":"has-post-thumbnail","6":"pwb-brand-triton","7":"product_cat-aktivkohle","8":"product_cat-ergaenzungen","9":"product_cat-triton-de","11":"first","12":"instock","13":"taxable","14":"shipping-taxable","15":"purchasable","16":"product-type-simple"},"acf":[],"brands":[{"id":2181,"name":"Triton","slug":"triton"}],"_links":{"self":[{"href":"https:\/\/www.seaflowerstore.com\/de\/wp-json\/wp\/v2\/product\/88265","targetHints":{"allow":["GET"]}}],"collection":[{"href":"https:\/\/www.seaflowerstore.com\/de\/wp-json\/wp\/v2\/product"}],"about":[{"href":"https:\/\/www.seaflowerstore.com\/de\/wp-json\/wp\/v2\/types\/product"}],"wp:featuredmedia":[{"embeddable":true,"href":"https:\/\/www.seaflowerstore.com\/de\/wp-json\/wp\/v2\/media\/78074"}],"wp:attachment":[{"href":"https:\/\/www.seaflowerstore.com\/de\/wp-json\/wp\/v2\/media?parent=88265"}],"wp:term":[{"taxonomy":"pwb-brand","embeddable":true,"href":"https:\/\/www.seaflowerstore.com\/de\/wp-json\/wp\/v2\/pwb-brand?post=88265"},{"taxonomy":"product_cat","embeddable":true,"href":"https:\/\/www.seaflowerstore.com\/de\/wp-json\/wp\/v2\/product_cat?post=88265"},{"taxonomy":"product_tag","embeddable":true,"href":"https:\/\/www.seaflowerstore.com\/de\/wp-json\/wp\/v2\/product_tag?post=88265"}],"curies":[{"name":"wp","href":"https:\/\/api.w.org\/{rel}","templated":true}]}}