{"id":88266,"date":"2015-02-23T15:13:42","date_gmt":"2015-02-23T14:13:42","guid":{"rendered":"https:\/\/www.seaflowerstore.com\/nl\/triton-carbon-activated-carbon-1000ml\/"},"modified":"2024-03-20T16:24:43","modified_gmt":"2024-03-20T15:24:43","slug":"triton-carbon-activated-carbon-1000ml","status":"publish","type":"product","link":"https:\/\/www.seaflowerstore.com\/de\/triton-carbon-activated-carbon-1000ml\/","title":{"rendered":"Triton Carbon (activated carbon) 1000ml"},"content":{"rendered":"<h2>Triton Carbon (activated carbon) 1000ml for removal of toxins and other unwanted molecules<\/h2>\n<p><strong>Was ist das? Wozu dient es?<\/strong> Aktivkohle wurde entwickelt, um Giftstoffe und andere unerw\u00fcnschte Substanzen aus Ihrem Aquarium zu entfernen. Sie ist ultrarein und wurde bei Triton Labs gr\u00fcndlich im Labor getestet.<\/p>\n<p><strong>Wie verwende ich Aktivkohle?<\/strong> Vor der Verwendung der Kohle ist es wichtig, sie in RODI-Wasser zu sp\u00fclen, um Feinpartikel und Staub zu entfernen. Die empfohlene Dosierung betr\u00e4gt 100 ml Aktivkohle pro 100 Liter Aquarienwasser und sollte alle 4 bis 6 Wochen ausgetauscht werden. Sie k\u00f6nnen die Kohle in einem Beutel in einem Bereich mit hohem Wasserdurchfluss oder in einem Reaktor platzieren. Wenn Sie sich f\u00fcr die Verwendung eines Reaktors entscheiden, stellen Sie sicher, dass der Durchfluss langsam genug ist, um ein <strong>Tumpeln<\/strong> des Mediums zu verhindern.<\/p>\n","protected":false},"excerpt":{"rendered":"<p>Triton Carbon (activated carbon) 1000ml for removal of toxins and other unwanted molecules<\/p>\n","protected":false},"featured_media":78072,"template":"","meta":[],"pwb-brand":[2181],"product_cat":[1394,1391,1392],"product_tag":[],"class_list":{"0":"post-88266","1":"product","2":"type-product","3":"status-publish","4":"has-post-thumbnail","6":"pwb-brand-triton","7":"product_cat-aktivkohle","8":"product_cat-ergaenzungen","9":"product_cat-triton-de","11":"first","12":"instock","13":"taxable","14":"shipping-taxable","15":"purchasable","16":"product-type-simple"},"acf":[],"brands":[{"id":2181,"name":"Triton","slug":"triton"}],"_links":{"self":[{"href":"https:\/\/www.seaflowerstore.com\/de\/wp-json\/wp\/v2\/product\/88266","targetHints":{"allow":["GET"]}}],"collection":[{"href":"https:\/\/www.seaflowerstore.com\/de\/wp-json\/wp\/v2\/product"}],"about":[{"href":"https:\/\/www.seaflowerstore.com\/de\/wp-json\/wp\/v2\/types\/product"}],"wp:featuredmedia":[{"embeddable":true,"href":"https:\/\/www.seaflowerstore.com\/de\/wp-json\/wp\/v2\/media\/78072"}],"wp:attachment":[{"href":"https:\/\/www.seaflowerstore.com\/de\/wp-json\/wp\/v2\/media?parent=88266"}],"wp:term":[{"taxonomy":"pwb-brand","embeddable":true,"href":"https:\/\/www.seaflowerstore.com\/de\/wp-json\/wp\/v2\/pwb-brand?post=88266"},{"taxonomy":"product_cat","embeddable":true,"href":"https:\/\/www.seaflowerstore.com\/de\/wp-json\/wp\/v2\/product_cat?post=88266"},{"taxonomy":"product_tag","embeddable":true,"href":"https:\/\/www.seaflowerstore.com\/de\/wp-json\/wp\/v2\/product_tag?post=88266"}],"curies":[{"name":"wp","href":"https:\/\/api.w.org\/{rel}","templated":true}]}}