{"id":88268,"date":"2015-02-23T15:11:15","date_gmt":"2015-02-23T14:11:15","guid":{"rendered":"https:\/\/www.seaflowerstore.com\/nl\/triton-nickel-ni-100ml\/"},"modified":"2024-03-20T16:24:41","modified_gmt":"2024-03-20T15:24:41","slug":"triton-nickel-ni-100ml","status":"publish","type":"product","link":"https:\/\/www.seaflowerstore.com\/de\/triton-nickel-ni-100ml\/","title":{"rendered":"Triton Nickel (Ni) &#8211; 100ml"},"content":{"rendered":"<h2>Triton Nickel (Ni) &#8211; 100ml Beneficial for SPS\/LPS coral colour and health<\/h2>\n<p>Nickel ist ein Spurenelement-Meerwasserzusatz, der die Farbe und Gesundheit Ihrer SPS- und LPS-Korallen deutlich verbessern kann. <strong>Bitte beachten: Dieses Produkt ist nur f\u00fcr fortgeschrittene Aquarianer bestimmt.<\/strong><\/p>\n<p>Wenn Sie diesen Zusatz zusammen mit TRITON Lab ICP-Tests verwenden, k\u00f6nnen Sie pr\u00e4zise Anpassungen an einzelnen Elementen vornehmen. TRITON hat sich der einfachen und fortschrittlichen Aquarienpflege verschrieben.<\/p>\n<p>Einzelheiten zur Dosierung finden Sie auf der Registerkarte DOSIS Ihrer ICP-Analyse. Die TRITON-Reihe von Makro- und Spurenelementzus\u00e4tzen basiert auf \u00fcber einem Jahrzehnt wissenschaftlicher Forschung mit Schwerpunkt auf der Chemie von nat\u00fcrlichem und geschlossenem Meerwassersystem.<\/p>\n","protected":false},"excerpt":{"rendered":"<p>Triton Nickel (Ni) &#8211; 100ml Beneficial for SPS\/LPS coral colour and health<\/p>\n","protected":false},"featured_media":78068,"template":"","meta":[],"pwb-brand":[2181],"product_cat":[1391,1392],"product_tag":[],"class_list":{"0":"post-88268","1":"product","2":"type-product","3":"status-publish","4":"has-post-thumbnail","6":"pwb-brand-triton","7":"product_cat-ergaenzungen","8":"product_cat-triton-de","10":"first","11":"instock","12":"taxable","13":"shipping-taxable","14":"purchasable","15":"product-type-simple"},"acf":[],"brands":[{"id":2181,"name":"Triton","slug":"triton"}],"_links":{"self":[{"href":"https:\/\/www.seaflowerstore.com\/de\/wp-json\/wp\/v2\/product\/88268","targetHints":{"allow":["GET"]}}],"collection":[{"href":"https:\/\/www.seaflowerstore.com\/de\/wp-json\/wp\/v2\/product"}],"about":[{"href":"https:\/\/www.seaflowerstore.com\/de\/wp-json\/wp\/v2\/types\/product"}],"wp:featuredmedia":[{"embeddable":true,"href":"https:\/\/www.seaflowerstore.com\/de\/wp-json\/wp\/v2\/media\/78068"}],"wp:attachment":[{"href":"https:\/\/www.seaflowerstore.com\/de\/wp-json\/wp\/v2\/media?parent=88268"}],"wp:term":[{"taxonomy":"pwb-brand","embeddable":true,"href":"https:\/\/www.seaflowerstore.com\/de\/wp-json\/wp\/v2\/pwb-brand?post=88268"},{"taxonomy":"product_cat","embeddable":true,"href":"https:\/\/www.seaflowerstore.com\/de\/wp-json\/wp\/v2\/product_cat?post=88268"},{"taxonomy":"product_tag","embeddable":true,"href":"https:\/\/www.seaflowerstore.com\/de\/wp-json\/wp\/v2\/product_tag?post=88268"}],"curies":[{"name":"wp","href":"https:\/\/api.w.org\/{rel}","templated":true}]}}