{"id":88269,"date":"2015-02-23T15:10:56","date_gmt":"2015-02-23T14:10:56","guid":{"rendered":"https:\/\/www.seaflowerstore.com\/nl\/triton-chromium-cr-100ml\/"},"modified":"2024-03-20T16:24:40","modified_gmt":"2024-03-20T15:24:40","slug":"triton-chromium-cr-100ml","status":"publish","type":"product","link":"https:\/\/www.seaflowerstore.com\/de\/triton-chromium-cr-100ml\/","title":{"rendered":"Triton Chromium (Cr) &#8211; 100ml"},"content":{"rendered":"<h2>Triton Chromium (Cr) &#8211; 100ml Beneficial for calcification of coral skeleton and colour<\/h2>\n<p>Wir stellen das Meerwasserpr\u00e4parat mit Chrom als Spurenelement vor, das die Verkalkung von Korallenskeletten und ihre F\u00e4rbung verbessern soll. <strong>Achtung: Dieses Produkt ist nur f\u00fcr die Verwendung durch fortgeschrittene Aquarianer bestimmt.<\/strong><\/p>\n<p>In Kombination mit TRITON Lab ICP-Tests k\u00f6nnen Aquarianer pr\u00e4zise Einzelelementanpassungen vornehmen. TRITON hat sich der Bereitstellung einer fortschrittlichen Aquarienhaltung verschrieben, die sowohl effektiv als auch benutzerfreundlich ist.<\/p>\n<p>Wenn Sie Fragen zur Dosierung haben, wenden Sie sich bitte an TRITON unter <a href=\"mailto:hello@triton.de\">hello@triton.de<\/a>.<\/p>\n<p>Die TRITON-Reihe von Makro- und Spurenelementpr\u00e4paraten basiert auf \u00fcber einem Jahrzehnt wissenschaftlicher Forschung zur Chemie von nat\u00fcrlichem und geschlossenem Meerwasser.<\/p>\n","protected":false},"excerpt":{"rendered":"<p>Triton Chromium (Cr) &#8211; 100ml Beneficial for calcification of coral skeleton and colour<\/p>\n","protected":false},"featured_media":78066,"template":"","meta":[],"pwb-brand":[2181],"product_cat":[1391,1392],"product_tag":[],"class_list":{"0":"post-88269","1":"product","2":"type-product","3":"status-publish","4":"has-post-thumbnail","6":"pwb-brand-triton","7":"product_cat-ergaenzungen","8":"product_cat-triton-de","10":"first","11":"instock","12":"taxable","13":"shipping-taxable","14":"purchasable","15":"product-type-simple"},"acf":[],"brands":[{"id":2181,"name":"Triton","slug":"triton"}],"_links":{"self":[{"href":"https:\/\/www.seaflowerstore.com\/de\/wp-json\/wp\/v2\/product\/88269","targetHints":{"allow":["GET"]}}],"collection":[{"href":"https:\/\/www.seaflowerstore.com\/de\/wp-json\/wp\/v2\/product"}],"about":[{"href":"https:\/\/www.seaflowerstore.com\/de\/wp-json\/wp\/v2\/types\/product"}],"wp:featuredmedia":[{"embeddable":true,"href":"https:\/\/www.seaflowerstore.com\/de\/wp-json\/wp\/v2\/media\/78066"}],"wp:attachment":[{"href":"https:\/\/www.seaflowerstore.com\/de\/wp-json\/wp\/v2\/media?parent=88269"}],"wp:term":[{"taxonomy":"pwb-brand","embeddable":true,"href":"https:\/\/www.seaflowerstore.com\/de\/wp-json\/wp\/v2\/pwb-brand?post=88269"},{"taxonomy":"product_cat","embeddable":true,"href":"https:\/\/www.seaflowerstore.com\/de\/wp-json\/wp\/v2\/product_cat?post=88269"},{"taxonomy":"product_tag","embeddable":true,"href":"https:\/\/www.seaflowerstore.com\/de\/wp-json\/wp\/v2\/product_tag?post=88269"}],"curies":[{"name":"wp","href":"https:\/\/api.w.org\/{rel}","templated":true}]}}