{"id":88271,"date":"2015-02-23T15:10:18","date_gmt":"2015-02-23T14:10:18","guid":{"rendered":"https:\/\/www.seaflowerstore.com\/nl\/triton-manganese-mn-100ml\/"},"modified":"2024-03-20T16:24:38","modified_gmt":"2024-03-20T15:24:38","slug":"triton-manganese-mn-100ml","status":"publish","type":"product","link":"https:\/\/www.seaflowerstore.com\/de\/triton-manganese-mn-100ml\/","title":{"rendered":"Triton Manganese (Mn) &#8211; 100ml"},"content":{"rendered":"<h2>Triton Manganese (Mn) &#8211; 100ml<\/h2>\n<p>Mithilfe der ICP-Tests von TRITON Lab k\u00f6nnen Aquarianer jetzt pr\u00e4zise Anpassungen f\u00fcr einzelne Elemente vornehmen. Nur TRITON bietet fortschrittliche Aquarienpflege, die sowohl effektiv als auch benutzerfreundlich ist.<\/p>\n<p>Einzelheiten zur Dosierung finden Sie auf der Registerkarte <strong>DOSIERUNG<\/strong> in Ihrer ICP-Analyse.<\/p>\n<p>Die TRITON-Reihe von Makro- und Spurenelementzus\u00e4tzen basiert auf \u00fcber einem Jahrzehnt wissenschaftlicher Forschung mit Schwerpunkt auf der Chemie von nat\u00fcrlichem und geschlossenem Meerwassersystem.<\/p>\n","protected":false},"excerpt":{"rendered":"<p>Triton Manganese (Mn) &#8211; 100ml<\/p>\n","protected":false},"featured_media":78063,"template":"","meta":[],"pwb-brand":[2181],"product_cat":[1391,1392],"product_tag":[],"class_list":{"0":"post-88271","1":"product","2":"type-product","3":"status-publish","4":"has-post-thumbnail","6":"pwb-brand-triton","7":"product_cat-ergaenzungen","8":"product_cat-triton-de","10":"first","11":"instock","12":"taxable","13":"shipping-taxable","14":"purchasable","15":"product-type-simple"},"acf":[],"brands":[{"id":2181,"name":"Triton","slug":"triton"}],"_links":{"self":[{"href":"https:\/\/www.seaflowerstore.com\/de\/wp-json\/wp\/v2\/product\/88271","targetHints":{"allow":["GET"]}}],"collection":[{"href":"https:\/\/www.seaflowerstore.com\/de\/wp-json\/wp\/v2\/product"}],"about":[{"href":"https:\/\/www.seaflowerstore.com\/de\/wp-json\/wp\/v2\/types\/product"}],"wp:featuredmedia":[{"embeddable":true,"href":"https:\/\/www.seaflowerstore.com\/de\/wp-json\/wp\/v2\/media\/78063"}],"wp:attachment":[{"href":"https:\/\/www.seaflowerstore.com\/de\/wp-json\/wp\/v2\/media?parent=88271"}],"wp:term":[{"taxonomy":"pwb-brand","embeddable":true,"href":"https:\/\/www.seaflowerstore.com\/de\/wp-json\/wp\/v2\/pwb-brand?post=88271"},{"taxonomy":"product_cat","embeddable":true,"href":"https:\/\/www.seaflowerstore.com\/de\/wp-json\/wp\/v2\/product_cat?post=88271"},{"taxonomy":"product_tag","embeddable":true,"href":"https:\/\/www.seaflowerstore.com\/de\/wp-json\/wp\/v2\/product_tag?post=88271"}],"curies":[{"name":"wp","href":"https:\/\/api.w.org\/{rel}","templated":true}]}}