{"id":88272,"date":"2015-02-23T15:10:00","date_gmt":"2015-02-23T14:10:00","guid":{"rendered":"https:\/\/www.seaflowerstore.com\/nl\/triton-molybdenum-100ml\/"},"modified":"2024-03-20T16:24:36","modified_gmt":"2024-03-20T15:24:36","slug":"triton-molybdenum-100ml","status":"publish","type":"product","link":"https:\/\/www.seaflowerstore.com\/de\/triton-molybdenum-100ml\/","title":{"rendered":"Triton Molybdenum &#8211; 100ml"},"content":{"rendered":"<h2>Triton Molybdenum &#8211; 100ml<\/h2>\n<p><strong>Triton Molybd\u00e4n (Mo) \u2013 100 ml<\/strong> ist ein n\u00fctzliches Erg\u00e4nzungsmittel f\u00fcr Enzymprozesse in Riffaquarien. Es kann auch die F\u00e4rbung von SPS- und LPS-Korallen verbessern.<\/p>\n<p>Dieses Meerwassererg\u00e4nzungsmittel enth\u00e4lt wichtige Spurenelemente aus Molybd\u00e4n. In Kombination mit <strong>TRITON Lab ICP-Tests<\/strong> k\u00f6nnen Aquarianer pr\u00e4zise Einzelelementanpassungen an ihren Aquarien vornehmen. Nur TRITON bietet einen fortschrittlichen Ansatz zur Aquarienpflege, der Wirksamkeit mit Benutzerfreundlichkeit kombiniert.<\/p>\n<p>Einzelheiten zur Dosierung finden Sie auf der Registerkarte <strong>DOSIERUNG<\/strong> in Ihrer ICP-Analyse. Die TRITON-Reihe von Makro- und Spurenelementerg\u00e4nzungsmitteln basiert auf \u00fcber einem Jahrzehnt wissenschaftlicher Forschung mit Schwerpunkt auf der Chemie von nat\u00fcrlichem und geschlossenem Meerwassersystem.<\/p>\n","protected":false},"excerpt":{"rendered":"<p>Triton Molybdenum (Mo) &#8211; 100ml Beneficial for enzyme processes in reef aquaria. Can promote coloration in SPS\/LPS corals<\/p>\n","protected":false},"featured_media":78061,"template":"","meta":[],"pwb-brand":[2181],"product_cat":[1391,1392],"product_tag":[],"class_list":{"0":"post-88272","1":"product","2":"type-product","3":"status-publish","4":"has-post-thumbnail","6":"pwb-brand-triton","7":"product_cat-ergaenzungen","8":"product_cat-triton-de","10":"first","11":"instock","12":"taxable","13":"shipping-taxable","14":"purchasable","15":"product-type-simple"},"acf":[],"brands":[{"id":2181,"name":"Triton","slug":"triton"}],"_links":{"self":[{"href":"https:\/\/www.seaflowerstore.com\/de\/wp-json\/wp\/v2\/product\/88272","targetHints":{"allow":["GET"]}}],"collection":[{"href":"https:\/\/www.seaflowerstore.com\/de\/wp-json\/wp\/v2\/product"}],"about":[{"href":"https:\/\/www.seaflowerstore.com\/de\/wp-json\/wp\/v2\/types\/product"}],"wp:featuredmedia":[{"embeddable":true,"href":"https:\/\/www.seaflowerstore.com\/de\/wp-json\/wp\/v2\/media\/78061"}],"wp:attachment":[{"href":"https:\/\/www.seaflowerstore.com\/de\/wp-json\/wp\/v2\/media?parent=88272"}],"wp:term":[{"taxonomy":"pwb-brand","embeddable":true,"href":"https:\/\/www.seaflowerstore.com\/de\/wp-json\/wp\/v2\/pwb-brand?post=88272"},{"taxonomy":"product_cat","embeddable":true,"href":"https:\/\/www.seaflowerstore.com\/de\/wp-json\/wp\/v2\/product_cat?post=88272"},{"taxonomy":"product_tag","embeddable":true,"href":"https:\/\/www.seaflowerstore.com\/de\/wp-json\/wp\/v2\/product_tag?post=88272"}],"curies":[{"name":"wp","href":"https:\/\/api.w.org\/{rel}","templated":true}]}}