{"id":88273,"date":"2015-02-23T15:09:26","date_gmt":"2015-02-23T14:09:26","guid":{"rendered":"https:\/\/www.seaflowerstore.com\/nl\/triton-fluorine-1000ml\/"},"modified":"2024-03-20T16:24:35","modified_gmt":"2024-03-20T15:24:35","slug":"triton-fluorine-1000ml","status":"publish","type":"product","link":"https:\/\/www.seaflowerstore.com\/de\/triton-fluorine-1000ml\/","title":{"rendered":"Triton Fluorine &#8211; 1000ml"},"content":{"rendered":"<h2>Triton Fluorine &#8211; 1000ml Beneficial for SPS \/ LPS coral colour and health<\/h2>\n<p>Fluor ist ein lebenswichtiges Element, das nat\u00fcrlicherweise im Meerwasser vorkommt und eine wichtige Rolle bei der Verbesserung der Farbe und Gesundheit von SPS- und LPS-Korallen spielt.<\/p>\n<p>Dieses <strong>Meerwasserpr\u00e4parat mit Fluor-Makroelementen<\/strong> wurde speziell f\u00fcr fortgeschrittene Aquarianer entwickelt, die die Vitalit\u00e4t ihrer Korallen verbessern m\u00f6chten. Es ist wichtig zu beachten, dass dieses Produkt nur von Personen verwendet werden sollte, die Erfahrung in der Aquarienpflege haben.<\/p>\n<p>In Verbindung mit <strong>TRITON Lab ICP-Tests<\/strong> k\u00f6nnen Aquarianer pr\u00e4zise Anpassungen an einzelnen Elementen vornehmen und so optimale Bedingungen f\u00fcr ihre Meereslebewesen gew\u00e4hrleisten. Nur TRITON bietet ein derart fortschrittliches Aquarienmanagement in Kombination mit benutzerfreundlichen L\u00f6sungen.<\/p>\n<p>Detaillierte Dosierungsanweisungen finden Sie auf der Registerkarte <strong>DOSIERUNG<\/strong> Ihrer ICP-Analyse.<\/p>\n<p>Die TRITON-Reihe von Makro- und Spurenelementpr\u00e4paraten basiert auf \u00fcber einem Jahrzehnt wissenschaftlicher Forschung mit Schwerpunkt auf der Chemie von nat\u00fcrlichem und geschlossenem Meerwasser. So stellen Sie sicher, dass Sie f\u00fcr die bestm\u00f6gliche Pflege Ihrer Wasserumwelt sorgen.<\/p>\n","protected":false},"excerpt":{"rendered":"<p>Triton Fluorine &#8211; 1000ml Beneficial for SPS \/ LPS coral colour and health<\/p>\n","protected":false},"featured_media":78059,"template":"","meta":[],"pwb-brand":[2181],"product_cat":[1391,1392],"product_tag":[],"class_list":{"0":"post-88273","1":"product","2":"type-product","3":"status-publish","4":"has-post-thumbnail","6":"pwb-brand-triton","7":"product_cat-ergaenzungen","8":"product_cat-triton-de","10":"first","11":"outofstock","12":"taxable","13":"shipping-taxable","14":"purchasable","15":"product-type-simple"},"acf":[],"brands":[{"id":2181,"name":"Triton","slug":"triton"}],"_links":{"self":[{"href":"https:\/\/www.seaflowerstore.com\/de\/wp-json\/wp\/v2\/product\/88273","targetHints":{"allow":["GET"]}}],"collection":[{"href":"https:\/\/www.seaflowerstore.com\/de\/wp-json\/wp\/v2\/product"}],"about":[{"href":"https:\/\/www.seaflowerstore.com\/de\/wp-json\/wp\/v2\/types\/product"}],"wp:featuredmedia":[{"embeddable":true,"href":"https:\/\/www.seaflowerstore.com\/de\/wp-json\/wp\/v2\/media\/78059"}],"wp:attachment":[{"href":"https:\/\/www.seaflowerstore.com\/de\/wp-json\/wp\/v2\/media?parent=88273"}],"wp:term":[{"taxonomy":"pwb-brand","embeddable":true,"href":"https:\/\/www.seaflowerstore.com\/de\/wp-json\/wp\/v2\/pwb-brand?post=88273"},{"taxonomy":"product_cat","embeddable":true,"href":"https:\/\/www.seaflowerstore.com\/de\/wp-json\/wp\/v2\/product_cat?post=88273"},{"taxonomy":"product_tag","embeddable":true,"href":"https:\/\/www.seaflowerstore.com\/de\/wp-json\/wp\/v2\/product_tag?post=88273"}],"curies":[{"name":"wp","href":"https:\/\/api.w.org\/{rel}","templated":true}]}}