{"id":88274,"date":"2015-02-23T15:08:39","date_gmt":"2015-02-23T14:08:39","guid":{"rendered":"https:\/\/www.seaflowerstore.com\/nl\/triton-iodine-100ml\/"},"modified":"2024-03-20T16:24:34","modified_gmt":"2024-03-20T15:24:34","slug":"triton-iodine-100ml","status":"publish","type":"product","link":"https:\/\/www.seaflowerstore.com\/de\/triton-iodine-100ml\/","title":{"rendered":"Triton Iodine &#8211; 100ml"},"content":{"rendered":"<h2>Triton Iodine &#8211; 100ml Beneficial for metabolic processes in reef aquaria. Promotes health of algae and SPS coral<\/h2>\n<p><strong>Triton Iodine<\/strong> ist ein Spurenelement-Meerwasserzusatz, der f\u00fcr die Stoffwechselprozesse in Riffaquarien unerl\u00e4sslich ist. Es ist besonders vorteilhaft f\u00fcr die Gesundheit von Makroalgen und SPS-Korallen.<\/p>\n<p>Wenn Sie dieses Produkt zusammen mit <strong>TRITON Lab ICP-Tests<\/strong> verwenden, k\u00f6nnen Aquarianer pr\u00e4zise Anpassungen an einzelnen Elementen vornehmen. Dieser einzigartige Ansatz stellt sicher, dass Sie die beste Erfahrung in der Aquarienhaltung bei einfacher Handhabung erhalten.<\/p>\n<p>Detaillierte Dosierungsinformationen finden Sie auf der Registerkarte <strong>DOSIERUNG<\/strong> Ihrer ICP-Analyse. Die TRITON-Reihe von Makro- und Spurenelementzus\u00e4tzen basiert auf \u00fcber einem Jahrzehnt wissenschaftlicher Forschung mit Schwerpunkt auf der Chemie von nat\u00fcrlichem und geschlossenem Meerwassersystem.<\/p>\n","protected":false},"excerpt":{"rendered":"<p>Triton Trace Base Iodine &#8211; 100ml Beneficial for metabolic processes in reef aquaria. Promotes health of algae and SPS coral<\/p>\n","protected":false},"featured_media":78058,"template":"","meta":[],"pwb-brand":[2181],"product_cat":[1391,1392],"product_tag":[],"class_list":{"0":"post-88274","1":"product","2":"type-product","3":"status-publish","4":"has-post-thumbnail","6":"pwb-brand-triton","7":"product_cat-ergaenzungen","8":"product_cat-triton-de","10":"first","11":"instock","12":"taxable","13":"shipping-taxable","14":"purchasable","15":"product-type-simple"},"acf":[],"brands":[{"id":2181,"name":"Triton","slug":"triton"}],"_links":{"self":[{"href":"https:\/\/www.seaflowerstore.com\/de\/wp-json\/wp\/v2\/product\/88274","targetHints":{"allow":["GET"]}}],"collection":[{"href":"https:\/\/www.seaflowerstore.com\/de\/wp-json\/wp\/v2\/product"}],"about":[{"href":"https:\/\/www.seaflowerstore.com\/de\/wp-json\/wp\/v2\/types\/product"}],"wp:featuredmedia":[{"embeddable":true,"href":"https:\/\/www.seaflowerstore.com\/de\/wp-json\/wp\/v2\/media\/78058"}],"wp:attachment":[{"href":"https:\/\/www.seaflowerstore.com\/de\/wp-json\/wp\/v2\/media?parent=88274"}],"wp:term":[{"taxonomy":"pwb-brand","embeddable":true,"href":"https:\/\/www.seaflowerstore.com\/de\/wp-json\/wp\/v2\/pwb-brand?post=88274"},{"taxonomy":"product_cat","embeddable":true,"href":"https:\/\/www.seaflowerstore.com\/de\/wp-json\/wp\/v2\/product_cat?post=88274"},{"taxonomy":"product_tag","embeddable":true,"href":"https:\/\/www.seaflowerstore.com\/de\/wp-json\/wp\/v2\/product_tag?post=88274"}],"curies":[{"name":"wp","href":"https:\/\/api.w.org\/{rel}","templated":true}]}}