{"id":88275,"date":"2015-02-23T15:08:00","date_gmt":"2015-02-23T14:08:00","guid":{"rendered":"https:\/\/www.seaflowerstore.com\/nl\/triton-detox-100ml\/"},"modified":"2024-03-20T16:24:33","modified_gmt":"2024-03-20T15:24:33","slug":"triton-detox-100ml","status":"publish","type":"product","link":"https:\/\/www.seaflowerstore.com\/de\/triton-detox-100ml\/","title":{"rendered":"Triton DETOX &#8211; 100ml"},"content":{"rendered":"<h2>Triton Detox treatment for removal of excess heavy metals<\/h2>\n<p>Die TRITON Detox-Behandlung wurde entwickelt, um \u00fcbersch\u00fcssige Schwermetalle wie Kupfer und Blei effektiv aus Ihrem Aquarium zu entfernen. Das Tolle an diesem Produkt ist, dass es den Bewohnern Ihres Aquariums nicht schadet.<\/p>\n<p><strong>Wichtiger Hinweis:<\/strong> Bitte verwenden Sie Detox nur, wenn Schwermetalle durch eine TRITON-Laboranalyse nachgewiesen wurden.<\/p>\n<p>TRITON-Behandlungen wurden speziell entwickelt, um die \u00fcblichen Herausforderungen zu bew\u00e4ltigen, mit denen Aquarianer konfrontiert sind. Im Gegensatz zu vielen anderen verf\u00fcgbaren Produkten unterliegen TRITON-Behandlungen einer Qualit\u00e4tskontrolle und sind frei von Verunreinigungen durch unerw\u00fcnschte oder unbekannte Elemente.<\/p>\n<p>Detaillierte Verwendungsinformationen finden Sie auf der Registerkarte \u201eHILFE\u201c Ihrer ICP-Analyse.<\/p>\n","protected":false},"excerpt":{"rendered":"<p>Triton Detox treatment for removal of excess heavy metals<\/p>\n","protected":false},"featured_media":78056,"template":"","meta":[],"pwb-brand":[2181],"product_cat":[1391,1392],"product_tag":[],"class_list":{"0":"post-88275","1":"product","2":"type-product","3":"status-publish","4":"has-post-thumbnail","6":"pwb-brand-triton","7":"product_cat-ergaenzungen","8":"product_cat-triton-de","10":"first","11":"instock","12":"taxable","13":"shipping-taxable","14":"purchasable","15":"product-type-simple"},"acf":[],"brands":[{"id":2181,"name":"Triton","slug":"triton"}],"_links":{"self":[{"href":"https:\/\/www.seaflowerstore.com\/de\/wp-json\/wp\/v2\/product\/88275","targetHints":{"allow":["GET"]}}],"collection":[{"href":"https:\/\/www.seaflowerstore.com\/de\/wp-json\/wp\/v2\/product"}],"about":[{"href":"https:\/\/www.seaflowerstore.com\/de\/wp-json\/wp\/v2\/types\/product"}],"wp:featuredmedia":[{"embeddable":true,"href":"https:\/\/www.seaflowerstore.com\/de\/wp-json\/wp\/v2\/media\/78056"}],"wp:attachment":[{"href":"https:\/\/www.seaflowerstore.com\/de\/wp-json\/wp\/v2\/media?parent=88275"}],"wp:term":[{"taxonomy":"pwb-brand","embeddable":true,"href":"https:\/\/www.seaflowerstore.com\/de\/wp-json\/wp\/v2\/pwb-brand?post=88275"},{"taxonomy":"product_cat","embeddable":true,"href":"https:\/\/www.seaflowerstore.com\/de\/wp-json\/wp\/v2\/product_cat?post=88275"},{"taxonomy":"product_tag","embeddable":true,"href":"https:\/\/www.seaflowerstore.com\/de\/wp-json\/wp\/v2\/product_tag?post=88275"}],"curies":[{"name":"wp","href":"https:\/\/api.w.org\/{rel}","templated":true}]}}