{"id":88277,"date":"2015-02-23T15:06:57","date_gmt":"2015-02-23T14:06:57","guid":{"rendered":"https:\/\/www.seaflowerstore.com\/nl\/triton-cobalt-100ml\/"},"modified":"2024-03-20T16:24:31","modified_gmt":"2024-03-20T15:24:31","slug":"triton-cobalt-100ml","status":"publish","type":"product","link":"https:\/\/www.seaflowerstore.com\/de\/triton-cobalt-100ml\/","title":{"rendered":"Triton Cobalt &#8211; 100ml"},"content":{"rendered":"<h2>Triton Cobalt &#8211; 100ml Cobalt Trace Element Seawater Supplement<\/h2>\n<p>Das Meerwasserpr\u00e4parat mit Kobalt-Spurenelementen wurde entwickelt, um die Farbe und Gesundheit von SPS- und LPS-Korallen zu verbessern. <strong>Bitte seien Sie vorsichtig, da dieses Produkt nur f\u00fcr fortgeschrittene Aquarianer bestimmt ist.<\/strong><\/p>\n<p>In Kombination mit TRITON Lab ICP-Tests k\u00f6nnen Aquarianer pr\u00e4zise Anpassungen an einzelnen Elementen vornehmen. Nur TRITON bietet fortschrittliche Aquarienpflege in Kombination mit benutzerfreundlichen L\u00f6sungen.<\/p>\n<p>Die TRITON-Reihe von Makro- und Spurenelementpr\u00e4paraten basiert auf \u00fcber einem Jahrzehnt wissenschaftlicher Forschung zur Chemie von nat\u00fcrlichem und geschlossenem Meerwassersystem.<\/p>\n","protected":false},"excerpt":{"rendered":"<p>Triton Cobalt &#8211; 100ml Cobalt trace element seawater supplement<\/p>\n","protected":false},"featured_media":78053,"template":"","meta":[],"pwb-brand":[2181],"product_cat":[1391,1392],"product_tag":[],"class_list":{"0":"post-88277","1":"product","2":"type-product","3":"status-publish","4":"has-post-thumbnail","6":"pwb-brand-triton","7":"product_cat-ergaenzungen","8":"product_cat-triton-de","10":"first","11":"instock","12":"taxable","13":"shipping-taxable","14":"purchasable","15":"product-type-simple"},"acf":[],"brands":[{"id":2181,"name":"Triton","slug":"triton"}],"_links":{"self":[{"href":"https:\/\/www.seaflowerstore.com\/de\/wp-json\/wp\/v2\/product\/88277","targetHints":{"allow":["GET"]}}],"collection":[{"href":"https:\/\/www.seaflowerstore.com\/de\/wp-json\/wp\/v2\/product"}],"about":[{"href":"https:\/\/www.seaflowerstore.com\/de\/wp-json\/wp\/v2\/types\/product"}],"wp:featuredmedia":[{"embeddable":true,"href":"https:\/\/www.seaflowerstore.com\/de\/wp-json\/wp\/v2\/media\/78053"}],"wp:attachment":[{"href":"https:\/\/www.seaflowerstore.com\/de\/wp-json\/wp\/v2\/media?parent=88277"}],"wp:term":[{"taxonomy":"pwb-brand","embeddable":true,"href":"https:\/\/www.seaflowerstore.com\/de\/wp-json\/wp\/v2\/pwb-brand?post=88277"},{"taxonomy":"product_cat","embeddable":true,"href":"https:\/\/www.seaflowerstore.com\/de\/wp-json\/wp\/v2\/product_cat?post=88277"},{"taxonomy":"product_tag","embeddable":true,"href":"https:\/\/www.seaflowerstore.com\/de\/wp-json\/wp\/v2\/product_tag?post=88277"}],"curies":[{"name":"wp","href":"https:\/\/api.w.org\/{rel}","templated":true}]}}