{"id":88278,"date":"2015-02-23T15:06:15","date_gmt":"2015-02-23T14:06:15","guid":{"rendered":"https:\/\/www.seaflowerstore.com\/nl\/triton-fe-100ml\/"},"modified":"2024-03-20T16:24:30","modified_gmt":"2024-03-20T15:24:30","slug":"triton-fe-100ml","status":"publish","type":"product","link":"https:\/\/www.seaflowerstore.com\/de\/triton-fe-100ml\/","title":{"rendered":"Triton Fe &#8211; 100ml"},"content":{"rendered":"<h2>Triton Fe (iron) &#8211; 100ml Beneficial for metabolic processes in reef aquaria. Promotes macro-algae growth and health\/colour of LPS\/SPS coral<\/h2>\n<p><strong>Triton Fe<\/strong> ist ein essentielles Meerwasserpr\u00e4parat mit Spurenelementen aus Eisen, das die Stoffwechselprozesse in Riffaquarien verbessern soll. Dieses Produkt f\u00f6rdert das Wachstum und die Gesundheit von Makroalgen sowie die Farbe von LPS- und SPS-Korallen.<\/p>\n<p>In Kombination mit <strong>TRITON Lab ICP-Tests<\/strong> k\u00f6nnen Aquarianer pr\u00e4zise Einzelelementanpassungen vornehmen, die auf die Bed\u00fcrfnisse ihres Aquariums zugeschnitten sind. Nur <strong>TRITON<\/strong> bietet fortschrittliche L\u00f6sungen f\u00fcr die Aquarienhaltung, die sowohl effektiv als auch einfach zu verwenden sind.<\/p>\n<p>Die <strong>TRITON<\/strong>-Reihe von Makro- und Spurenelementpr\u00e4paraten basiert auf \u00fcber einem Jahrzehnt wissenschaftlicher Forschung zur Chemie von nat\u00fcrlichem und geschlossenem Meerwasser und stellt sicher, dass Sie das Beste f\u00fcr Ihre Wasserumgebung erhalten.<\/p>\n","protected":false},"excerpt":{"rendered":"<p>Triton Fe (iron) &#8211; 100ml Beneficial for metabolic processes in reef aquaria. Promotes macro-algae growth and health\/colour of LPS\/SPS coral<\/p>\n","protected":false},"featured_media":78051,"template":"","meta":[],"pwb-brand":[2181],"product_cat":[1391,1392],"product_tag":[],"class_list":{"0":"post-88278","1":"product","2":"type-product","3":"status-publish","4":"has-post-thumbnail","6":"pwb-brand-triton","7":"product_cat-ergaenzungen","8":"product_cat-triton-de","10":"first","11":"instock","12":"taxable","13":"shipping-taxable","14":"purchasable","15":"product-type-simple"},"acf":[],"brands":[{"id":2181,"name":"Triton","slug":"triton"}],"_links":{"self":[{"href":"https:\/\/www.seaflowerstore.com\/de\/wp-json\/wp\/v2\/product\/88278","targetHints":{"allow":["GET"]}}],"collection":[{"href":"https:\/\/www.seaflowerstore.com\/de\/wp-json\/wp\/v2\/product"}],"about":[{"href":"https:\/\/www.seaflowerstore.com\/de\/wp-json\/wp\/v2\/types\/product"}],"wp:featuredmedia":[{"embeddable":true,"href":"https:\/\/www.seaflowerstore.com\/de\/wp-json\/wp\/v2\/media\/78051"}],"wp:attachment":[{"href":"https:\/\/www.seaflowerstore.com\/de\/wp-json\/wp\/v2\/media?parent=88278"}],"wp:term":[{"taxonomy":"pwb-brand","embeddable":true,"href":"https:\/\/www.seaflowerstore.com\/de\/wp-json\/wp\/v2\/pwb-brand?post=88278"},{"taxonomy":"product_cat","embeddable":true,"href":"https:\/\/www.seaflowerstore.com\/de\/wp-json\/wp\/v2\/product_cat?post=88278"},{"taxonomy":"product_tag","embeddable":true,"href":"https:\/\/www.seaflowerstore.com\/de\/wp-json\/wp\/v2\/product_tag?post=88278"}],"curies":[{"name":"wp","href":"https:\/\/api.w.org\/{rel}","templated":true}]}}