{"id":88279,"date":"2015-02-23T15:03:21","date_gmt":"2015-02-23T14:03:21","guid":{"rendered":"https:\/\/www.seaflowerstore.com\/nl\/triton-trace-base-li-100ml\/"},"modified":"2024-03-20T16:24:29","modified_gmt":"2024-03-20T15:24:29","slug":"triton-trace-base-li-100ml","status":"publish","type":"product","link":"https:\/\/www.seaflowerstore.com\/de\/triton-trace-base-li-100ml\/","title":{"rendered":"Triton Trace Base Li &#8211; 100ml"},"content":{"rendered":"<h2>Triton Trace Base Lithium &#8211; 100ml<\/h2>\n<p><strong>Triton Trace Base Lithium \u2013 100 ml<\/strong> spielt eine entscheidende Rolle bei der Erhaltung der allgemeinen Gesundheit Ihres Riffaquariums.<\/p>\n<p>Dieses Produkt ist ein Lithium-Spurenelement-Meerwasserzusatz, der f\u00fcr das Wohlbefinden Ihrer Wasserumgebung unerl\u00e4sslich ist.<\/p>\n<p>Wenn Sie es zusammen mit <strong>TRITON Lab ICP-Tests<\/strong> verwenden, k\u00f6nnen Sie problemlos pr\u00e4zise Anpassungen an einzelnen Elementen in Ihrem Aquarium vornehmen. Nur TRITON bietet einen nahtlosen Ansatz f\u00fcr eine fortschrittliche Aquarienpflege. Detaillierte Dosierungsinformationen finden Sie auf der Registerkarte <strong>DOSIERUNG<\/strong> Ihrer ICP-Analyse.<\/p>\n<p>Die TRITON-Reihe von Makro- und Spurenelementzus\u00e4tzen basiert auf \u00fcber einem Jahrzehnt wissenschaftlicher Forschung zur Chemie von nat\u00fcrlichem und geschlossenem Meerwasser.<\/p>\n","protected":false},"excerpt":{"rendered":"<p>Triton Trace Base Lithium &#8211; 100ml is an important element for overall health of reef aquaria.<\/p>\n","protected":false},"featured_media":78049,"template":"","meta":[],"pwb-brand":[2181],"product_cat":[1391,1392],"product_tag":[],"class_list":{"0":"post-88279","1":"product","2":"type-product","3":"status-publish","4":"has-post-thumbnail","6":"pwb-brand-triton","7":"product_cat-ergaenzungen","8":"product_cat-triton-de","10":"first","11":"instock","12":"taxable","13":"shipping-taxable","14":"purchasable","15":"product-type-simple"},"acf":[],"brands":[{"id":2181,"name":"Triton","slug":"triton"}],"_links":{"self":[{"href":"https:\/\/www.seaflowerstore.com\/de\/wp-json\/wp\/v2\/product\/88279","targetHints":{"allow":["GET"]}}],"collection":[{"href":"https:\/\/www.seaflowerstore.com\/de\/wp-json\/wp\/v2\/product"}],"about":[{"href":"https:\/\/www.seaflowerstore.com\/de\/wp-json\/wp\/v2\/types\/product"}],"wp:featuredmedia":[{"embeddable":true,"href":"https:\/\/www.seaflowerstore.com\/de\/wp-json\/wp\/v2\/media\/78049"}],"wp:attachment":[{"href":"https:\/\/www.seaflowerstore.com\/de\/wp-json\/wp\/v2\/media?parent=88279"}],"wp:term":[{"taxonomy":"pwb-brand","embeddable":true,"href":"https:\/\/www.seaflowerstore.com\/de\/wp-json\/wp\/v2\/pwb-brand?post=88279"},{"taxonomy":"product_cat","embeddable":true,"href":"https:\/\/www.seaflowerstore.com\/de\/wp-json\/wp\/v2\/product_cat?post=88279"},{"taxonomy":"product_tag","embeddable":true,"href":"https:\/\/www.seaflowerstore.com\/de\/wp-json\/wp\/v2\/product_tag?post=88279"}],"curies":[{"name":"wp","href":"https:\/\/api.w.org\/{rel}","templated":true}]}}