{"id":88282,"date":"2015-02-23T14:59:56","date_gmt":"2015-02-23T13:59:56","guid":{"rendered":"https:\/\/www.seaflowerstore.com\/nl\/triton-boron-b-1000ml\/"},"modified":"2024-03-20T16:24:25","modified_gmt":"2024-03-20T15:24:25","slug":"triton-boron-b-1000ml","status":"publish","type":"product","link":"https:\/\/www.seaflowerstore.com\/de\/triton-boron-b-1000ml\/","title":{"rendered":"Triton Boron (B) &#8211; 1000ml"},"content":{"rendered":"<h2>Triton Boron (B) &#8211; 1000ml Boron is an important element that naturally occurs in seawater. Stabilizes pH, beneficial for SPS\/LPS coral colour and health<\/h2>\n<p><strong>Bor<\/strong> ist ein essentielles Element, das nat\u00fcrlicherweise in Meerwasser vorkommt. Es spielt eine entscheidende Rolle bei der Stabilisierung des pH-Werts, was sich positiv auf die Farbe und Gesundheit von SPS- und LPS-Korallen auswirkt.<\/p>\n<p>Dieses Produkt dient als <strong>Meerwassererg\u00e4nzung mit Makroelementen<\/strong>. In Kombination mit <strong>TRITON Lab ICP-Tests<\/strong> k\u00f6nnen Aquarianer nun pr\u00e4zise Anpassungen an einzelnen Elementen in ihren Aquarien vornehmen. Nur <strong>TRITON<\/strong> bietet eine so einfache, fortschrittliche Aquarienverwaltung.<\/p>\n<p>Informationen zur Dosierung finden Sie auf der Registerkarte <strong>DOSIERUNG<\/strong> Ihrer ICP-Analyse. Die <strong>TRITON<\/strong>-Reihe von Makro- und Spurenelementerg\u00e4nzungen basiert auf \u00fcber einem Jahrzehnt wissenschaftlicher Forschung zur Chemie von nat\u00fcrlichem und geschlossenem Meerwasser.<\/p>\n","protected":false},"excerpt":{"rendered":"<p>Triton Boron is an important element that naturally occurs in seawater. Stabilizes pH, beneficial for SPS\/LPS coral colour and health.<\/p>\n","protected":false},"featured_media":78043,"template":"","meta":[],"pwb-brand":[2181],"product_cat":[1391,1392],"product_tag":[],"class_list":{"0":"post-88282","1":"product","2":"type-product","3":"status-publish","4":"has-post-thumbnail","6":"pwb-brand-triton","7":"product_cat-ergaenzungen","8":"product_cat-triton-de","10":"first","11":"instock","12":"taxable","13":"shipping-taxable","14":"purchasable","15":"product-type-simple"},"acf":[],"brands":[{"id":2181,"name":"Triton","slug":"triton"}],"_links":{"self":[{"href":"https:\/\/www.seaflowerstore.com\/de\/wp-json\/wp\/v2\/product\/88282","targetHints":{"allow":["GET"]}}],"collection":[{"href":"https:\/\/www.seaflowerstore.com\/de\/wp-json\/wp\/v2\/product"}],"about":[{"href":"https:\/\/www.seaflowerstore.com\/de\/wp-json\/wp\/v2\/types\/product"}],"wp:featuredmedia":[{"embeddable":true,"href":"https:\/\/www.seaflowerstore.com\/de\/wp-json\/wp\/v2\/media\/78043"}],"wp:attachment":[{"href":"https:\/\/www.seaflowerstore.com\/de\/wp-json\/wp\/v2\/media?parent=88282"}],"wp:term":[{"taxonomy":"pwb-brand","embeddable":true,"href":"https:\/\/www.seaflowerstore.com\/de\/wp-json\/wp\/v2\/pwb-brand?post=88282"},{"taxonomy":"product_cat","embeddable":true,"href":"https:\/\/www.seaflowerstore.com\/de\/wp-json\/wp\/v2\/product_cat?post=88282"},{"taxonomy":"product_tag","embeddable":true,"href":"https:\/\/www.seaflowerstore.com\/de\/wp-json\/wp\/v2\/product_tag?post=88282"}],"curies":[{"name":"wp","href":"https:\/\/api.w.org\/{rel}","templated":true}]}}