{"id":88283,"date":"2015-02-23T14:59:12","date_gmt":"2015-02-23T13:59:12","guid":{"rendered":"https:\/\/www.seaflowerstore.com\/nl\/triton-potassium-k-1000gr\/"},"modified":"2024-03-20T16:24:24","modified_gmt":"2024-03-20T15:24:24","slug":"triton-potassium-k-1000gr","status":"publish","type":"product","link":"https:\/\/www.seaflowerstore.com\/de\/triton-potassium-k-1000gr\/","title":{"rendered":"Triton Potassium (K) &#8211; 1000gr"},"content":{"rendered":"<h2>Triton Potassium (K) &#8211; 1000gr<\/h2>\n<p><strong>Triton Potassium (Kalium) 1000 g<\/strong> wurde entwickelt, um den Kaliumspiegel in Ihrem Meerwasseraquarium zu erh\u00f6hen. Kalium ist ein wichtiges Makroelement, das nat\u00fcrlicherweise im Meerwasser vorkommt und f\u00fcr die Erhaltung einer gesunden Wasserumgebung unerl\u00e4sslich ist.<\/p>\n<p>Diese Erg\u00e4nzung ist besonders n\u00fctzlich, um die Farbe von SPS-Korallen zu verbessern und eine bl\u00fchende Bakterienumgebung zu unterst\u00fctzen. In Kombination mit <strong>TRITON Lab ICP-Tests<\/strong> k\u00f6nnen Sie pr\u00e4zise Anpassungen an einzelnen Elementen vornehmen und so eine gezielte Pflege erm\u00f6glichen.<\/p>\n<p>TRITON glaubt daran, fortschrittliches Aquarienmanagement mit Benutzerfreundlichkeit zu kombinieren, um sicherzustellen, dass Sie die bestm\u00f6gliche Erfahrung machen. Detaillierte Dosierungsinformationen finden Sie auf der Registerkarte <strong>DOSIERUNG<\/strong> Ihrer ICP-Analyse.<\/p>\n<p>Die TRITON-Reihe von Makro- und Spurenelementerg\u00e4nzungsmitteln basiert auf \u00fcber einem Jahrzehnt wissenschaftlicher Forschung zur Chemie von nat\u00fcrlichem und geschlossenem Meerwassersystem, sodass Sie Vertrauen in die Pflege Ihres Aquariums haben.<\/p>\n","protected":false},"excerpt":{"rendered":"<p>Triton Potassium 1000gr for increasing the Potassium (Potassium) content in your marine aquarium<\/p>\n","protected":false},"featured_media":84590,"template":"","meta":[],"pwb-brand":[2181],"product_cat":[1391,1392],"product_tag":[],"class_list":{"0":"post-88283","1":"product","2":"type-product","3":"status-publish","4":"has-post-thumbnail","6":"pwb-brand-triton","7":"product_cat-ergaenzungen","8":"product_cat-triton-de","10":"first","11":"instock","12":"taxable","13":"shipping-taxable","14":"purchasable","15":"product-type-simple"},"acf":[],"brands":[{"id":2181,"name":"Triton","slug":"triton"}],"_links":{"self":[{"href":"https:\/\/www.seaflowerstore.com\/de\/wp-json\/wp\/v2\/product\/88283","targetHints":{"allow":["GET"]}}],"collection":[{"href":"https:\/\/www.seaflowerstore.com\/de\/wp-json\/wp\/v2\/product"}],"about":[{"href":"https:\/\/www.seaflowerstore.com\/de\/wp-json\/wp\/v2\/types\/product"}],"wp:featuredmedia":[{"embeddable":true,"href":"https:\/\/www.seaflowerstore.com\/de\/wp-json\/wp\/v2\/media\/84590"}],"wp:attachment":[{"href":"https:\/\/www.seaflowerstore.com\/de\/wp-json\/wp\/v2\/media?parent=88283"}],"wp:term":[{"taxonomy":"pwb-brand","embeddable":true,"href":"https:\/\/www.seaflowerstore.com\/de\/wp-json\/wp\/v2\/pwb-brand?post=88283"},{"taxonomy":"product_cat","embeddable":true,"href":"https:\/\/www.seaflowerstore.com\/de\/wp-json\/wp\/v2\/product_cat?post=88283"},{"taxonomy":"product_tag","embeddable":true,"href":"https:\/\/www.seaflowerstore.com\/de\/wp-json\/wp\/v2\/product_tag?post=88283"}],"curies":[{"name":"wp","href":"https:\/\/api.w.org\/{rel}","templated":true}]}}