{"id":88286,"date":"2015-02-21T12:30:20","date_gmt":"2015-02-21T11:30:20","guid":{"rendered":"https:\/\/www.seaflowerstore.com\/nl\/dinoxal-500ml\/"},"modified":"2024-03-20T16:24:23","modified_gmt":"2024-03-20T15:24:23","slug":"dinoxal-500ml","status":"publish","type":"product","link":"https:\/\/www.seaflowerstore.com\/de\/dinoxal-500ml\/","title":{"rendered":"Dinoxal &#8211; 500ml"},"content":{"rendered":"<h2>Dinoxal &#8211; 500ml Anti-algae, dinoflagellate, diatom and or chrysophyta<\/h2>\n<p>Das neue DinoXAL ist Ihre L\u00f6sung f\u00fcr die Bek\u00e4mpfung l\u00e4stiger Algenprobleme in Meerwasseraquarien.<\/p>\n<p>Es ist besonders wirksam gegen einzellige Algen wie Dinoflagellaten, Kieselalgen und Goldalgen, die alle zuverl\u00e4ssig bek\u00e4mpft werden k\u00f6nnen.<\/p>\n<p><strong>Die Verwendung des Produkts erfolgt auf eigene Gefahr.<\/strong><\/p>\n<p>Seien Sie versichert, dass DinoXAL die Bakterienflora nicht beeinflusst und das Umfeld Ihres Aquariums daher nicht destabilisiert.<\/p>\n<p><strong>Dosierung:<\/strong><\/p>\n<p>Verabreichen Sie t\u00e4glich 5 ml pro 100 Liter Aquarienvolumen, vorzugsweise nach Ausschalten der Beleuchtung, bis die Algen nicht mehr sichtbar sind.<\/p>\n<p>F\u00fchren Sie drei Tage sp\u00e4ter eine weitere Dosis aus.<\/p>\n<p>Stellen Sie w\u00e4hrend der Dosierungsdauer sicher, dass UV-C-Kl\u00e4rer, Ozonisatoren, Aktivkohle und Phosphat-Entferner ausgeschaltet sind oder entfernt.<\/p>\n<p>Lassen Sie Ihren Eiwei\u00dfabsch\u00e4umer jedoch weiterlaufen.<\/p>\n<p>Es ist nicht ratsam, dieses Produkt in Tanks zu dosieren, die nicht \u00fcber eine Eiwei\u00dfabsch\u00e4umung verf\u00fcgen.<\/p>\n","protected":false},"excerpt":{"rendered":"<p>Dinoxal &#8211; 500ml Anti-algae, dinoflagellate, diatom and or chrysophyta<\/p>\n","protected":false},"featured_media":123314,"template":"","meta":[],"pwb-brand":[2201],"product_cat":[1390],"product_tag":[],"class_list":{"0":"post-88286","1":"product","2":"type-product","3":"status-publish","4":"has-post-thumbnail","6":"pwb-brand-qfi","7":"product_cat-medikamente","9":"first","10":"instock","11":"taxable","12":"shipping-taxable","13":"purchasable","14":"product-type-simple"},"acf":[],"brands":[{"id":2201,"name":"QFI","slug":"qfi"}],"_links":{"self":[{"href":"https:\/\/www.seaflowerstore.com\/de\/wp-json\/wp\/v2\/product\/88286","targetHints":{"allow":["GET"]}}],"collection":[{"href":"https:\/\/www.seaflowerstore.com\/de\/wp-json\/wp\/v2\/product"}],"about":[{"href":"https:\/\/www.seaflowerstore.com\/de\/wp-json\/wp\/v2\/types\/product"}],"wp:featuredmedia":[{"embeddable":true,"href":"https:\/\/www.seaflowerstore.com\/de\/wp-json\/wp\/v2\/media\/123314"}],"wp:attachment":[{"href":"https:\/\/www.seaflowerstore.com\/de\/wp-json\/wp\/v2\/media?parent=88286"}],"wp:term":[{"taxonomy":"pwb-brand","embeddable":true,"href":"https:\/\/www.seaflowerstore.com\/de\/wp-json\/wp\/v2\/pwb-brand?post=88286"},{"taxonomy":"product_cat","embeddable":true,"href":"https:\/\/www.seaflowerstore.com\/de\/wp-json\/wp\/v2\/product_cat?post=88286"},{"taxonomy":"product_tag","embeddable":true,"href":"https:\/\/www.seaflowerstore.com\/de\/wp-json\/wp\/v2\/product_tag?post=88286"}],"curies":[{"name":"wp","href":"https:\/\/api.w.org\/{rel}","templated":true}]}}