{"id":88287,"date":"2015-02-21T12:28:07","date_gmt":"2015-02-21T11:28:07","guid":{"rendered":"https:\/\/www.seaflowerstore.com\/nl\/dinoxal-250ml\/"},"modified":"2024-03-20T16:24:22","modified_gmt":"2024-03-20T15:24:22","slug":"dinoxal-250ml","status":"publish","type":"product","link":"https:\/\/www.seaflowerstore.com\/de\/dinoxal-250ml\/","title":{"rendered":"Dinoxal &#8211; 250ml"},"content":{"rendered":"<h2>Dinoxal 250ml Anti-algae, dinoflagellate, diatom and or chrysophyta agent<\/h2>\n<p>Das neue DinoXAL ist Ihre L\u00f6sung f\u00fcr die Bek\u00e4mpfung von Algenproblemen in Meerwasseraquarien. Dieses Produkt ist besonders wirksam gegen einzellige Algen, einschlie\u00dflich Dinoflagellaten, Kieselalgen und Goldalgen, die alle zuverl\u00e4ssig kontrolliert werden k\u00f6nnen.<\/p>\n<p><strong>Die Verwendung des Produkts erfolgt auf eigene Gefahr.<\/strong><\/p>\n<p>Seien Sie versichert, dass DinoXAL die Bakterienflora nicht beeinflusst, was bedeutet, dass es die Aquarienumgebung nicht destabilisiert.<\/p>\n<p><\/p>\n<p><strong>Dosierung:<\/strong><\/p>\n<p>Verabreichen Sie t\u00e4glich 5 ml pro 100 Liter Aquarienvolumen nach dem Ausschalten der Beleuchtung, bis die Algen nicht mehr sichtbar sind. Danach folgen Sie drei Tage sp\u00e4ter mit einer weiteren Dosis.<\/p>\n<p>Bitte stellen Sie w\u00e4hrend der Verwendung von DinoXAL sicher, dass UV-C-Kl\u00e4rer, Ozonisatoren, Aktivkohle und Phosphat-Entferner ausgeschaltet oder entfernt sind. Lassen Sie jedoch Ihre Eiwei\u00dfabsch\u00e4umer in Betrieb. Eine Dosierung dieses Produktes in Becken ohne Eiwei\u00dfabsch\u00e4umung ist nicht ratsam.<\/p>\n","protected":false},"excerpt":{"rendered":"<p>Dinoxal &#8211; 250ml Anti-algae, dinoflagellate, diatom and or chrysophyta agent<\/p>\n","protected":false},"featured_media":123314,"template":"","meta":[],"pwb-brand":[2201],"product_cat":[1390],"product_tag":[],"class_list":{"0":"post-88287","1":"product","2":"type-product","3":"status-publish","4":"has-post-thumbnail","6":"pwb-brand-qfi","7":"product_cat-medikamente","9":"first","10":"instock","11":"taxable","12":"shipping-taxable","13":"purchasable","14":"product-type-simple"},"acf":[],"brands":[{"id":2201,"name":"QFI","slug":"qfi"}],"_links":{"self":[{"href":"https:\/\/www.seaflowerstore.com\/de\/wp-json\/wp\/v2\/product\/88287","targetHints":{"allow":["GET"]}}],"collection":[{"href":"https:\/\/www.seaflowerstore.com\/de\/wp-json\/wp\/v2\/product"}],"about":[{"href":"https:\/\/www.seaflowerstore.com\/de\/wp-json\/wp\/v2\/types\/product"}],"wp:featuredmedia":[{"embeddable":true,"href":"https:\/\/www.seaflowerstore.com\/de\/wp-json\/wp\/v2\/media\/123314"}],"wp:attachment":[{"href":"https:\/\/www.seaflowerstore.com\/de\/wp-json\/wp\/v2\/media?parent=88287"}],"wp:term":[{"taxonomy":"pwb-brand","embeddable":true,"href":"https:\/\/www.seaflowerstore.com\/de\/wp-json\/wp\/v2\/pwb-brand?post=88287"},{"taxonomy":"product_cat","embeddable":true,"href":"https:\/\/www.seaflowerstore.com\/de\/wp-json\/wp\/v2\/product_cat?post=88287"},{"taxonomy":"product_tag","embeddable":true,"href":"https:\/\/www.seaflowerstore.com\/de\/wp-json\/wp\/v2\/product_tag?post=88287"}],"curies":[{"name":"wp","href":"https:\/\/api.w.org\/{rel}","templated":true}]}}