{"id":88289,"date":"2015-02-19T21:02:24","date_gmt":"2015-02-19T20:02:24","guid":{"rendered":"https:\/\/www.seaflowerstore.com\/nl\/pvc-threaded-socket-20-mm-x-1-2-internal-thread\/"},"modified":"2024-03-20T16:24:18","modified_gmt":"2024-03-20T15:24:18","slug":"pvc-threaded-socket-20-mm-x-1-2-internal-thread","status":"publish","type":"product","link":"https:\/\/www.seaflowerstore.com\/de\/pvc-threaded-socket-20-mm-x-1-2-internal-thread\/","title":{"rendered":"PVC Threaded Socket 20 mm X 1\/2&#8243; internal thread"},"content":{"rendered":"<h2>PVC Threaded Socket 20 mm X 1\/2&#8243; internal thread <\/h2>\n<p>Willkommen auf unserer Produktseite! Hier finden Sie alle Details, die Sie \u00fcber die <strong>PVC-Gewindemuffe 20 mm x 1\/2&#8243; Innengewinde<\/strong> ben\u00f6tigen. Dieses vielseitige Bauteil eignet sich perfekt f\u00fcr verschiedene Sanit\u00e4ranwendungen.<\/p>\n<p><strong>Funktionen:<\/strong><\/p>\n<ul>\n<li>Langlebiges PVC-Material<\/li>\n<li>Korrosionsbest\u00e4ndig<\/li>\n<li>Einfach zu installieren<\/li>\n<li>Zuverl\u00e4ssige Leistung<\/li>\n<\/ul>\n<p>Wenn Sie Fragen haben oder Hilfe ben\u00f6tigen, k\u00f6nnen Sie sich gerne an uns wenden. Wir sind hier, um Ihnen zu helfen, die beste Wahl f\u00fcr Ihre Projekte zu treffen!<\/p>\n<p><em>Vielen Dank, dass Sie unsere Produkte in Betracht ziehen!<\/em><\/p>\n","protected":false},"excerpt":{"rendered":"<p>PVC Threaded Socket 20 mm X 1\/2&#8243; internal thread<\/p>\n","protected":false},"featured_media":78030,"template":"","meta":[],"pwb-brand":[2173],"product_cat":[1562,1534],"product_tag":[],"class_list":{"0":"post-88289","1":"product","2":"type-product","3":"status-publish","4":"has-post-thumbnail","6":"pwb-brand-loc-line","7":"product_cat-1-2-de","8":"product_cat-verschiedene","10":"first","11":"instock","12":"taxable","13":"shipping-taxable","14":"purchasable","15":"product-type-simple"},"acf":[],"brands":[{"id":2173,"name":"Loc-Line","slug":"loc-line"}],"_links":{"self":[{"href":"https:\/\/www.seaflowerstore.com\/de\/wp-json\/wp\/v2\/product\/88289","targetHints":{"allow":["GET"]}}],"collection":[{"href":"https:\/\/www.seaflowerstore.com\/de\/wp-json\/wp\/v2\/product"}],"about":[{"href":"https:\/\/www.seaflowerstore.com\/de\/wp-json\/wp\/v2\/types\/product"}],"wp:featuredmedia":[{"embeddable":true,"href":"https:\/\/www.seaflowerstore.com\/de\/wp-json\/wp\/v2\/media\/78030"}],"wp:attachment":[{"href":"https:\/\/www.seaflowerstore.com\/de\/wp-json\/wp\/v2\/media?parent=88289"}],"wp:term":[{"taxonomy":"pwb-brand","embeddable":true,"href":"https:\/\/www.seaflowerstore.com\/de\/wp-json\/wp\/v2\/pwb-brand?post=88289"},{"taxonomy":"product_cat","embeddable":true,"href":"https:\/\/www.seaflowerstore.com\/de\/wp-json\/wp\/v2\/product_cat?post=88289"},{"taxonomy":"product_tag","embeddable":true,"href":"https:\/\/www.seaflowerstore.com\/de\/wp-json\/wp\/v2\/product_tag?post=88289"}],"curies":[{"name":"wp","href":"https:\/\/api.w.org\/{rel}","templated":true}]}}