{"id":88290,"date":"2015-02-19T20:57:54","date_gmt":"2015-02-19T19:57:54","guid":{"rendered":"https:\/\/www.seaflowerstore.com\/nl\/ecotech-marine-rms-xr15-tank-mount-system\/"},"modified":"2024-03-20T16:24:15","modified_gmt":"2024-03-20T15:24:15","slug":"ecotech-marine-rms-xr15-tank-mount-system","status":"publish","type":"product","link":"https:\/\/www.seaflowerstore.com\/de\/ecotech-marine-rms-xr15-tank-mount-system\/","title":{"rendered":"Ecotech Marine RMS XR15 Tank Mount System"},"content":{"rendered":"<h2>Ecotech Marine RMS XR15 Tank Mount System for <strong>any generation<\/strong><\/h2>\n<p>Das XR15 Single Light RMS ist f\u00fcr die sichere Montage eines einzelnen XR15 <strong>jeder Generation<\/strong> konzipiert. Obwohl es nicht immer praktisch ist, Ihr EcoTech Marine Radion von der Decke zu h\u00e4ngen, hat EcoTech das Radion Mounting System (RMS) entwickelt, um eine einfache und sichere Montagel\u00f6sung f\u00fcr die XR15-Leuchte bereitzustellen. Mit dem EcoTech Marine XR15 RMS k\u00f6nnen Sie Ihren Radion XR15 ganz einfach direkt an Ihrem Standard- oder randlosen Tank befestigen.<\/p>\n<p><strong>Funktionen<\/strong><\/p>\n<ul>\n<li>Montiert eine einzelne Radion-Vorrichtung<\/li>\n<li>Abw\u00e4rtskompatibel mit allen Radion-Generationen<\/li>\n<li>Positionieren Sie Ihren Radion mithilfe der verschiebbaren Verl\u00e4ngerungsstange<\/li>\n<li>Schlankes Design<\/li>\n<li>Einfache Einrichtung<\/li>\n<li>Stabile Konstruktion, die sich nicht verbiegt<\/li>\n<li>Innovatives Klemmsystem<\/li>\n<li>Integriertes Kabelmanagement<\/li>\n<li>Langlebige Aluminiumkonstruktion<\/li>\n<li>Einstellbar zur Feinabstimmung<\/li>\n<li>Rillen zum Verbergen von Kabeln<\/li>\n<li>Mehrere Verl\u00e4ngerungsschienen f\u00fcr verschiedene Tankgr\u00f6\u00dfen im Lieferumfang enthalten<\/li>\n<\/ul>\n<div><strong>Produktspezifikationen:<\/strong><\/div>\n<ul>\n<li>Maximale Tank-\/Verkleidungsdicke: <strong>3,5 cm<\/strong><\/li>\n<li>Ma\u00dfe der Klemme: 13,5 x 8 x 7 cm<\/li>\n<li>Erforderlicher Abstand \u00fcber RMS: 33 cm<\/li>\n<\/ul>\n<div><strong>Was ist im Lieferumfang enthalten?<\/strong><\/div>\n<ul>\n<li>RMS XR15 G5 Tankmontagesystem<\/li>\n<\/ul>\n","protected":false},"excerpt":{"rendered":"<p>Ecotech Marine RMS XR15 Tank Mount System for any generation<\/p>\n","protected":false},"featured_media":84770,"template":"","meta":[],"pwb-brand":[2169],"product_cat":[1384],"product_tag":[],"class_list":{"0":"post-88290","1":"product","2":"type-product","3":"status-publish","4":"has-post-thumbnail","6":"pwb-brand-ecotech-marine","7":"product_cat-led-de","9":"first","10":"instock","11":"taxable","12":"shipping-taxable","13":"purchasable","14":"product-type-simple"},"acf":[],"brands":[{"id":2169,"name":"Ecotech Marine","slug":"ecotech-marine"}],"_links":{"self":[{"href":"https:\/\/www.seaflowerstore.com\/de\/wp-json\/wp\/v2\/product\/88290","targetHints":{"allow":["GET"]}}],"collection":[{"href":"https:\/\/www.seaflowerstore.com\/de\/wp-json\/wp\/v2\/product"}],"about":[{"href":"https:\/\/www.seaflowerstore.com\/de\/wp-json\/wp\/v2\/types\/product"}],"wp:featuredmedia":[{"embeddable":true,"href":"https:\/\/www.seaflowerstore.com\/de\/wp-json\/wp\/v2\/media\/84770"}],"wp:attachment":[{"href":"https:\/\/www.seaflowerstore.com\/de\/wp-json\/wp\/v2\/media?parent=88290"}],"wp:term":[{"taxonomy":"pwb-brand","embeddable":true,"href":"https:\/\/www.seaflowerstore.com\/de\/wp-json\/wp\/v2\/pwb-brand?post=88290"},{"taxonomy":"product_cat","embeddable":true,"href":"https:\/\/www.seaflowerstore.com\/de\/wp-json\/wp\/v2\/product_cat?post=88290"},{"taxonomy":"product_tag","embeddable":true,"href":"https:\/\/www.seaflowerstore.com\/de\/wp-json\/wp\/v2\/product_tag?post=88290"}],"curies":[{"name":"wp","href":"https:\/\/api.w.org\/{rel}","templated":true}]}}