{"id":88291,"date":"2015-02-19T20:45:24","date_gmt":"2015-02-19T19:45:24","guid":{"rendered":"https:\/\/www.seaflowerstore.com\/nl\/rms-xr30g5-tank-mount-system\/"},"modified":"2024-03-20T16:24:14","modified_gmt":"2024-03-20T15:24:14","slug":"rms-xr30g5-tank-mount-system","status":"publish","type":"product","link":"https:\/\/www.seaflowerstore.com\/de\/rms-xr30g5-tank-mount-system\/","title":{"rendered":"RMS XR30G5 Tank Mount System"},"content":{"rendered":"<h2>RMS XR30G5 Tank Mount System<\/h2>\n<p>Wir stellen spezielle Kits vor, die speziell f\u00fcr das XR30-Modell Radion entwickelt wurden. Dieses Kit enth\u00e4lt alles, was Sie brauchen, um eine Radion-Leuchte an fast jedem Standard- oder randlosen Tank zu montieren. Es verf\u00fcgt \u00fcber mehrere Gleitschienen und eine drehbare X-Halterung, sodass Sie Ihren Radion genau dort positionieren k\u00f6nnen, wo Sie ihn haben m\u00f6chten.<\/p>\n<p>Das XR30 Single Light RMS kann einen einzelnen XR30 jeder Generation montieren.<\/p>\n<div><strong>Produktspezifikationen:<\/strong><\/div>\n<div>\n<ul>\n<li>Maximale Tank-\/Trimmdicke: <strong>5 cm (1-3\/8&#8243;)<\/strong><\/li>\n<li>Ma\u00dfe der Klemme: 9 cm x 8,2 cm x 7,62 cm (3,5&#8243; x 3,25&#8243; x 3&#8243;)<\/li>\n<li>Erforderlicher Abstand \u00fcber RMS: 33 cm (13&#8243;)<\/li>\n<\/ul>\n<\/div>\n","protected":false},"excerpt":{"rendered":"<p>Ecotech Marine RMS XR30G5 Tank Mount System Specialized kits designed for the XR30 model Radion<\/p>\n","protected":false},"featured_media":78026,"template":"","meta":[],"pwb-brand":[2169],"product_cat":[1384],"product_tag":[],"class_list":{"0":"post-88291","1":"product","2":"type-product","3":"status-publish","4":"has-post-thumbnail","6":"pwb-brand-ecotech-marine","7":"product_cat-led-de","9":"first","10":"instock","11":"taxable","12":"shipping-taxable","13":"purchasable","14":"product-type-simple"},"acf":[],"brands":[{"id":2169,"name":"Ecotech Marine","slug":"ecotech-marine"}],"_links":{"self":[{"href":"https:\/\/www.seaflowerstore.com\/de\/wp-json\/wp\/v2\/product\/88291","targetHints":{"allow":["GET"]}}],"collection":[{"href":"https:\/\/www.seaflowerstore.com\/de\/wp-json\/wp\/v2\/product"}],"about":[{"href":"https:\/\/www.seaflowerstore.com\/de\/wp-json\/wp\/v2\/types\/product"}],"wp:featuredmedia":[{"embeddable":true,"href":"https:\/\/www.seaflowerstore.com\/de\/wp-json\/wp\/v2\/media\/78026"}],"wp:attachment":[{"href":"https:\/\/www.seaflowerstore.com\/de\/wp-json\/wp\/v2\/media?parent=88291"}],"wp:term":[{"taxonomy":"pwb-brand","embeddable":true,"href":"https:\/\/www.seaflowerstore.com\/de\/wp-json\/wp\/v2\/pwb-brand?post=88291"},{"taxonomy":"product_cat","embeddable":true,"href":"https:\/\/www.seaflowerstore.com\/de\/wp-json\/wp\/v2\/product_cat?post=88291"},{"taxonomy":"product_tag","embeddable":true,"href":"https:\/\/www.seaflowerstore.com\/de\/wp-json\/wp\/v2\/product_tag?post=88291"}],"curies":[{"name":"wp","href":"https:\/\/api.w.org\/{rel}","templated":true}]}}