{"id":88295,"date":"2015-01-30T21:02:01","date_gmt":"2015-01-30T20:02:01","guid":{"rendered":"https:\/\/www.seaflowerstore.com\/nl\/ghl-conductivity-electrode-zee-zoet\/"},"modified":"2024-03-20T16:23:59","modified_gmt":"2024-03-20T15:23:59","slug":"ghl-conductivity-electrode-zee-zoet","status":"publish","type":"product","link":"https:\/\/www.seaflowerstore.com\/de\/ghl-conductivity-electrode-zee-zoet\/","title":{"rendered":"GHL Conductivity electrode &#8211; zee + zoet"},"content":{"rendered":"<h2>GHL Conductivity Electrode for fresh- and saltwater<\/h2>\n<p>Die GHL-Leitf\u00e4higkeitselektrode ist eine langlebige Platinelektrode, die sowohl f\u00fcr S\u00fc\u00df- als auch f\u00fcr Meerwasseranwendungen entwickelt wurde. Sie wird mit einem 3-Meter-Kabel und einem BNC-Stecker geliefert.<\/p>\n<p><strong>Alle GHL-Messelektroden<\/strong> werden aus den hochwertigsten Materialien in Laborqualit\u00e4t hergestellt. Sie sind langlebig, erfordern wenig Wartung und erf\u00fcllen die h\u00f6chsten deutschen Qualit\u00e4tsstandards.<\/p>\n<p>Wir verwenden ausschlie\u00dflich pH- und Redox-\/ORP-Sonden mit Doppelverbindung und vermeiden die weniger zuverl\u00e4ssigen Sonden mit Einzelverbindung.<\/p>\n<p>Die meisten Modelle verf\u00fcgen \u00fcber extra lange Anschlusskabel (3 Meter), die speziell f\u00fcr die Aquaristik entwickelt wurden.<\/p>\n<p>Die Kalibrierung kann ganz einfach \u00fcber unser men\u00fcgef\u00fchrtes System im ProfiLux Controller durchgef\u00fchrt werden.<\/p>\n<p>Zudem sind alle Sensoren galvanisch getrennt, sodass sie problemlos in beliebiger Kombination parallel verwendet werden k\u00f6nnen.<\/p>\n","protected":false},"excerpt":{"rendered":"<p>GHL Conductivity Electrode for fresh- and saltwater<\/p>\n","protected":false},"featured_media":83505,"template":"","meta":[],"pwb-brand":[2157],"product_cat":[1419,1408],"product_tag":[],"class_list":{"0":"post-88295","1":"product","2":"type-product","3":"status-publish","4":"has-post-thumbnail","6":"pwb-brand-ghl","7":"product_cat-messstifte","8":"product_cat-computer-de","10":"first","11":"outofstock","12":"taxable","13":"shipping-taxable","14":"purchasable","15":"product-type-simple"},"acf":[],"brands":[{"id":2157,"name":"GHL","slug":"ghl"}],"_links":{"self":[{"href":"https:\/\/www.seaflowerstore.com\/de\/wp-json\/wp\/v2\/product\/88295","targetHints":{"allow":["GET"]}}],"collection":[{"href":"https:\/\/www.seaflowerstore.com\/de\/wp-json\/wp\/v2\/product"}],"about":[{"href":"https:\/\/www.seaflowerstore.com\/de\/wp-json\/wp\/v2\/types\/product"}],"wp:featuredmedia":[{"embeddable":true,"href":"https:\/\/www.seaflowerstore.com\/de\/wp-json\/wp\/v2\/media\/83505"}],"wp:attachment":[{"href":"https:\/\/www.seaflowerstore.com\/de\/wp-json\/wp\/v2\/media?parent=88295"}],"wp:term":[{"taxonomy":"pwb-brand","embeddable":true,"href":"https:\/\/www.seaflowerstore.com\/de\/wp-json\/wp\/v2\/pwb-brand?post=88295"},{"taxonomy":"product_cat","embeddable":true,"href":"https:\/\/www.seaflowerstore.com\/de\/wp-json\/wp\/v2\/product_cat?post=88295"},{"taxonomy":"product_tag","embeddable":true,"href":"https:\/\/www.seaflowerstore.com\/de\/wp-json\/wp\/v2\/product_tag?post=88295"}],"curies":[{"name":"wp","href":"https:\/\/api.w.org\/{rel}","templated":true}]}}