{"id":88312,"date":"2015-01-02T09:07:20","date_gmt":"2015-01-02T08:07:20","guid":{"rendered":"https:\/\/www.seaflowerstore.com\/nl\/342-ppm-tds-calibration-solution-90ml\/"},"modified":"2024-03-20T16:23:36","modified_gmt":"2024-03-20T15:23:36","slug":"342-ppm-tds-calibration-solution-90ml","status":"publish","type":"product","link":"https:\/\/www.seaflowerstore.com\/de\/342-ppm-tds-calibration-solution-90ml\/","title":{"rendered":"342 PPM TDS Calibration Solution 90ml"},"content":{"rendered":"<h2>342 PPM TDS Calibration Solution 90ml<\/h2>\n<p>Diese Kalibrierl\u00f6sung ist sehr genau und stabil und wurde speziell f\u00fcr die Kalibrierung von TDS-Messger\u00e4ten entwickelt. Bitte beachten Sie, dass Testfl\u00fcssigkeiten sehr empfindlich auf Verunreinigungen reagieren, die ihre Genauigkeit beeintr\u00e4chtigen k\u00f6nnen.<\/p>\n","protected":false},"excerpt":{"rendered":"<p>342PPM TDS Calibration Solution 90ml for the calibration of TDS meters<\/p>\n","protected":false},"featured_media":77974,"template":"","meta":[],"pwb-brand":[2137],"product_cat":[1399,1500,1400],"product_tag":[],"class_list":{"0":"post-88312","1":"product","2":"type-product","3":"status-publish","4":"has-post-thumbnail","6":"pwb-brand-d-d-the-aquarium-solution","7":"product_cat-referenz-fluessigkeiten","8":"product_cat-referenzfluessigkeiten","9":"product_cat-tester","11":"first","12":"outofstock","13":"taxable","14":"shipping-taxable","15":"purchasable","16":"product-type-simple"},"acf":[],"brands":[{"id":2137,"name":"D-D the aquarium solution","slug":"d-d-the-aquarium-solution"}],"_links":{"self":[{"href":"https:\/\/www.seaflowerstore.com\/de\/wp-json\/wp\/v2\/product\/88312","targetHints":{"allow":["GET"]}}],"collection":[{"href":"https:\/\/www.seaflowerstore.com\/de\/wp-json\/wp\/v2\/product"}],"about":[{"href":"https:\/\/www.seaflowerstore.com\/de\/wp-json\/wp\/v2\/types\/product"}],"wp:featuredmedia":[{"embeddable":true,"href":"https:\/\/www.seaflowerstore.com\/de\/wp-json\/wp\/v2\/media\/77974"}],"wp:attachment":[{"href":"https:\/\/www.seaflowerstore.com\/de\/wp-json\/wp\/v2\/media?parent=88312"}],"wp:term":[{"taxonomy":"pwb-brand","embeddable":true,"href":"https:\/\/www.seaflowerstore.com\/de\/wp-json\/wp\/v2\/pwb-brand?post=88312"},{"taxonomy":"product_cat","embeddable":true,"href":"https:\/\/www.seaflowerstore.com\/de\/wp-json\/wp\/v2\/product_cat?post=88312"},{"taxonomy":"product_tag","embeddable":true,"href":"https:\/\/www.seaflowerstore.com\/de\/wp-json\/wp\/v2\/product_tag?post=88312"}],"curies":[{"name":"wp","href":"https:\/\/api.w.org\/{rel}","templated":true}]}}