{"id":88313,"date":"2015-01-01T10:27:56","date_gmt":"2015-01-01T09:27:56","guid":{"rendered":"https:\/\/www.seaflowerstore.com\/nl\/tunze-care-magnet-long-incl-care-booster\/"},"modified":"2025-07-12T13:20:30","modified_gmt":"2025-07-12T11:20:30","slug":"tunze-care-magnet-long-incl-care-booster","status":"publish","type":"product","link":"https:\/\/www.seaflowerstore.com\/de\/tunze-care-magnet-long-incl-care-booster\/","title":{"rendered":"Tunze Care Magnet LONG incl care booster"},"content":{"rendered":"<h2>Tunze Care Magnet LONG incl care booster float for easily removal of algae<\/h2>\n<p><strong>Glasdicke:<\/strong> 10-15 mm<\/p>\n<p><strong>Abmessungen:<\/strong> Breite 86 mm, L\u00e4nge 140 mm<\/p>\n<p>Der Care Magnet ist ein innovatives Reinigungswerkzeug f\u00fcr Aquarien, das komplett neu entwickelt wurde. Dieser neue Magnet verf\u00fcgt \u00fcber Kunststoffklingen, die speziell f\u00fcr die hartn\u00e4ckigsten Algen entwickelt wurden. Einer der Hauptvorteile der Verwendung von Kunststoff besteht darin, dass er nicht rostet, sodass der Magnet sicher im Aquarium verbleiben kann.<\/p>\n<p>Die Kunststoffklingen sind sanft zu Ihrem Aquarienglas und eignen sich daher sowohl f\u00fcr den Einsatz in Glas- als auch in Acryltanks. Ein bemerkenswertes Merkmal ist, dass der Magnet einen Abstand von 3 mm zum Glas einh\u00e4lt, wodurch verhindert wird, dass Sandk\u00f6rner zwischen dem Magneten und der Oberfl\u00e4che eingeklemmt werden.<\/p>\n<p>Au\u00dferdem ist die Lebensdauer dieser Kunststoffklingen im Vergleich zu herk\u00f6mmlichen Metallversionen deutlich l\u00e4nger. Die Magnete sind in drei Varianten erh\u00e4ltlich:<\/p>\n<ul>\n<li>Eine Nano-Version f\u00fcr Aquarien mit 6 bis 10 mm Glasdicke<\/li>\n<li>Eine lange Version f\u00fcr Glasdicke von 10 bis 15 mm<\/li>\n<li>Eine starke Version f\u00fcr Glasdicke von 15 bis 20 mm<\/li>\n<\/ul>\n","protected":false},"excerpt":{"rendered":"<p>Tunze Care Magnet LONG incl care booster float for easily removal of algae<\/p>\n","protected":false},"featured_media":83385,"template":"","meta":[],"pwb-brand":[2123],"product_cat":[1428],"product_tag":[],"class_list":{"0":"post-88313","1":"product","2":"type-product","3":"status-publish","4":"has-post-thumbnail","6":"pwb-brand-tunze","7":"product_cat-algenmagnet","9":"first","10":"instock","11":"taxable","12":"shipping-taxable","13":"purchasable","14":"product-type-simple"},"acf":[],"brands":[{"id":2123,"name":"Tunze","slug":"tunze"}],"_links":{"self":[{"href":"https:\/\/www.seaflowerstore.com\/de\/wp-json\/wp\/v2\/product\/88313","targetHints":{"allow":["GET"]}}],"collection":[{"href":"https:\/\/www.seaflowerstore.com\/de\/wp-json\/wp\/v2\/product"}],"about":[{"href":"https:\/\/www.seaflowerstore.com\/de\/wp-json\/wp\/v2\/types\/product"}],"wp:featuredmedia":[{"embeddable":true,"href":"https:\/\/www.seaflowerstore.com\/de\/wp-json\/wp\/v2\/media\/83385"}],"wp:attachment":[{"href":"https:\/\/www.seaflowerstore.com\/de\/wp-json\/wp\/v2\/media?parent=88313"}],"wp:term":[{"taxonomy":"pwb-brand","embeddable":true,"href":"https:\/\/www.seaflowerstore.com\/de\/wp-json\/wp\/v2\/pwb-brand?post=88313"},{"taxonomy":"product_cat","embeddable":true,"href":"https:\/\/www.seaflowerstore.com\/de\/wp-json\/wp\/v2\/product_cat?post=88313"},{"taxonomy":"product_tag","embeddable":true,"href":"https:\/\/www.seaflowerstore.com\/de\/wp-json\/wp\/v2\/product_tag?post=88313"}],"curies":[{"name":"wp","href":"https:\/\/api.w.org\/{rel}","templated":true}]}}