{"id":88314,"date":"2015-01-01T10:17:06","date_gmt":"2015-01-01T09:17:06","guid":{"rendered":"https:\/\/www.seaflowerstore.com\/nl\/tunze-care-magnet-nano\/"},"modified":"2024-03-20T16:23:26","modified_gmt":"2024-03-20T15:23:26","slug":"tunze-care-magnet-nano","status":"publish","type":"product","link":"https:\/\/www.seaflowerstore.com\/de\/tunze-care-magnet-nano\/","title":{"rendered":"Tunze Care Magnet NANO"},"content":{"rendered":"<h2>Tunze Care Magnet NANO<\/h2>\n<p>Der Tunze Care Magnet NANO ist f\u00fcr die m\u00fchelose Entfernung von Algen von Aquarienscheiben konzipiert. Er ist f\u00fcr Glasst\u00e4rken bis zu 10 mm geeignet. Hier die Abmessungen:<\/p>\n<ul>\n<li><strong>Breite:<\/strong> 45 mm<\/li>\n<li><strong>L\u00e4nge:<\/strong> 78 mm<\/li>\n<\/ul>\n<p>Diesem Produkt liegt eine Ersatzklinge aus Kunststoff bei.<\/p>\n<div class=\"item\">\n<div class=\"item__content columns clearfix\">\n<div class=\"product-detail--spec-content column60p\">\n<h3>Care Magnet \u2013 Pflege f\u00fcr Ihr Aquarium<\/h3>\n<p>Das Care Magnet-Konzept war 2014 eine bedeutende Innovation und revolutionierte das Design von Scheibenreinigern. Es verf\u00fcgt \u00fcber einen ergonomischen Griff und spezielle Kunststoffklingen aus langlebigem Hochleistungskunststoff.<\/p>\n<\/div>\n<\/div>\n<\/div>\n<div class=\"item\">\n<div class=\"item__content columns clearfix\">\n<div class=\"column40p\">\n<span style=\"font-size: 20.16px;\"><strong>Warum ist das wichtig?<\/strong><\/span>\n<\/div>\n<div class=\"product-detail--spec-content column60p\">\n<p>Dieser Glasscheibenreiniger verhindert Kratzer auf der Innenseite des Aquarienglases und ist dank der kleinen Kunststoffklinge auch f\u00fcr die Verwendung auf Acrylscheiben sicher. Der innere Magnet ist mehr als 3 mm vom Aquarium entfernt, wodurch ein Verklemmen mit Aquariensand vermieden wird. Die beiden Kunststoffklingen entfernen Algen von Glasfl\u00e4chen wesentlich effektiver als ein flaches Reinigungswerkzeug \u2013 sie erreichen fast die Leistung einer scharfen Metallklinge. Die Lebensdauer einer Klinge kann mehrere Monate bis etwa ein Jahr betragen. Der geringe Str\u00f6mungswiderstand beim Reinigen, kombiniert mit einer starken magnetischen Kopplung, macht es sehr schwierig, den Magneten w\u00e4hrend des Gebrauchs zu trennen. Die gr\u00f6\u00dfere Klinge sollte nur mit der mitgelieferten Edelstahlklinge bei besonders hartn\u00e4ckigen Algen, wie z. B. alten Ablagerungen an Seitenw\u00e4nden oder dicken Kalkalgen, verwendet werden.<\/p>\n<\/div>\n<\/div>\n<\/div>\n<div class=\"item\">\n<div class=\"item__content columns clearfix\">\n<div class=\"column40p\">\n<span style=\"font-size: 20.16px;\"><strong>Das patentierte Prinzip<\/strong><\/span>\n<\/div>\n<div class=\"product-detail--spec-content column60p\">\n<p>Durch die Verwendung von Kunststoffklingen unterschiedlicher L\u00e4nge entsteht ein unterschiedlicher Anwendungsdruck, sodass die schmale Klinge selbst hartn\u00e4ckigste Algen beseitigen kann. Gleichzeitig kann die breite Klinge gro\u00dffl\u00e4chige Algenentfernung effizient bew\u00e4ltigen.<\/p>\n<\/div>\n<\/div>\n<\/div>\n<div class=\"item\">\n<div class=\"item__content columns clearfix\">\n<div class=\"column40p\">\n<span style=\"font-size: 20.16px;\"><strong>Dank seines schlanken Designs<\/strong><\/span>\n<\/div>\n<div class=\"product-detail--spec-content column60p\">\n<p>Das schlanke Design sorgt daf\u00fcr, dass Pflanzen und Korallen w\u00e4hrend der Reinigung ungest\u00f6rt bleiben.<\/p>\n<\/div>\n<\/div>\n<\/div>\n<div class=\"item\">\n<div class=\"item__content columns clearfix\">\n<div class=\"column40p\">\n<span style=\"font-size: 20.16px;\"><strong>Vielseitig einsetzbar<\/strong><\/span>\n<\/div>\n<div class=\"product-detail--spec-content column60p\">\n<p>Auch bei runden oder bogenf\u00f6rmigen Aquarienscheiben ist der Care Magnet gut einsetzbar.<\/p>\n<\/div>\n<\/div>\n<\/div>\n<div class=\"item\">\n<div class=\"item__content columns clearfix\">\n<div class=\"column40p\">\n<span style=\"font-size: 20.16px;\"><strong>Kunststofflamellen mit abgerundeten Kanten<\/strong><\/span>\n<\/div>\n<div class=\"product-detail--spec-content column60p\">\n<p>Die abgerundeten Kanten der Kunststofflamellen sorgen f\u00fcr einen sanften \u00dcbergang zu den angrenzenden Scheiben am Aquarienrand und sorgen daf\u00fcr, dass die Silikonfugen unbesch\u00e4digt bleiben.<\/p>\n<\/div>\n<\/div>\n<\/div>\n<div class=\"item\">\n<div class=\"item__content columns clearfix\">\n<div class=\"column40p\">\n<span style=\"font-size: 20.16px;\"><strong>Effektives Algenmanagement<\/strong><\/span>\n<\/div>\n<div class=\"product-detail--spec-content column60p\">\n<p>Dieses Werkzeug verteilt Algen nicht einfach als gr\u00fcnen Staub im Aquarium, sondern rollt sie vollst\u00e4ndig auf und wandelt den Algenfilm so effektiv in echtes Futter f\u00fcr Ihre Fische um.<\/p>\n<\/div>\n<\/div>\n<\/div>\n<div class=\"item\">\n<div class=\"item__content columns clearfix\">\n<div class=\"column40p\">\n<span style=\"font-size: 20.16px;\"><strong>Zus\u00e4tzliche Funktionalit\u00e4t<\/strong><\/span>\n<\/div>\n<div class=\"product-detail--spec-content column60p\">\n<p>F\u00fcr zus\u00e4tzlichen Komfort kann es auch als Handschaber verwendet werden.<\/p>\n<\/div>\n<\/div>\n<\/div>\n","protected":false},"excerpt":{"rendered":"<p>Tunze Care Magnet nano for easy removal of algae from the aquarium glass<\/p>\n","protected":false},"featured_media":77971,"template":"","meta":[],"pwb-brand":[2123],"product_cat":[1428],"product_tag":[],"class_list":{"0":"post-88314","1":"product","2":"type-product","3":"status-publish","4":"has-post-thumbnail","6":"pwb-brand-tunze","7":"product_cat-algenmagnet","9":"first","10":"outofstock","11":"taxable","12":"shipping-taxable","13":"purchasable","14":"product-type-simple"},"acf":[],"brands":[{"id":2123,"name":"Tunze","slug":"tunze"}],"_links":{"self":[{"href":"https:\/\/www.seaflowerstore.com\/de\/wp-json\/wp\/v2\/product\/88314","targetHints":{"allow":["GET"]}}],"collection":[{"href":"https:\/\/www.seaflowerstore.com\/de\/wp-json\/wp\/v2\/product"}],"about":[{"href":"https:\/\/www.seaflowerstore.com\/de\/wp-json\/wp\/v2\/types\/product"}],"wp:featuredmedia":[{"embeddable":true,"href":"https:\/\/www.seaflowerstore.com\/de\/wp-json\/wp\/v2\/media\/77971"}],"wp:attachment":[{"href":"https:\/\/www.seaflowerstore.com\/de\/wp-json\/wp\/v2\/media?parent=88314"}],"wp:term":[{"taxonomy":"pwb-brand","embeddable":true,"href":"https:\/\/www.seaflowerstore.com\/de\/wp-json\/wp\/v2\/pwb-brand?post=88314"},{"taxonomy":"product_cat","embeddable":true,"href":"https:\/\/www.seaflowerstore.com\/de\/wp-json\/wp\/v2\/product_cat?post=88314"},{"taxonomy":"product_tag","embeddable":true,"href":"https:\/\/www.seaflowerstore.com\/de\/wp-json\/wp\/v2\/product_tag?post=88314"}],"curies":[{"name":"wp","href":"https:\/\/api.w.org\/{rel}","templated":true}]}}