{"id":88322,"date":"2014-11-16T08:49:47","date_gmt":"2014-11-16T07:49:47","guid":{"rendered":"https:\/\/www.seaflowerstore.com\/nl\/easy-life-filter-medium-1000ml\/"},"modified":"2024-03-20T16:23:09","modified_gmt":"2024-03-20T15:23:09","slug":"easy-life-filter-medium-1000ml","status":"publish","type":"product","link":"https:\/\/www.seaflowerstore.com\/de\/easy-life-filter-medium-1000ml\/","title":{"rendered":"Easy Life filter medium 1000ml"},"content":{"rendered":"<h2>Easy Life Filter medium 1000ml also ensures crystal clear water, superior water quality and reduced algae growth<\/h2>\n<p>Das fl\u00fcssige Filtermedium Easy-Life ist ein vielseitiges Produkt, das f\u00fcr viele Zwecke verwendet werden kann. Es dient als Pflegeprodukt, Wasseraufbereiter, Stimulator, Prophylaxe, D\u00fcnger und allgemeiner Probleml\u00f6ser f\u00fcr S\u00fc\u00dfwasser- und Meerwasseraquarien. Sie k\u00f6nnen sich darauf verlassen, dass Easy-Life 100 % sicher und nat\u00fcrlich ist und keine Chemikalien, Bakterien oder andere organische Zus\u00e4tze enth\u00e4lt.<\/p>\n<p><strong>Dosierung:<\/strong><\/p>\n<ul>\n<li>Erste Anwendung: Gesamtdosis: 10 ml pro 30 Liter Wasser.<\/li>\n<li>Monatliche Pflege: Gesamtdosis: 10 ml pro 30 Liter Wasser.<\/li>\n<\/ul>\n<p>Wenn Sie Easy-Life verwenden, werden Sie feststellen, dass Ihre Fische eine bessere Farbe und einen besseren Appetit haben. Es hilft, Fische in optimale Verfassung zu bringen und sie aktiver und lebendiger zu machen. Oft haben Fische aufgrund stressbedingter Darmerkrankungen Essprobleme, aber Easy-Life behebt und verhindert diese Probleme effektiv. Der Stresspegel sinkt schnell und Darmprobleme geh\u00f6ren der Vergangenheit an.<\/p>\n<p>Dieses fl\u00fcssige Filtermedium garantiert zudem kristallklares Wasser, eine hervorragende Wasserqualit\u00e4t und reduziertes Algenwachstum. Sie werden feststellen, dass Wasserwechsel seltener erforderlich sind. Zoos und f\u00fchrende Forschungszentren vertrauen darauf, dass es eine ausgezeichnete Wasserqualit\u00e4t aufrechterh\u00e4lt.<\/p>\n<p><strong>Alle Vorteile auf einen Blick:<\/strong><\/p>\n<ul>\n<li>Verhindert Probleme bei der Aquarienpflege und beim Transport;<\/li>\n<li>Ideal f\u00fcr die Einrichtung neuer Aquarien;<\/li>\n<li>Sorgt f\u00fcr au\u00dfergew\u00f6hnlich klares Wasser;<\/li>\n<li>Stabilisiert und verbessert die Wasserqualit\u00e4t;<\/li>\n<li>Entfernt Algen, Ger\u00fcche, Schwermetalle, Chemikalien und Medikamentenr\u00fcckst\u00e4nde;<\/li>\n<li>Beseitigt Stress;<\/li>\n<li>St\u00e4rkt die Widerstandskraft der Fische gegen Krankheiten;<\/li>\n<li>Intensiviert die Fischfarben und f\u00f6rdert die Vitalit\u00e4t;<\/li>\n<li>Verhindert bakterielle Infektionen und unterst\u00fctzt die Heilung;<\/li>\n<li>Reduziert die Fischsterblichkeit w\u00e4hrend des Transports und der Quarant\u00e4ne;<\/li>\n<li>Unterst\u00fctzt das gesunde Wachstum junger Fisch;<\/li>\n<li>Hilft beim D\u00fcngen von Pflanzen.<\/li>\n<\/ul>\n","protected":false},"excerpt":{"rendered":"<p>Easy Life Filter medium 1000ml also ensures crystal clear water, superior water quality and reduced algae growth<\/p>\n","protected":false},"featured_media":77959,"template":"","meta":[],"pwb-brand":[2197],"product_cat":[1391],"product_tag":[],"class_list":{"0":"post-88322","1":"product","2":"type-product","3":"status-publish","4":"has-post-thumbnail","6":"pwb-brand-easy-life","7":"product_cat-ergaenzungen","9":"first","10":"outofstock","11":"sale","12":"taxable","13":"shipping-taxable","14":"purchasable","15":"product-type-simple"},"acf":[],"brands":[{"id":2197,"name":"Easy Life","slug":"easy-life"}],"_links":{"self":[{"href":"https:\/\/www.seaflowerstore.com\/de\/wp-json\/wp\/v2\/product\/88322","targetHints":{"allow":["GET"]}}],"collection":[{"href":"https:\/\/www.seaflowerstore.com\/de\/wp-json\/wp\/v2\/product"}],"about":[{"href":"https:\/\/www.seaflowerstore.com\/de\/wp-json\/wp\/v2\/types\/product"}],"wp:featuredmedia":[{"embeddable":true,"href":"https:\/\/www.seaflowerstore.com\/de\/wp-json\/wp\/v2\/media\/77959"}],"wp:attachment":[{"href":"https:\/\/www.seaflowerstore.com\/de\/wp-json\/wp\/v2\/media?parent=88322"}],"wp:term":[{"taxonomy":"pwb-brand","embeddable":true,"href":"https:\/\/www.seaflowerstore.com\/de\/wp-json\/wp\/v2\/pwb-brand?post=88322"},{"taxonomy":"product_cat","embeddable":true,"href":"https:\/\/www.seaflowerstore.com\/de\/wp-json\/wp\/v2\/product_cat?post=88322"},{"taxonomy":"product_tag","embeddable":true,"href":"https:\/\/www.seaflowerstore.com\/de\/wp-json\/wp\/v2\/product_tag?post=88322"}],"curies":[{"name":"wp","href":"https:\/\/api.w.org\/{rel}","templated":true}]}}