{"id":88331,"date":"2014-10-23T09:25:25","date_gmt":"2014-10-23T07:25:25","guid":{"rendered":"https:\/\/www.seaflowerstore.com\/nl\/hanna-hi755-26-hi772-26-alkalinity-reagent-25x\/"},"modified":"2024-03-20T16:22:55","modified_gmt":"2024-03-20T15:22:55","slug":"hanna-hi755-26-hi772-26-alkalinity-reagent-25x","status":"publish","type":"product","link":"https:\/\/www.seaflowerstore.com\/de\/hanna-hi755-26-hi772-26-alkalinity-reagent-25x\/","title":{"rendered":"Hanna HI755-26 (HI772-26) Alkalinity reagent (25x)"},"content":{"rendered":"<h2>Hanna HI755-26 Reagents for alkalinity (= KH) in seawater (not freshwater) for HI755 and HI772<\/h2>\n<p>Der neue Alkalinit\u00e4tspr\u00fcfer HI772 verwendet dasselbe Reagenz wie die Pr\u00fcfer HI755 und HI772 zur Messung der Alkalinit\u00e4t (= KH) in Meerwasser, nicht in S\u00fc\u00dfwasser. Dieses Reagenz ist f\u00fcr bis zu 25 Tests geeignet.<\/p>\n<p>Jede Packung enth\u00e4lt eine neue Spritze und einen Spr\u00fchadapter, sodass Sie die Anwendung einfach und bequem durchf\u00fchren k\u00f6nnen.<\/p>\n","protected":false},"excerpt":{"rendered":"<p>Reagent for the HI755 and HI772 Alkalinity checkers<\/p>\n","protected":false},"featured_media":77941,"template":"","meta":[],"pwb-brand":[2229],"product_cat":[1400],"product_tag":[],"class_list":{"0":"post-88331","1":"product","2":"type-product","3":"status-publish","4":"has-post-thumbnail","6":"pwb-brand-hanna-instruments","7":"product_cat-tester","9":"first","10":"outofstock","11":"taxable","12":"shipping-taxable","13":"purchasable","14":"product-type-simple"},"acf":[],"brands":[{"id":2229,"name":"Hanna Instruments","slug":"hanna-instruments"}],"_links":{"self":[{"href":"https:\/\/www.seaflowerstore.com\/de\/wp-json\/wp\/v2\/product\/88331","targetHints":{"allow":["GET"]}}],"collection":[{"href":"https:\/\/www.seaflowerstore.com\/de\/wp-json\/wp\/v2\/product"}],"about":[{"href":"https:\/\/www.seaflowerstore.com\/de\/wp-json\/wp\/v2\/types\/product"}],"wp:featuredmedia":[{"embeddable":true,"href":"https:\/\/www.seaflowerstore.com\/de\/wp-json\/wp\/v2\/media\/77941"}],"wp:attachment":[{"href":"https:\/\/www.seaflowerstore.com\/de\/wp-json\/wp\/v2\/media?parent=88331"}],"wp:term":[{"taxonomy":"pwb-brand","embeddable":true,"href":"https:\/\/www.seaflowerstore.com\/de\/wp-json\/wp\/v2\/pwb-brand?post=88331"},{"taxonomy":"product_cat","embeddable":true,"href":"https:\/\/www.seaflowerstore.com\/de\/wp-json\/wp\/v2\/product_cat?post=88331"},{"taxonomy":"product_tag","embeddable":true,"href":"https:\/\/www.seaflowerstore.com\/de\/wp-json\/wp\/v2\/product_tag?post=88331"}],"curies":[{"name":"wp","href":"https:\/\/api.w.org\/{rel}","templated":true}]}}