{"id":88332,"date":"2014-10-23T09:21:06","date_gmt":"2014-10-23T07:21:06","guid":{"rendered":"https:\/\/www.seaflowerstore.com\/nl\/hanna-hi758-26-calcium-reagent-25x\/"},"modified":"2025-04-22T09:35:32","modified_gmt":"2025-04-22T07:35:32","slug":"hanna-hi758-26-calcium-reagent-25x","status":"publish","type":"product","link":"https:\/\/www.seaflowerstore.com\/de\/hanna-hi758-26-calcium-reagent-25x\/","title":{"rendered":"Hanna HI758-26 Calcium reagent (25x)"},"content":{"rendered":"<h2>Hanna HI758-26 Calcium reagent for calcium in seawater (not freshwater)<\/h2>\n<p>Das Hanna HI758 Calcium-Reagenz wurde speziell f\u00fcr die Verwendung mit dem Hanna HI758 Calcium-Checker entwickelt. Dieses Reagenz hat einen Messbereich von <strong>200 bis 600 mg\/l<\/strong> und eignet sich daher perfekt zur Bestimmung des Calciumgehalts in Meerwasser.<\/p>\n<p>Diese Packung enth\u00e4lt genug Reagenz f\u00fcr <strong>25 Tests<\/strong>, sodass Sie gen\u00fcgend Vorr\u00e4te haben, um Ihre Proben effektiv zu \u00fcberwachen.<\/p>\n","protected":false},"excerpt":{"rendered":"<p>Suitable for the Hanna HI758 calcium checker, measuring range 200 to 600 mg \/ l. Content is good for 25 tests<\/p>\n","protected":false},"featured_media":77934,"template":"","meta":[],"pwb-brand":[2229],"product_cat":[1400],"product_tag":[],"class_list":{"0":"post-88332","1":"product","2":"type-product","3":"status-publish","4":"has-post-thumbnail","6":"pwb-brand-hanna-instruments","7":"product_cat-tester","9":"first","10":"instock","11":"taxable","12":"shipping-taxable","13":"purchasable","14":"product-type-simple"},"acf":[],"brands":[{"id":2229,"name":"Hanna Instruments","slug":"hanna-instruments"}],"_links":{"self":[{"href":"https:\/\/www.seaflowerstore.com\/de\/wp-json\/wp\/v2\/product\/88332","targetHints":{"allow":["GET"]}}],"collection":[{"href":"https:\/\/www.seaflowerstore.com\/de\/wp-json\/wp\/v2\/product"}],"about":[{"href":"https:\/\/www.seaflowerstore.com\/de\/wp-json\/wp\/v2\/types\/product"}],"wp:featuredmedia":[{"embeddable":true,"href":"https:\/\/www.seaflowerstore.com\/de\/wp-json\/wp\/v2\/media\/77934"}],"wp:attachment":[{"href":"https:\/\/www.seaflowerstore.com\/de\/wp-json\/wp\/v2\/media?parent=88332"}],"wp:term":[{"taxonomy":"pwb-brand","embeddable":true,"href":"https:\/\/www.seaflowerstore.com\/de\/wp-json\/wp\/v2\/pwb-brand?post=88332"},{"taxonomy":"product_cat","embeddable":true,"href":"https:\/\/www.seaflowerstore.com\/de\/wp-json\/wp\/v2\/product_cat?post=88332"},{"taxonomy":"product_tag","embeddable":true,"href":"https:\/\/www.seaflowerstore.com\/de\/wp-json\/wp\/v2\/product_tag?post=88332"}],"curies":[{"name":"wp","href":"https:\/\/api.w.org\/{rel}","templated":true}]}}