{"id":88333,"date":"2014-10-23T09:21:06","date_gmt":"2014-10-23T07:21:06","guid":{"rendered":"https:\/\/www.seaflowerstore.com\/nl\/hanna-hi736-phosphorus-ulr-checker\/"},"modified":"2026-01-03T10:44:07","modified_gmt":"2026-01-03T09:44:07","slug":"hanna-hi736-phosphorus-ulr-checker","status":"publish","type":"product","link":"https:\/\/www.seaflowerstore.com\/de\/hanna-hi736-phosphorus-ulr-checker\/","title":{"rendered":"Hanna HI736 Phosphorus ULR checker"},"content":{"rendered":"<h2>Hanna HI736 Phosphorus ULR checker the best phosphate tester for your aquarium<\/h2>\n<p>Der Hanna HI736 ist der beste Phosphatester auf dem Markt. Es misst Phosphor, den Sie leicht in PO4 (Phosphat) umrechnen k\u00f6nnen, indem Sie den angezeigten Wert mit 3,066 multiplizieren und dann durch 1000 dividieren. Dieser Checker wird mit 6 Beuteln zum Messen geliefert, Sie k\u00f6nnen aber auch einzelne Pakete mit 25 Testbeuteln finden.<\/p>\n<h3>Spezifikationen<\/h3>\n<ul>\n<li><strong>Bereich:<\/strong> 0 bis 200 ppb<\/li>\n<li><strong>Aufl\u00f6sung:<\/strong> 1 ppb<\/li>\n<li><strong>Genauigkeit bei 25 \u00b0C:<\/strong> \u00b1 5 ppb \u00b1 5 % des Messwerts (+\/- 0,015 ppm)<\/li>\n<li><strong>Lichtquelle:<\/strong> LED @ 525 nm<\/li>\n<li><strong>Lichtdetektor:<\/strong> Silizium-Fotozelle<\/li>\n<li><strong>Methode:<\/strong> Anpassung von Standardmethoden f\u00fcr Wasser und Abwasseranalyse, insbesondere die Ascorbins\u00e4uremethode<\/li>\n<li><strong>Betriebstemperatur:<\/strong> 0 bis 50 \u00b0C (32 bis 122 \u00b0F); RH max. 95 % nicht kondensierend<\/li>\n<li><strong>Batterie:<\/strong> 1x AAA<\/li>\n<li><strong>Automatische Abschaltung:<\/strong> Nach drei Minuten Nichtgebrauch und zwei Minuten nach der Messung<\/li>\n<li><strong>Abmessungen:<\/strong> 81,5 mm x 61 mm x 37,5 mm (3,2&#8243; x 2,4&#8243; x 1,5&#8243;)<\/li>\n<li><strong>Gewicht:<\/strong> 64 g (2,25 oz.)<\/li>\n<\/ul>\n<p>Das Paket enth\u00e4lt den HI736 Checker zusammen mit zwei Probenk\u00fcvetten mit Kappen, einem Phosphor-ULR-Reagenz-Starterkit f\u00fcr 6 Tests (bestehend aus 6 Pulverreagenzpaketen), einer Batterie, Anweisungen und einer Kurzanleitung.<\/p>\n","protected":false},"excerpt":{"rendered":"<p>Hanna HI736 is the best tester for phosphate (Po4)<\/p>\n","protected":false},"featured_media":77936,"template":"","meta":[],"pwb-brand":[2229],"product_cat":[1533,1400],"product_tag":[],"class_list":{"0":"post-88333","1":"product","2":"type-product","3":"status-publish","4":"has-post-thumbnail","6":"pwb-brand-hanna-instruments","7":"product_cat-dsr-empfohlen","8":"product_cat-tester","10":"first","11":"instock","12":"taxable","13":"shipping-taxable","14":"purchasable","15":"product-type-simple"},"acf":[],"brands":[{"id":2229,"name":"Hanna Instruments","slug":"hanna-instruments"}],"_links":{"self":[{"href":"https:\/\/www.seaflowerstore.com\/de\/wp-json\/wp\/v2\/product\/88333","targetHints":{"allow":["GET"]}}],"collection":[{"href":"https:\/\/www.seaflowerstore.com\/de\/wp-json\/wp\/v2\/product"}],"about":[{"href":"https:\/\/www.seaflowerstore.com\/de\/wp-json\/wp\/v2\/types\/product"}],"wp:featuredmedia":[{"embeddable":true,"href":"https:\/\/www.seaflowerstore.com\/de\/wp-json\/wp\/v2\/media\/77936"}],"wp:attachment":[{"href":"https:\/\/www.seaflowerstore.com\/de\/wp-json\/wp\/v2\/media?parent=88333"}],"wp:term":[{"taxonomy":"pwb-brand","embeddable":true,"href":"https:\/\/www.seaflowerstore.com\/de\/wp-json\/wp\/v2\/pwb-brand?post=88333"},{"taxonomy":"product_cat","embeddable":true,"href":"https:\/\/www.seaflowerstore.com\/de\/wp-json\/wp\/v2\/product_cat?post=88333"},{"taxonomy":"product_tag","embeddable":true,"href":"https:\/\/www.seaflowerstore.com\/de\/wp-json\/wp\/v2\/product_tag?post=88333"}],"curies":[{"name":"wp","href":"https:\/\/api.w.org\/{rel}","templated":true}]}}