{"id":88337,"date":"2014-09-01T12:17:01","date_gmt":"2014-09-01T10:17:01","guid":{"rendered":"https:\/\/www.seaflowerstore.com\/nl\/replacementpad-for-mega-mag-1-and-2\/"},"modified":"2024-03-20T16:22:46","modified_gmt":"2024-03-20T15:22:46","slug":"replacementpad-for-mega-mag-1-and-2","status":"publish","type":"product","link":"https:\/\/www.seaflowerstore.com\/de\/replacementpad-for-mega-mag-1-and-2\/","title":{"rendered":"Replacementpad for Mega Mag 1 and 2"},"content":{"rendered":"<h2>Replacementpad for Mega Mag 1 and 2<\/h2>\n<p><strong>Das Ersatzpad f\u00fcr Mega Mag 1 und 2<\/strong> wurde entwickelt, um Ihr Erlebnis zu verbessern. Wenn Sie nach einer zuverl\u00e4ssigen und effektiven L\u00f6sung suchen, sind Sie hier genau richtig.<\/p>\n<p>Dieses Ersatzpad bietet mehrere Vorteile:<\/p>\n<ul>\n<li><strong>Haltbarkeit:<\/strong> Hergestellt aus hochwertigen Materialien, um eine lang anhaltende Leistung zu gew\u00e4hrleisten.<\/li>\n<li><strong>Komfort:<\/strong> Entwickelt f\u00fcr eine bequeme Passform, sodass es auch \u00fcber l\u00e4ngere Zeitr\u00e4ume problemlos verwendet werden kann.<\/li>\n<li><strong>Kompatibilit\u00e4t:<\/strong> Speziell auf die Modelle Mega Mag 1 und 2 zugeschnitten.<\/li>\n<\/ul>\n<p>Unser Team ist hier, um Ihnen bei allen Fragen zu helfen, die Sie haben. Wir sind bestrebt, Ihnen hervorragenden Kundenservice und Support zu bieten.<\/p>\n","protected":false},"excerpt":{"rendered":"<p>.<\/p>\n","protected":false},"featured_media":77926,"template":"","meta":[],"pwb-brand":[2149],"product_cat":[1428,1421],"product_tag":[],"class_list":{"0":"post-88337","1":"product","2":"type-product","3":"status-publish","4":"has-post-thumbnail","6":"pwb-brand-aqua-medic","7":"product_cat-algenmagnet","8":"product_cat-aqua-medic-de","10":"first","11":"instock","12":"taxable","13":"shipping-taxable","14":"purchasable","15":"product-type-simple"},"acf":[],"brands":[{"id":2149,"name":"Aqua Medic","slug":"aqua-medic"}],"_links":{"self":[{"href":"https:\/\/www.seaflowerstore.com\/de\/wp-json\/wp\/v2\/product\/88337","targetHints":{"allow":["GET"]}}],"collection":[{"href":"https:\/\/www.seaflowerstore.com\/de\/wp-json\/wp\/v2\/product"}],"about":[{"href":"https:\/\/www.seaflowerstore.com\/de\/wp-json\/wp\/v2\/types\/product"}],"wp:featuredmedia":[{"embeddable":true,"href":"https:\/\/www.seaflowerstore.com\/de\/wp-json\/wp\/v2\/media\/77926"}],"wp:attachment":[{"href":"https:\/\/www.seaflowerstore.com\/de\/wp-json\/wp\/v2\/media?parent=88337"}],"wp:term":[{"taxonomy":"pwb-brand","embeddable":true,"href":"https:\/\/www.seaflowerstore.com\/de\/wp-json\/wp\/v2\/pwb-brand?post=88337"},{"taxonomy":"product_cat","embeddable":true,"href":"https:\/\/www.seaflowerstore.com\/de\/wp-json\/wp\/v2\/product_cat?post=88337"},{"taxonomy":"product_tag","embeddable":true,"href":"https:\/\/www.seaflowerstore.com\/de\/wp-json\/wp\/v2\/product_tag?post=88337"}],"curies":[{"name":"wp","href":"https:\/\/api.w.org\/{rel}","templated":true}]}}