{"id":88340,"date":"2014-07-15T09:06:14","date_gmt":"2014-07-15T07:06:14","guid":{"rendered":"https:\/\/www.seaflowerstore.com\/nl\/tk-2000-chiller\/"},"modified":"2024-03-20T16:22:34","modified_gmt":"2024-03-20T15:22:34","slug":"tk-2000-chiller","status":"publish","type":"product","link":"https:\/\/www.seaflowerstore.com\/de\/tk-2000-chiller\/","title":{"rendered":"TK 2000 Chiller"},"content":{"rendered":"<h2>TK 2000 Chiller<\/h2>\n<p><strong>TK 2000 K\u00fchler<\/strong><\/p>\n<p>TECO-K\u00fchler stehen f\u00fcr Spitzentechnologie, italienischen Stil und au\u00dfergew\u00f6hnliche Qualit\u00e4t. Der TK 2000 Aquarienk\u00fchler ist Teil der neuen TECO-Produktlinie TANK und eignet sich f\u00fcr Aquarien mit einem Fassungsverm\u00f6gen von bis zu 2000 Litern. Dieser K\u00fchler wurde komplett neu gestaltet, wodurch er kompakter, 25 % effizienter und insgesamt besser ist als sein Vorg\u00e4nger, der Teclima TR20.<\/p>\n<p><strong>EFFIZIENT K\u00dcHLTECHNOLOGIE<\/strong><\/p>\n<p>TECO-K\u00fchler sind f\u00fcr ihre hohe Leistung bekannt, dank der ausschlie\u00dflichen Verwendung international anerkannter, hochwertiger Kompressoren und patentierter Titan-Austauscher, die hocheffizient sind. Durch die Kombination dieser fortschrittlichen Technologien arbeiten TECO-K\u00fchler leiser und erreichen den h\u00f6chsten COP (Coefficient of Performance), was zu erheblichen Energieeinsparungen f\u00fchrt.<\/p>\n<p><strong>DIGITALTHERMOSTAT<\/strong><\/p>\n<p>TECO-K\u00fchler sind mit einem intuitiven, benutzerfreundlichen digitalen Temperaturregler ausgestattet. Die Temperaturerkennung ist mit einer Aufl\u00f6sung von 0,1 \u00b0C sehr genau. Sie k\u00f6nnen die Temperatur von 0 \u00b0C bis 35 \u00b0C einstellen, und das geschlossene Temperaturkontrollsystem sorgt mit einer geringen Differenz von 0,5 \u00b0C f\u00fcr eine hohe Genauigkeit. Das Display zeigt die Temperatur entweder in \u00b0C oder \u00b0F an, und der Regler verf\u00fcgt \u00fcber Sicherheitsalarme f\u00fcr zus\u00e4tzliche Sicherheit.<\/p>\n<p><strong>EFFIZIENTES DESIGN<\/strong><\/p>\n<p>Dieser Aquarienk\u00fchler verf\u00fcgt \u00fcber ein innovatives Design mit einer robusten Struktur, die speziell f\u00fcr maximalen Rostschutz gebaut wurde. Sein kompaktes und dennoch funktionales Design macht ihn perfekt f\u00fcr enge R\u00e4ume.<\/p>\n<p><strong>EINZIGARTIGE PRODUKTMERKMALE<\/strong><\/p>\n<p>Das innovative TECOair-System erm\u00f6glicht es Ihnen, die Luftauslass\u00f6ffnung in die gew\u00fcnschte Richtung zu lenken, wodurch die Bel\u00fcftung des Kondensators optimiert und die W\u00e4rmeabgabe in Schr\u00e4nken oder M\u00f6beln gesteuert wird.<\/p>\n<p>Der TK 2000-Aquarienk\u00fchler verf\u00fcgt au\u00dferdem \u00fcber einen neuen, vereinfachten Luftfilter, der sich f\u00fcr einen einfachen Zugang an der Vorderseite des Ger\u00e4ts befindet und das vorherige Design ersetzt, bei dem er unten positioniert war. Der Luftfilter ist magnetisch gekoppelt, sodass die Wartung schnell und problemlos erfolgt.<\/p>\n<p>Zu guter Letzt erm\u00f6glichen Ihnen die innovativen Schlauchschellen, die Schl\u00e4uche des K\u00fchlers f\u00fcr Wartungsarbeiten einfach und sicher zu trennen.<\/p>\n<p><strong>TECHNISCHE DATEN<\/strong><\/p>\n<table>\n<tbody>\n<tr>\n<td>Stromversorgung<\/td>\n<td>230 V-50 Hz<\/td>\n<\/tr>\n<tr>\n<td>Verbrauch (K\u00fchlung)<\/td>\n<td>440 W<\/td>\n<\/tr>\n<tr>\n<td>K\u00fchlleistung *<\/td>\n<td>900 W<\/td>\n<\/tr>\n<tr>\n<td>K\u00fchlmittel<\/td>\n<td>R134a<\/td>\n<\/tr>\n<tr>\n<td>COP **<\/td>\n<td>2,2<\/td>\n<\/tr>\n<tr>\n<td>Min. Durchfluss<\/td>\n<td>600 L\/h<\/td>\n<\/tr>\n<tr>\n<td>Maximaler Druck<\/td>\n<td>1 bar<\/td>\n<\/tr>\n<tr>\n<td>Luftstrom<\/td>\n<td>215 m\u00b3\/h<\/td>\n<\/tr>\n<tr>\n<td>Angepasste Aquariengr\u00f6\u00dfe*<\/td>\n<td>bis zu 2000 Liter<\/td>\n<\/tr>\n<tr>\n<td>Abmessungen<\/td>\n<td>310 mm x 310 mm x 500 mm (h)<\/td>\n<\/tr>\n<tr>\n<td>Gewicht<\/td>\n<td>21,4 kg<\/td>\n<\/tr>\n<tr>\n<td>Anschl\u00fcsse<\/td>\n<td>3\/4&#8243;- 16 mm Innenschlauchdurchmesser<\/td>\n<\/tr>\n<\/tbody>\n<\/table>\n<p>* Wassertemperatur 25 \u00b0C \u2013 Raumtemperatur 30 \u00b0C \u2013 Heizlast (Pumpen, Beleuchtung usw.) 0,3 W\/Liter<\/p>\n<p>** Leistungskoeffizient<\/p>\n<p><strong>BITTE BEACHTEN!<\/strong><\/p>\n<p>Die K\u00fchler TECO TK 500, 1000 und 2000 verf\u00fcgen nicht mehr \u00fcber eine Heizfunktion. Beheizte Modelle sind nicht mehr erh\u00e4ltlich. Diese neuen Modelle entsprechen den neuesten CE-Normen und F-Gas-Vorschriften und bieten im Vergleich zu fr\u00fcheren Modellen einen geringeren Energieverbrauch und eine verbesserte K\u00fchlleistung.<\/p>\n","protected":false},"excerpt":{"rendered":"<p>The teco cooler has a heating element as standard and is suitable for aquariums up to 2000 liters of water. <strong>(price is excluding pallet transport, please ask for costs before placing an order. When order is placed without contacting us, the customer accepts that the warranty is voided and we ship with the selected parcel service)<\/strong><\/p>\n","protected":false},"featured_media":77910,"template":"","meta":[],"pwb-brand":[2191],"product_cat":[1487,1467],"product_tag":[],"class_list":{"0":"post-88340","1":"product","2":"type-product","3":"status-publish","4":"has-post-thumbnail","6":"pwb-brand-teco","7":"product_cat-kuehlung","8":"product_cat-temperatur","10":"first","11":"outofstock","12":"taxable","13":"shipping-taxable","14":"purchasable","15":"product-type-simple"},"acf":[],"brands":[{"id":2191,"name":"Teco","slug":"teco"}],"_links":{"self":[{"href":"https:\/\/www.seaflowerstore.com\/de\/wp-json\/wp\/v2\/product\/88340","targetHints":{"allow":["GET"]}}],"collection":[{"href":"https:\/\/www.seaflowerstore.com\/de\/wp-json\/wp\/v2\/product"}],"about":[{"href":"https:\/\/www.seaflowerstore.com\/de\/wp-json\/wp\/v2\/types\/product"}],"wp:featuredmedia":[{"embeddable":true,"href":"https:\/\/www.seaflowerstore.com\/de\/wp-json\/wp\/v2\/media\/77910"}],"wp:attachment":[{"href":"https:\/\/www.seaflowerstore.com\/de\/wp-json\/wp\/v2\/media?parent=88340"}],"wp:term":[{"taxonomy":"pwb-brand","embeddable":true,"href":"https:\/\/www.seaflowerstore.com\/de\/wp-json\/wp\/v2\/pwb-brand?post=88340"},{"taxonomy":"product_cat","embeddable":true,"href":"https:\/\/www.seaflowerstore.com\/de\/wp-json\/wp\/v2\/product_cat?post=88340"},{"taxonomy":"product_tag","embeddable":true,"href":"https:\/\/www.seaflowerstore.com\/de\/wp-json\/wp\/v2\/product_tag?post=88340"}],"curies":[{"name":"wp","href":"https:\/\/api.w.org\/{rel}","templated":true}]}}