{"id":88341,"date":"2014-07-15T09:03:48","date_gmt":"2014-07-15T07:03:48","guid":{"rendered":"https:\/\/www.seaflowerstore.com\/nl\/tk-1000-chiller\/"},"modified":"2024-03-20T16:22:21","modified_gmt":"2024-03-20T15:22:21","slug":"tk-1000-chiller","status":"publish","type":"product","link":"https:\/\/www.seaflowerstore.com\/de\/tk-1000-chiller\/","title":{"rendered":"TK 1000 Chiller"},"content":{"rendered":"<h2>Teco TK 1000 Chiller is suitable for aquariums up to 1000 liters of water<\/h2>\n<p style=\"text-align: justify;\">TECO-K\u00fchler stehen f\u00fcr Spitzentechnologie kombiniert mit italienischem Stil, au\u00dfergew\u00f6hnlicher Qualit\u00e4t und Leistung. Der Aquarienk\u00fchler TK 1000 ist Teil der neuen TANK-Produktlinie von TECO und f\u00fcr Aquarien mit einem Fassungsverm\u00f6gen von bis zu 1000 Litern Wasser konzipiert. Dieser K\u00fchler wurde komplett neu gestaltet, wodurch er kompakter, 15 % effizienter und seinem Vorg\u00e4nger, dem Teclima TR15, \u00fcberlegen ist.<\/p>\n<p><strong>EFFIZIENT K\u00dcHLTECHNOLOGIE<\/strong><\/p>\n<p style=\"text-align: justify;\">TECO-K\u00fchler gew\u00e4hrleisten hohe Leistung durch die ausschlie\u00dfliche Verwendung international anerkannter, hochwertiger Kompressoren und patentierter Titan-Austauscher, die f\u00fcr hohe Effizienz sorgen. Durch die Kombination dieser Technologien arbeiten TECO-K\u00fchler leiser und erreichen einen hohen COP (Coefficient of Performance), was zu erheblichen Energieeinsparungen f\u00fchrt.<\/p>\n<p><strong>DIGITALTHERMOSTAT<\/strong><\/p>\n<p style=\"text-align: justify;\">TECO-K\u00fchler werden mit einem benutzerfreundlichen digitalen Temperaturregler geliefert. Die Temperaturerkennung ist hochpr\u00e4zise und bietet eine Aufl\u00f6sung von 0,1 \u00b0C. Sie k\u00f6nnen die Temperatur von 0 \u00b0C bis 35 \u00b0C einstellen und es verf\u00fcgt \u00fcber ein geschlossenes Temperaturkontrollsystem mit hoher Genauigkeit und einer geringen Differenz von 0,5 \u00b0C. Die Temperatur kann entweder in \u00b0C oder \u00b0F angezeigt werden und der Regler verf\u00fcgt \u00fcber Sicherheitsalarme f\u00fcr zus\u00e4tzliche Sicherheit.<\/p>\n<p><strong>EFFIZIENTES DESIGN<\/strong><\/p>\n<p style=\"text-align: justify;\">Dieser Aquarienk\u00fchler verf\u00fcgt \u00fcber ein innovatives Design mit einem soliden Fundament, das speziell f\u00fcr maximalen Rostschutz entwickelt wurde. Sein kompaktes und dennoch hochfunktionelles Design macht ihn perfekt f\u00fcr enge R\u00e4ume.<\/p>\n<p><strong>EINZIGARTIGE PRODUKTMERKMALE<\/strong><\/p>\n<p style=\"text-align: justify;\">Das innovative TECOair-System erm\u00f6glicht es Ihnen, die Luftauslass\u00f6ffnung in die gew\u00fcnschte Richtung zu drehen, wodurch die Bel\u00fcftung des Kondensators optimiert und die W\u00e4rmeabgabe in Schr\u00e4nken oder M\u00f6beln gesteuert wird.<\/p>\n<p style=\"text-align: justify;\">Zus\u00e4tzlich verf\u00fcgt der TK 1000 Aquarienk\u00fchler \u00fcber einen neuen, vereinfachten Luftfilter. Dieser Filter befindet sich praktischerweise an der Vorderseite des Ger\u00e4ts (im Gegensatz zur Unterseite bei fr\u00fcheren Modellen) und ist magnetisch gekoppelt, um eine schnelle und einfache Wartung zu erm\u00f6glichen.<\/p>\n<p style=\"text-align: justify;\">Und schlie\u00dflich erm\u00f6glichen Ihnen die innovativen Schlauchschellen, die Schl\u00e4uche des K\u00fchlers zu Wartungszwecken einfach und sicher zu trennen.<\/p>\n<p><strong>TECHNISCHE DATEN<\/strong><\/p>\n<table>\n<tbody>\n<tr>\n<td>Stromversorgung<\/td>\n<td>230 V-50 Hz<\/td>\n<\/tr>\n<tr>\n<td>Verbrauch (K\u00fchlung)<\/td>\n<td>315 W<\/td>\n<\/tr>\n<tr>\n<td>K\u00fchlleistung *<\/td>\n<td>630 W<\/td>\n<\/tr>\n<tr>\n<td>K\u00fchlmittel<\/td>\n<td>R134a<\/td>\n<\/tr>\n<tr>\n<td>COP **<\/td>\n<td>2.1<\/td>\n<\/tr>\n<tr>\n<td>Min. Durchfluss<\/td>\n<td>500 L\/h<\/td>\n<\/tr>\n<tr>\n<td>Maximaler Druck<\/td>\n<td>1 bar<\/td>\n<\/tr>\n<tr>\n<td>Luftstrom<\/td>\n<td>160 m\u00b3\/h<\/td>\n<\/tr>\n<tr>\n<td>Eingebaute Aquariengr\u00f6\u00dfe*<\/td>\n<td>bis 1000 Liter<\/td>\n<\/tr>\n<tr>\n<td>Abmessungen<\/td>\n<td>310 mm x 310 mm x 458 mm (h)<\/td>\n<\/tr>\n<tr>\n<td>Gewicht<\/td>\n<td>19,7 kg<\/td>\n<\/tr>\n<tr>\n<td>Anschl\u00fcsse<\/td>\n<td>3\/4&#8243; &#8211; 16mm Schlauchinnendurchmesser<\/td>\n<\/tr>\n<\/tbody>\n<\/table>\n<p>* Wassertemperatur 25 \u00b0C &#8211; Raumtemperatur 30 \u00b0C &#8211; Heizlast (Pumpen, Beleuchtung usw.) 0,3 W\/Liter<\/p>\n<p>** Leistungszahl<\/p>\n<p><strong>BITTE BEACHTEN!<\/strong><\/p>\n<p>Die K\u00fchlboxen TECO TK 1000 und 2000 verf\u00fcgen nicht mehr \u00fcber eine Heizfunktion. Beheizte Modelle sind nicht mehr erh\u00e4ltlich. Diese neuen Typen entsprechen den neuesten Anforderungen der CE-Norm und der F-Gas-Verordnung und bieten im Vergleich zu den Vorg\u00e4ngermodellen einen geringeren Energieverbrauch und eine verbesserte K\u00fchlleistung.<\/p>\n","protected":false},"excerpt":{"rendered":"<p>Teco TK 1000 Chiller is suitable for aquariums up to 1000 liters of water <strong>(price is excluding pallet transport, please ask for costs before placing an order. When order is placed without contacting us, the customer accepts that the warranty is voided and we ship with the selected parcel service)<\/strong><\/p>\n","protected":false},"featured_media":77898,"template":"","meta":[],"pwb-brand":[2191],"product_cat":[1487,1467],"product_tag":[],"class_list":{"0":"post-88341","1":"product","2":"type-product","3":"status-publish","4":"has-post-thumbnail","6":"pwb-brand-teco","7":"product_cat-kuehlung","8":"product_cat-temperatur","10":"first","11":"outofstock","12":"taxable","13":"shipping-taxable","14":"purchasable","15":"product-type-simple"},"acf":[],"brands":[{"id":2191,"name":"Teco","slug":"teco"}],"_links":{"self":[{"href":"https:\/\/www.seaflowerstore.com\/de\/wp-json\/wp\/v2\/product\/88341","targetHints":{"allow":["GET"]}}],"collection":[{"href":"https:\/\/www.seaflowerstore.com\/de\/wp-json\/wp\/v2\/product"}],"about":[{"href":"https:\/\/www.seaflowerstore.com\/de\/wp-json\/wp\/v2\/types\/product"}],"wp:featuredmedia":[{"embeddable":true,"href":"https:\/\/www.seaflowerstore.com\/de\/wp-json\/wp\/v2\/media\/77898"}],"wp:attachment":[{"href":"https:\/\/www.seaflowerstore.com\/de\/wp-json\/wp\/v2\/media?parent=88341"}],"wp:term":[{"taxonomy":"pwb-brand","embeddable":true,"href":"https:\/\/www.seaflowerstore.com\/de\/wp-json\/wp\/v2\/pwb-brand?post=88341"},{"taxonomy":"product_cat","embeddable":true,"href":"https:\/\/www.seaflowerstore.com\/de\/wp-json\/wp\/v2\/product_cat?post=88341"},{"taxonomy":"product_tag","embeddable":true,"href":"https:\/\/www.seaflowerstore.com\/de\/wp-json\/wp\/v2\/product_tag?post=88341"}],"curies":[{"name":"wp","href":"https:\/\/api.w.org\/{rel}","templated":true}]}}