{"id":88343,"date":"2014-07-15T08:56:13","date_gmt":"2014-07-15T06:56:13","guid":{"rendered":"https:\/\/www.seaflowerstore.com\/nl\/teco-tk150-chiller\/"},"modified":"2024-03-20T16:22:20","modified_gmt":"2024-03-20T15:22:20","slug":"teco-tk150-chiller","status":"publish","type":"product","link":"https:\/\/www.seaflowerstore.com\/de\/teco-tk150-chiller\/","title":{"rendered":"Teco TK150 Chiller"},"content":{"rendered":"<h2>Teco TK150 Chiller for an aquarium up to 150 liters<\/h2>\n<p>TECO-K\u00fchler stehen f\u00fcr Spitzentechnologie, italienischen Stil und Fachkompetenz und bieten un\u00fcbertroffene Qualit\u00e4t und Leistung.<\/p>\n<p>Der Aquarienk\u00fchler TK 150 ist Teil der neuen Produktlinie TANK von TECO und f\u00fcr Aquarien mit einem Fassungsverm\u00f6gen von bis zu 150 Litern konzipiert.<\/p>\n<p>Dieser K\u00fchler wurde komplett neu gestaltet und ist im Vergleich zu seinem Vorg\u00e4nger, dem Teclima TR5, kompakter, effizienter und sparsamer.<\/p>\n<p><strong>EFFIZIENTE K\u00dcHLTECHNOLOGIE<\/strong><\/p>\n<p>TECO-K\u00fchler gew\u00e4hrleisten eine hohe Leistung, indem sie ausschlie\u00dflich international anerkannte, hochwertige Kompressoren sowie patentierte Titan-W\u00e4rmetauscher f\u00fcr maximale Effizienz verwenden. Diese Kombination macht TECO-K\u00fchler nicht nur leiser, sondern erreicht auch den h\u00f6chsten COP (Coefficient Of Performance), was zu erheblichen Energieeinsparungen f\u00fchrt.<\/p>\n<p><strong>DIGITALTHERMOSTAT<\/strong><\/p>\n<p>TECO-K\u00fchler werden mit einem benutzerfreundlichen digitalen Temperaturregler geliefert. Die Temperaturerkennung ist mit einer Aufl\u00f6sung von 0,1 \u00b0C sehr genau. Sie k\u00f6nnen die Temperatur von 0 \u00b0C bis 35 \u00b0C einstellen und es verf\u00fcgt \u00fcber ein geschlossenes Temperaturkontrollsystem mit hoher Genauigkeit und einem geringen Unterschied von 0,5 \u00b0C. Die Temperaturanzeige kann zwischen \u00b0C und \u00b0F umschalten und der Controller verf\u00fcgt \u00fcber Sicherheitsalarme f\u00fcr zus\u00e4tzliche Sicherheit.<\/p>\n<p><strong>EFFIZIENTES DESIGN<\/strong><\/p>\n<p>Dieser Aquarienk\u00fchler verf\u00fcgt \u00fcber ein innovatives Design, das sich durch eine robuste Struktur auszeichnet, die maximalen Rostschutz bietet. Sein kompaktes und dennoch funktionales Design macht ihn perfekt f\u00fcr enge R\u00e4ume.<\/p>\n<p><strong>EINZIGARTIGE PRODUKTMERKMALE<\/strong><\/p>\n<p>Das TECObody-Kondensatorsystem markiert einen neuen Meilenstein in der Aquarienk\u00fchltechnologie. Dieser Kondensator ist ein integraler Bestandteil der Struktur und verleiht dem K\u00fchler ein unverwechselbares und originelles Aussehen. Dar\u00fcber hinaus erm\u00f6glicht dieses einzigartige Design den Wegfall des Filters und der damit verbundenen Wartung.<\/p>\n<p><strong>TECHNISCHE DATEN<\/strong><\/p>\n<table>\n<tbody>\n<tr>\n<td>Stromversorgung<\/td>\n<td>230 V-50 Hz<\/td>\n<\/tr>\n<tr>\n<td>Verbrauch (K\u00fchlung)<\/td>\n<td>150 W<\/td>\n<\/tr>\n<tr>\n<td>Verbrauch (Heizung)<\/td>\n<td>&#8211;<\/td>\n<\/tr>\n<tr>\n<td>K\u00fchlleistung *<\/td>\n<td>250 W<\/td>\n<\/tr>\n<tr>\n<td>K\u00fchlmittel<\/td>\n<td>R134a<\/td>\n<\/tr>\n<tr>\n<td>COP **<\/td>\n<td>1,6<\/td>\n<\/tr>\n<tr>\n<td>Minimaler Durchfluss<\/td>\n<td>400 L\/h<\/td>\n<\/tr>\n<tr>\n<td>Maximaler Druck<\/td>\n<td>0,5 bar<\/td>\n<\/tr>\n<tr>\n<td>Angepasste Aquariengr\u00f6\u00dfe*<\/td>\n<td>bis zu 150 Liter<\/td>\n<\/tr>\n<tr>\n<td>Abmessungen<\/td>\n<td>215 mm x 361 mm x 315 mm (h)<\/td>\n<\/tr>\n<tr>\n<td>Gewicht<\/td>\n<td>12,2 kg<\/td>\n<\/tr>\n<tr>\n<td>Anschl\u00fcsse<\/td>\n<td>1\/2&#8243;- 12mm Innenschlauch Durchmesser<\/td>\n<\/tr>\n<\/tbody>\n<\/table>\n<p>* Wassertemperatur 25 \u00b0C &#8211; Raumtemperatur 30 \u00b0C &#8211; Heizlast (Pumpen, Beleuchtung etc.) 0,5 W\/Liter<\/p>\n<p>** Leistungszahl<\/p>\n","protected":false},"excerpt":{"rendered":"<p style=\"text-align: justify\">Teco TK150 Chiller for an aquarium up to 150liters With EU plug, it works just across Europe. <strong>(price is excluding pallet transport, please ask for costs before placing an order. When order is placed without contacting us, the customer accepts that the warranty is voided and we ship with the selected parcel service)<\/strong><\/p>\n","protected":false},"featured_media":77885,"template":"","meta":[],"pwb-brand":[2191],"product_cat":[1487,1467],"product_tag":[],"class_list":{"0":"post-88343","1":"product","2":"type-product","3":"status-publish","4":"has-post-thumbnail","6":"pwb-brand-teco","7":"product_cat-kuehlung","8":"product_cat-temperatur","10":"first","11":"outofstock","12":"taxable","13":"shipping-taxable","14":"purchasable","15":"product-type-simple"},"acf":[],"brands":[{"id":2191,"name":"Teco","slug":"teco"}],"_links":{"self":[{"href":"https:\/\/www.seaflowerstore.com\/de\/wp-json\/wp\/v2\/product\/88343","targetHints":{"allow":["GET"]}}],"collection":[{"href":"https:\/\/www.seaflowerstore.com\/de\/wp-json\/wp\/v2\/product"}],"about":[{"href":"https:\/\/www.seaflowerstore.com\/de\/wp-json\/wp\/v2\/types\/product"}],"wp:featuredmedia":[{"embeddable":true,"href":"https:\/\/www.seaflowerstore.com\/de\/wp-json\/wp\/v2\/media\/77885"}],"wp:attachment":[{"href":"https:\/\/www.seaflowerstore.com\/de\/wp-json\/wp\/v2\/media?parent=88343"}],"wp:term":[{"taxonomy":"pwb-brand","embeddable":true,"href":"https:\/\/www.seaflowerstore.com\/de\/wp-json\/wp\/v2\/pwb-brand?post=88343"},{"taxonomy":"product_cat","embeddable":true,"href":"https:\/\/www.seaflowerstore.com\/de\/wp-json\/wp\/v2\/product_cat?post=88343"},{"taxonomy":"product_tag","embeddable":true,"href":"https:\/\/www.seaflowerstore.com\/de\/wp-json\/wp\/v2\/product_tag?post=88343"}],"curies":[{"name":"wp","href":"https:\/\/api.w.org\/{rel}","templated":true}]}}