{"id":88348,"date":"2014-06-23T11:33:18","date_gmt":"2014-06-23T09:33:18","guid":{"rendered":"https:\/\/www.seaflowerstore.com\/nl\/rowaphos-1000ml\/"},"modified":"2024-03-20T16:22:14","modified_gmt":"2024-03-20T15:22:14","slug":"rowaphos-1000ml","status":"publish","type":"product","link":"https:\/\/www.seaflowerstore.com\/de\/rowaphos-1000ml\/","title":{"rendered":"RowaPhos 1000ml"},"content":{"rendered":"<h2>RowaPhos 1000ml Remove phosphates from your aquarium water<\/h2>\n<p>RowaPhos hilft Ihnen, Phosphate mithilfe von patentiertem, k\u00fcnstlichem Eisenhydroxid effektiv aus Ihrem Aquarium zu entfernen. Die Kontrolle des Phosphatgehalts in einem Riffaquarium ist entscheidend, da diese Verbindungen das Wachstum von l\u00e4stigen Algen f\u00f6rdern k\u00f6nnen. Wenn diese Algen nicht kontrolliert werden, k\u00f6nnen sie \u00fcberhandnehmen und die Sch\u00f6nheit Ihres Aquariums beeintr\u00e4chtigen.<\/p>\n<p>Dar\u00fcber hinaus k\u00f6nnen erh\u00f6hte Phosphatwerte das Korallenwachstum hemmen und sogar ihre F\u00e4rbung beeintr\u00e4chtigen. F\u00fcr eine bl\u00fchende Unterwasserumgebung ist es wichtig, Ihr Aquarium in Topform zu halten.<\/p>\n<p>Durch die Verwendung von RowaPhos unternehmen Sie einen proaktiven Schritt zur Erhaltung eines atemberaubenden und gesunden Aquariums. Genie\u00dfen Sie die Sch\u00f6nheit Ihres Wasserlebens und sorgen Sie gleichzeitig f\u00fcr die besten Bedingungen f\u00fcr Wachstum und Farbe.<\/p>\n","protected":false},"excerpt":{"rendered":"<p>RowaPhos 1000ml Remove phosphates from your aquarium water<\/p>\n","protected":false},"featured_media":77873,"template":"","meta":[],"pwb-brand":[2219],"product_cat":[1453],"product_tag":[],"class_list":{"0":"post-88348","1":"product","2":"type-product","3":"status-publish","4":"has-post-thumbnail","6":"pwb-brand-rowa","7":"product_cat-nitrat-und-phosphatentferner","9":"first","10":"instock","11":"sale","12":"taxable","13":"shipping-taxable","14":"purchasable","15":"product-type-simple"},"acf":[],"brands":[{"id":2219,"name":"Rowa","slug":"rowa"}],"_links":{"self":[{"href":"https:\/\/www.seaflowerstore.com\/de\/wp-json\/wp\/v2\/product\/88348","targetHints":{"allow":["GET"]}}],"collection":[{"href":"https:\/\/www.seaflowerstore.com\/de\/wp-json\/wp\/v2\/product"}],"about":[{"href":"https:\/\/www.seaflowerstore.com\/de\/wp-json\/wp\/v2\/types\/product"}],"wp:featuredmedia":[{"embeddable":true,"href":"https:\/\/www.seaflowerstore.com\/de\/wp-json\/wp\/v2\/media\/77873"}],"wp:attachment":[{"href":"https:\/\/www.seaflowerstore.com\/de\/wp-json\/wp\/v2\/media?parent=88348"}],"wp:term":[{"taxonomy":"pwb-brand","embeddable":true,"href":"https:\/\/www.seaflowerstore.com\/de\/wp-json\/wp\/v2\/pwb-brand?post=88348"},{"taxonomy":"product_cat","embeddable":true,"href":"https:\/\/www.seaflowerstore.com\/de\/wp-json\/wp\/v2\/product_cat?post=88348"},{"taxonomy":"product_tag","embeddable":true,"href":"https:\/\/www.seaflowerstore.com\/de\/wp-json\/wp\/v2\/product_tag?post=88348"}],"curies":[{"name":"wp","href":"https:\/\/api.w.org\/{rel}","templated":true}]}}