{"id":88349,"date":"2014-06-23T11:24:27","date_gmt":"2014-06-23T09:24:27","guid":{"rendered":"https:\/\/www.seaflowerstore.com\/nl\/rowaphos-500ml\/"},"modified":"2025-07-23T10:31:21","modified_gmt":"2025-07-23T08:31:21","slug":"rowaphos-500ml","status":"publish","type":"product","link":"https:\/\/www.seaflowerstore.com\/de\/rowaphos-500ml\/","title":{"rendered":"RowaPhos 500ml"},"content":{"rendered":"<h2>RowaPhos 500ml Remove phosphates from your aquarium<\/h2>\n<p>Halten Sie Ihr Aquarium in Topform, indem Sie Phosphate mit RowaPhos entfernen, das patentiertes, k\u00fcnstliches Eisenhydroxid enth\u00e4lt. Die Kontrolle des Phosphatgehalts in einem Riffaquarium ist entscheidend, da l\u00e4stige Algen von Phosphaten leben. Wenn diese Algen nicht kontrolliert werden, k\u00f6nnen sie sich ausbreiten und die Optik Ihres sch\u00f6nen Aquariums ruinieren.<\/p>\n<p>Dar\u00fcber hinaus k\u00f6nnen erh\u00f6hte Phosphatwerte das Korallenwachstum behindern und sogar ihre F\u00e4rbung beeintr\u00e4chtigen. F\u00fcr das Wohlbefinden Ihrer Wasserumgebung ist es wichtig, ein gesundes Gleichgewicht aufrechtzuerhalten.<\/p>\n","protected":false},"excerpt":{"rendered":"<p>RowaPhos 500ml Remove phosphates from your aquarium<\/p>\n","protected":false},"featured_media":77871,"template":"","meta":[],"pwb-brand":[2219],"product_cat":[1453],"product_tag":[],"class_list":{"0":"post-88349","1":"product","2":"type-product","3":"status-publish","4":"has-post-thumbnail","6":"pwb-brand-rowa","7":"product_cat-nitrat-und-phosphatentferner","9":"first","10":"instock","11":"sale","12":"taxable","13":"shipping-taxable","14":"purchasable","15":"product-type-simple"},"acf":[],"brands":[{"id":2219,"name":"Rowa","slug":"rowa"}],"_links":{"self":[{"href":"https:\/\/www.seaflowerstore.com\/de\/wp-json\/wp\/v2\/product\/88349","targetHints":{"allow":["GET"]}}],"collection":[{"href":"https:\/\/www.seaflowerstore.com\/de\/wp-json\/wp\/v2\/product"}],"about":[{"href":"https:\/\/www.seaflowerstore.com\/de\/wp-json\/wp\/v2\/types\/product"}],"wp:featuredmedia":[{"embeddable":true,"href":"https:\/\/www.seaflowerstore.com\/de\/wp-json\/wp\/v2\/media\/77871"}],"wp:attachment":[{"href":"https:\/\/www.seaflowerstore.com\/de\/wp-json\/wp\/v2\/media?parent=88349"}],"wp:term":[{"taxonomy":"pwb-brand","embeddable":true,"href":"https:\/\/www.seaflowerstore.com\/de\/wp-json\/wp\/v2\/pwb-brand?post=88349"},{"taxonomy":"product_cat","embeddable":true,"href":"https:\/\/www.seaflowerstore.com\/de\/wp-json\/wp\/v2\/product_cat?post=88349"},{"taxonomy":"product_tag","embeddable":true,"href":"https:\/\/www.seaflowerstore.com\/de\/wp-json\/wp\/v2\/product_tag?post=88349"}],"curies":[{"name":"wp","href":"https:\/\/api.w.org\/{rel}","templated":true}]}}