{"id":88350,"date":"2014-06-18T14:00:57","date_gmt":"2014-06-18T12:00:57","guid":{"rendered":"https:\/\/www.seaflowerstore.com\/nl\/rowaphos-250ml\/"},"modified":"2024-03-20T16:22:12","modified_gmt":"2024-03-20T15:22:12","slug":"rowaphos-250ml","status":"publish","type":"product","link":"https:\/\/www.seaflowerstore.com\/de\/rowaphos-250ml\/","title":{"rendered":"RowaPhos 250ml"},"content":{"rendered":"<h2>RowaPhos 250ml Remove phosphates from your aquarium<\/h2>\n<p>Entfernen Sie Phosphate aus Ihrem Aquarium mit dem patentierten, k\u00fcnstlichen Eisenhydroxid von RowaPhos. Die Kontrolle des Phosphatgehalts in einem Riffaquarium ist entscheidend, da l\u00e4stige Algen von Phosphaten leben. Wenn Phosphate nicht unter Kontrolle gehalten werden, k\u00f6nnen diese Algen \u00fcberhandnehmen und die Sch\u00f6nheit Ihres Aquariums ruinieren.<\/p>\n<p>Dar\u00fcber hinaus k\u00f6nnen erh\u00f6hte Phosphatwerte das Korallenwachstum behindern und sogar ihre F\u00e4rbung beeintr\u00e4chtigen. Es ist wichtig, diese Werte zu \u00fcberwachen und zu kontrollieren, um eine bl\u00fchende Wasserumgebung aufrechtzuerhalten.<\/p>\n","protected":false},"excerpt":{"rendered":"<p>RowaPhos 250ml Remove phosphates from your aquarium<\/p>\n","protected":false},"featured_media":77869,"template":"","meta":[],"pwb-brand":[2219],"product_cat":[1453],"product_tag":[],"class_list":{"0":"post-88350","1":"product","2":"type-product","3":"status-publish","4":"has-post-thumbnail","6":"pwb-brand-rowa","7":"product_cat-nitrat-und-phosphatentferner","9":"first","10":"instock","11":"sale","12":"taxable","13":"shipping-taxable","14":"purchasable","15":"product-type-simple"},"acf":[],"brands":[{"id":2219,"name":"Rowa","slug":"rowa"}],"_links":{"self":[{"href":"https:\/\/www.seaflowerstore.com\/de\/wp-json\/wp\/v2\/product\/88350","targetHints":{"allow":["GET"]}}],"collection":[{"href":"https:\/\/www.seaflowerstore.com\/de\/wp-json\/wp\/v2\/product"}],"about":[{"href":"https:\/\/www.seaflowerstore.com\/de\/wp-json\/wp\/v2\/types\/product"}],"wp:featuredmedia":[{"embeddable":true,"href":"https:\/\/www.seaflowerstore.com\/de\/wp-json\/wp\/v2\/media\/77869"}],"wp:attachment":[{"href":"https:\/\/www.seaflowerstore.com\/de\/wp-json\/wp\/v2\/media?parent=88350"}],"wp:term":[{"taxonomy":"pwb-brand","embeddable":true,"href":"https:\/\/www.seaflowerstore.com\/de\/wp-json\/wp\/v2\/pwb-brand?post=88350"},{"taxonomy":"product_cat","embeddable":true,"href":"https:\/\/www.seaflowerstore.com\/de\/wp-json\/wp\/v2\/product_cat?post=88350"},{"taxonomy":"product_tag","embeddable":true,"href":"https:\/\/www.seaflowerstore.com\/de\/wp-json\/wp\/v2\/product_tag?post=88350"}],"curies":[{"name":"wp","href":"https:\/\/api.w.org\/{rel}","templated":true}]}}