{"id":88352,"date":"2014-06-14T14:18:29","date_gmt":"2014-06-14T12:18:29","guid":{"rendered":"https:\/\/www.seaflowerstore.com\/nl\/np-bacto-pellets-1000ml-tropic-marin\/"},"modified":"2024-03-20T16:16:51","modified_gmt":"2024-03-20T15:16:51","slug":"tropic-marin-np-bacto-pellets","status":"publish","type":"product","link":"https:\/\/www.seaflowerstore.com\/de\/tropic-marin-np-bacto-pellets\/","title":{"rendered":"Tropic Marin NP Bacto-Pellets"},"content":{"rendered":"<h2>Tropic Marin NP Bacto-Pellets easy-to-use filter media for the effective removal of nitrate and phosphate<\/h2>\n<p><strong>NP-BACTO-PELLETS<\/strong> ist ein unkompliziertes Filtermedium, das Nitrat und Phosphat effektiv aus Ihrem Aquarium entfernt. Es besteht aus einer Mischung nat\u00fcrlicher Biopolymere, die das Wachstum und die Ansiedlung n\u00fctzlicher Bakterien und anderer aerober Mikroorganismen unterst\u00fctzen, die diese N\u00e4hrstoffe entfernen.<\/p>\n<p>Diese wertvolle Biomasse dient als Nahrungsquelle f\u00fcr Filtrierer oder kann bei Bedarf abgesch\u00f6pft werden. Um NP-BACTO-PELLETS zu verwenden, geben Sie sie in einen Pelletreaktor oder einen Verfl\u00fcssigungsreaktor, der eine ordnungsgem\u00e4\u00dfe Zirkulation der Pellets gew\u00e4hrleistet. F\u00fcr eine optimale N\u00e4hrstoffentfernung und einen optimalen Gasaustausch ist es ratsam, in Meerwasseraquarien einen Eiwei\u00dfabsch\u00e4umer zu verwenden.<\/p>\n<p>Weichen Sie die NP-BACTO-PELLETS vor der Verwendung zwei Stunden lang ein. Beginnen Sie mit <strong>50 ml<\/strong> NP-BACTO-PELLETS pro <strong>100 Liter \/ 25 US-Gallonen<\/strong> Aquarienwasser. Bei Bedarf k\u00f6nnen Sie die Menge nach vier Wochen verdoppeln, denken Sie jedoch daran, <strong>200 ml<\/strong> NP-BACTO-PELLETS pro <strong>100 Liter \/ 25 US-Gallonen<\/strong> Wasser nicht zu \u00fcberschreiten.<\/p>\n<p>Um die Wirksamkeit aufrechtzuerhalten, empfehlen wir, die NP-BACTO-PELLETS jeden Monat aufzuf\u00fcllen, um zersetztes Material zu ersetzen. F\u00fcr eine effiziente N\u00e4hrstoffzersetzung positionieren Sie den Auslass des Pelletreaktorsystems in der N\u00e4he des Einlasses des Absch\u00e4umers.<\/p>\n","protected":false},"excerpt":{"rendered":"<p>Tropic Marin NP Bacto-Pellets easy-to-use filter media for the effective removal of nitrate and phosphate<\/p>\n","protected":false},"featured_media":84545,"template":"","meta":[],"pwb-brand":[2151],"product_cat":[1572,1493],"product_tag":[],"class_list":{"0":"post-88352","1":"product","2":"type-product","3":"status-publish","4":"has-post-thumbnail","6":"pwb-brand-tropic-marin","7":"product_cat-biopellets-de","8":"product_cat-vulling-de","9":"pa_inhoud-1000-ml-de","10":"pa_inhoud-5-l-de","11":"pa_inhoud-500-ml-de","13":"first","14":"instock","15":"taxable","16":"shipping-taxable","17":"purchasable","18":"product-type-variable"},"acf":[],"brands":[{"id":2151,"name":"Tropic Marin","slug":"tropic-marin"}],"_links":{"self":[{"href":"https:\/\/www.seaflowerstore.com\/de\/wp-json\/wp\/v2\/product\/88352","targetHints":{"allow":["GET"]}}],"collection":[{"href":"https:\/\/www.seaflowerstore.com\/de\/wp-json\/wp\/v2\/product"}],"about":[{"href":"https:\/\/www.seaflowerstore.com\/de\/wp-json\/wp\/v2\/types\/product"}],"wp:featuredmedia":[{"embeddable":true,"href":"https:\/\/www.seaflowerstore.com\/de\/wp-json\/wp\/v2\/media\/84545"}],"wp:attachment":[{"href":"https:\/\/www.seaflowerstore.com\/de\/wp-json\/wp\/v2\/media?parent=88352"}],"wp:term":[{"taxonomy":"pwb-brand","embeddable":true,"href":"https:\/\/www.seaflowerstore.com\/de\/wp-json\/wp\/v2\/pwb-brand?post=88352"},{"taxonomy":"product_cat","embeddable":true,"href":"https:\/\/www.seaflowerstore.com\/de\/wp-json\/wp\/v2\/product_cat?post=88352"},{"taxonomy":"product_tag","embeddable":true,"href":"https:\/\/www.seaflowerstore.com\/de\/wp-json\/wp\/v2\/product_tag?post=88352"}],"curies":[{"name":"wp","href":"https:\/\/api.w.org\/{rel}","templated":true}]}}