{"id":88356,"date":"2014-06-14T14:18:29","date_gmt":"2014-06-14T12:18:29","guid":{"rendered":"https:\/\/www.seaflowerstore.com\/nl\/tropic-marin-np-bacto-balance\/"},"modified":"2024-03-20T16:35:06","modified_gmt":"2024-03-20T15:35:06","slug":"tropic-marin-np-bacto-balance","status":"publish","type":"product","link":"https:\/\/www.seaflowerstore.com\/de\/tropic-marin-np-bacto-balance\/","title":{"rendered":"Tropic Marin NP Bacto-Balance"},"content":{"rendered":"<h2>Tropic Marin NP Bacto-Balance to promote the incorporation of nitrate and phosphate in supplementary biomass<\/h2>\n<p><strong>Mischung ausgew\u00e4hlter organischer Verbindungen zur F\u00f6rderung der Aufnahme von Nitrat und Phosphat in zus\u00e4tzliche Biomasse.<\/strong> Das N\u00e4hrstoffverh\u00e4ltnis ist genau richtig f\u00fcr Korallen, Schw\u00e4mme und andere Wirbellose, die in Riffaquarien leben. Dies ist besonders wichtig, wenn Nitrate und Phosphate auf m\u00f6glichst niedrigem Niveau gehalten und gleichzeitig ein gutes Gleichgewicht zwischen diesen essentiellen N\u00e4hrstoffen sichergestellt werden soll.<\/p>\n<p>Mit seiner ausgewogenen Mischung sorgf\u00e4ltig ausgew\u00e4hlter organischer und anorganischer N\u00e4hrstoffe tr\u00e4gt NP-BACTO-BALANCE dazu bei, die Aufnahme von Nitraten und Phosphaten in zus\u00e4tzliche Biomasse zu erh\u00f6hen. Dieser Prozess reduziert die Konzentrationen von Nitraten und Phosphaten im Wasser und verbessert gleichzeitig die F\u00e4rbung und das Wachstum von Korallen, Schw\u00e4mmen und anderen Filtrierern. Dadurch wird einem m\u00f6glichen Mangel an diesen N\u00e4hrstoffen in Ihrem Aquarium vorgebeugt und das Gesamtgleichgewicht der Verbindungen verbessert.<\/p>\n<p><strong>Vorteile:<\/strong><\/p>\n<ul>\n<li>F\u00f6rdert die Aufnahme von Nitrat und Phosphat in zus\u00e4tzliche Biomasse<\/li>\n<li>Reduziert den Nitrat- und Phosphatgehalt im Wasser<\/li>\n<li>Verbessert die F\u00e4rbung und das Wachstum von Korallen, Schw\u00e4mmen und anderen Filtrierern<\/li>\n<li>Verhindert N\u00e4hrstoffmangel<\/li>\n<li>Schafft ein optimales Nitrat-Phosphat-Gleichgewicht<\/li>\n<li>Geeignet f\u00fcr Aquarien jeden Alters<\/li>\n<li>Ausgereifte Becken k\u00f6nnen eine deutliche Revitalisierung erfahren und neue Vitalit\u00e4t gewinnen<\/li>\n<li>Einfach zu verwenden \u2013 sowohl f\u00fcr manuelle Dosierung als auch f\u00fcr Dosierpumpen geeignet<\/li>\n<\/ul>\n<p><strong>So verwenden Sie NP Bacto-Balance:<\/strong><\/p>\n<p>Die Dosierung variiert je nach Alter Ihres Aquariums:<\/p>\n<ul>\n<li>Bei neuen und jungen Aquarien (0-1 Jahr alt) sollten Sie 0,25 ml pro 100 l \/ 25 US-Gallonen Aquarieninhalt t\u00e4glich nicht \u00fcberschreiten.<\/li>\n<li>Bei mittelalten Aquarien (1-2 Jahre alt) k\u00f6nnen Sie bis zu 0,5 ml pro 100 l \/ 25 US-Gallonen t\u00e4glich dosieren.<\/li>\n<li>Ausgereifte Aquarien (> 2 Jahre alt) k\u00f6nnen t\u00e4glich zwischen 0,5 und 1 ml pro 100 l \/ 25 US-Gallonen Aquarienwasser erhalten. Bitte achten Sie darauf, dass Sie die Grenze von 1 ml pro 100 l auf keinen Fall \u00fcberschreiten.<\/li>\n<\/ul>\n<p>Um die Wirkung von NP-BACTO-BALANCE zu verst\u00e4rken, k\u00f6nnen Sie die Dosierung alle zwei Wochen um 0,25 ml pro 100 Liter Aquarienwasser t\u00e4glich erh\u00f6hen, \u00fcberschreiten Sie jedoch auch hier nicht die maximale Tagesdosierung von 1 ml pro 100 l Systemwasser.<\/p>\n<p>F\u00fcr optimale Ergebnisse geben Sie Tropic Marin NP-BACTO-BALANCE zu Beginn des Beleuchtungszyklus in einen Bereich mit hoher Wasserstr\u00f6mung des Beckens.<\/p>\n<p><strong>Achtung:<\/strong> Bitte achten Sie darauf, dass Sie die Dosierung von 1 ml pro 100 l Aquarienwasser nicht \u00fcberschreiten. Sollten Sie nach einer Erh\u00f6hung der NP-BACTO-BALANCE-Dosierung eine Tr\u00fcbung im Becken feststellen, reduzieren Sie diese wieder auf die vorherige Dosierung.<\/p>\n<p>K\u00fchl und dunkel lagern.<\/p>\n","protected":false},"excerpt":{"rendered":"<p>Tropic Marin NP Bacto-Balance to promote the incorporation of nitrate and phosphate in supplementary biomass<\/p>\n","protected":false},"featured_media":83530,"template":"","meta":[],"pwb-brand":[2151],"product_cat":[1453],"product_tag":[],"class_list":{"0":"post-88356","1":"product","2":"type-product","3":"status-publish","4":"has-post-thumbnail","6":"pwb-brand-tropic-marin","7":"product_cat-nitrat-und-phosphatentferner","8":"pa_inhoud-1000-ml-de","9":"pa_inhoud-200-ml-de","10":"pa_inhoud-500-ml-de","12":"first","13":"instock","14":"taxable","15":"shipping-taxable","16":"purchasable","17":"product-type-variable"},"acf":[],"brands":[{"id":2151,"name":"Tropic Marin","slug":"tropic-marin"}],"_links":{"self":[{"href":"https:\/\/www.seaflowerstore.com\/de\/wp-json\/wp\/v2\/product\/88356","targetHints":{"allow":["GET"]}}],"collection":[{"href":"https:\/\/www.seaflowerstore.com\/de\/wp-json\/wp\/v2\/product"}],"about":[{"href":"https:\/\/www.seaflowerstore.com\/de\/wp-json\/wp\/v2\/types\/product"}],"wp:featuredmedia":[{"embeddable":true,"href":"https:\/\/www.seaflowerstore.com\/de\/wp-json\/wp\/v2\/media\/83530"}],"wp:attachment":[{"href":"https:\/\/www.seaflowerstore.com\/de\/wp-json\/wp\/v2\/media?parent=88356"}],"wp:term":[{"taxonomy":"pwb-brand","embeddable":true,"href":"https:\/\/www.seaflowerstore.com\/de\/wp-json\/wp\/v2\/pwb-brand?post=88356"},{"taxonomy":"product_cat","embeddable":true,"href":"https:\/\/www.seaflowerstore.com\/de\/wp-json\/wp\/v2\/product_cat?post=88356"},{"taxonomy":"product_tag","embeddable":true,"href":"https:\/\/www.seaflowerstore.com\/de\/wp-json\/wp\/v2\/product_tag?post=88356"}],"curies":[{"name":"wp","href":"https:\/\/api.w.org\/{rel}","templated":true}]}}